{"id":647,"date":"2023-07-31T16:16:07","date_gmt":"2023-07-31T21:16:07","guid":{"rendered":"http:\/\/institutolosandes.edu.ec\/?page_id=647"},"modified":"2024-07-29T11:42:09","modified_gmt":"2024-07-29T16:42:09","slug":"vision","status":"publish","type":"page","link":"https:\/\/institutolosandes.edu.ec\/index.php\/vision\/","title":{"rendered":"Vision"},"content":{"rendered":"\n<div class=\"wp-block-media-text alignwide has-media-on-the-right is-stacked-on-mobile is-image-fill has-ast-global-color-6-background-color has-background\" style=\"grid-template-columns:auto 42%\"><div class=\"wp-block-media-text__content\">\n<h2 class=\"wp-block-heading has-ast-global-color-0-color has-text-color has-link-color wp-elements-934adc1ad6409c5390351cba0cb2fed9\">Visi\u00f3n<\/h2>\n\n\n\n<p style=\"font-size:15px\">Ser uno de los institutos tecnol\u00f3gicos de educaci\u00f3n superior del Ecuador, reconocido internacionalmente para el a\u00f1o 2025 y l\u00edder en educaci\u00f3n en l\u00ednea contribuyendo al crecimiento econ\u00f3mico del pa\u00eds como al campo de cobertura estudiantil. <\/p>\n<\/div><figure class=\"wp-block-media-text__media\" style=\"background-image:url(http:\/\/institutolosandes.edu.ec\/wp-content\/uploads\/2023\/09\/vision.jpg);background-position:50% 50%\"><img loading=\"lazy\" decoding=\"async\" width=\"6000\" height=\"4000\" src=\"http:\/\/institutolosandes.edu.ec\/wp-content\/uploads\/2023\/09\/vision.jpg\" alt=\"\" class=\"wp-image-2575 size-full\"\/><\/figure><\/div>\n\n\n\n<p><\/p>\n\n\n\n<p><\/p>\n","protected":false},"excerpt":{"rendered":"<p>Visi\u00f3n Ser uno de los institutos tecnol\u00f3gicos de educaci\u00f3n superior del Ecuador, reconocido internacionalmente para el a\u00f1o 2025 y l\u00edder en educaci\u00f3n en l\u00ednea contribuyendo al crecimiento econ\u00f3mico del pa\u00eds como al campo de cobertura estudiantil.<\/p>\n","protected":false},"author":1,"featured_media":0,"parent":0,"menu_order":0,"comment_status":"closed","ping_status":"closed","template":"","meta":{"site-sidebar-layout":"no-sidebar","site-content-layout":"plain-container","ast-global-header-display":"","ast-banner-title-visibility":"disabled","ast-main-header-display":"","ast-hfb-above-header-display":"","ast-hfb-below-header-display":"","ast-hfb-mobile-header-display":"","site-post-title":"disabled","ast-breadcrumbs-content":"","ast-featured-img":"","footer-sml-layout":"","theme-transparent-header-meta":"","adv-header-id-meta":"","stick-header-meta":"","header-above-stick-meta":"","header-main-stick-meta":"","header-below-stick-meta":"","footnotes":""},"class_list":["post-647","page","type-page","status-publish","hentry"],"_links":{"self":[{"href":"https:\/\/institutolosandes.edu.ec\/index.php\/wp-json\/wp\/v2\/pages\/647","targetHints":{"allow":["GET"]}}],"collection":[{"href":"https:\/\/institutolosandes.edu.ec\/index.php\/wp-json\/wp\/v2\/pages"}],"about":[{"href":"https:\/\/institutolosandes.edu.ec\/index.php\/wp-json\/wp\/v2\/types\/page"}],"author":[{"embeddable":true,"href":"https:\/\/institutolosandes.edu.ec\/index.php\/wp-json\/wp\/v2\/users\/1"}],"replies":[{"embeddable":true,"href":"https:\/\/institutolosandes.edu.ec\/index.php\/wp-json\/wp\/v2\/comments?post=647"}],"version-history":[{"count":6,"href":"https:\/\/institutolosandes.edu.ec\/index.php\/wp-json\/wp\/v2\/pages\/647\/revisions"}],"predecessor-version":[{"id":3124,"href":"https:\/\/institutolosandes.edu.ec\/index.php\/wp-json\/wp\/v2\/pages\/647\/revisions\/3124"}],"wp:attachment":[{"href":"https:\/\/institutolosandes.edu.ec\/index.php\/wp-json\/wp\/v2\/media?parent=647"}],"curies":[{"name":"wp","href":"https:\/\/api.w.org\/{rel}","templated":true}]}}