{"id":540,"date":"2023-07-30T17:42:39","date_gmt":"2023-07-30T22:42:39","guid":{"rendered":"http:\/\/institutolosandes.edu.ec\/?page_id=540"},"modified":"2025-10-27T16:25:24","modified_gmt":"2025-10-27T21:25:24","slug":"desarrollo-de-software","status":"publish","type":"page","link":"https:\/\/institutolosandes.edu.ec\/index.php\/desarrollo-de-software\/","title":{"rendered":"Desarrollo de Software"},"content":{"rendered":"\n<div class=\"wp-block-columns alignwide are-vertically-aligned-top has-medium-font-size is-layout-flex wp-container-core-columns-is-layout-84ff12d0 wp-block-columns-is-layout-flex\" style=\"padding-top:2rem;padding-right:0rem;padding-bottom:0rem;padding-left:0rem\">\n<div class=\"wp-block-column is-vertically-aligned-top is-layout-flow wp-block-column-is-layout-flow\">\n<div class=\"wp-block-columns is-layout-flex wp-container-core-columns-is-layout-28f84493 wp-block-columns-is-layout-flex\">\n<div class=\"wp-block-column is-layout-flow wp-block-column-is-layout-flow\" style=\"flex-basis:33.33%\">\n<figure class=\"wp-block-image alignright size-full is-resized wp-duotone-rgba000058-rgb254253253-1\"><img loading=\"lazy\" decoding=\"async\" width=\"3076\" height=\"2770\" src=\"http:\/\/institutolosandes.edu.ec\/wp-content\/uploads\/2023\/07\/DIPLOMA.png\" alt=\"\" class=\"wp-image-499\" style=\"width:109px;height:98px\"\/><\/figure>\n<\/div>\n\n\n\n<div class=\"wp-block-column is-layout-flow wp-block-column-is-layout-flow\" style=\"flex-basis:66.66%\">\n<h3 class=\"wp-block-heading\">T\u00edtulo a Obtener: <\/h3>\n\n\n\n<p><strong>Tecn\u00f3logo\/a Superior en Desarrollo de Software<\/strong><\/p>\n<\/div>\n<\/div>\n<\/div>\n\n\n\n<div class=\"wp-block-column is-vertically-aligned-top is-layout-flow wp-block-column-is-layout-flow\">\n<div class=\"wp-block-columns is-layout-flex wp-container-core-columns-is-layout-28f84493 wp-block-columns-is-layout-flex\">\n<div class=\"wp-block-column is-layout-flow wp-block-column-is-layout-flow\" style=\"flex-basis:33.33%\">\n<figure class=\"wp-block-image alignright size-full is-resized wp-duotone-rgba515151044-ccc-2\"><img loading=\"lazy\" decoding=\"async\" width=\"3143\" height=\"2312\" src=\"http:\/\/institutolosandes.edu.ec\/wp-content\/uploads\/2023\/07\/COMPU.png\" alt=\"\" class=\"wp-image-596\" style=\"width:undefinedpx;height:90px\"\/><\/figure>\n<\/div>\n\n\n\n<div class=\"wp-block-column is-layout-flow wp-block-column-is-layout-flow\" style=\"flex-basis:66.66%\">\n<h3 class=\"wp-block-heading\">Modalidad: <\/h3>\n\n\n\n<p><strong>Presencial \/ En L\u00ednea<\/strong><\/p>\n<\/div>\n<\/div>\n<\/div>\n\n\n\n<div class=\"wp-block-column is-vertically-aligned-top is-layout-flow wp-block-column-is-layout-flow\">\n<div class=\"wp-block-columns is-layout-flex wp-container-core-columns-is-layout-28f84493 wp-block-columns-is-layout-flex\">\n<div class=\"wp-block-column is-layout-flow wp-block-column-is-layout-flow\" style=\"flex-basis:33.33%\">\n<figure class=\"wp-block-image alignright size-full is-resized wp-duotone-rgba515151044-ccc-3\"><img loading=\"lazy\" decoding=\"async\" width=\"1690\" height=\"2548\" src=\"http:\/\/institutolosandes.edu.ec\/wp-content\/uploads\/2023\/07\/RELOJ.png\" alt=\"\" class=\"wp-image-595\" style=\"width:70px;height:106px\"\/><\/figure>\n<\/div>\n\n\n\n<div class=\"wp-block-column is-layout-flow wp-block-column-is-layout-flow\" style=\"flex-basis:66.66%\">\n<h3 class=\"wp-block-heading\">Duraci\u00f3n: <\/h3>\n\n\n\n<p><strong>2 a\u00f1os y medio<\/strong><\/p>\n<\/div>\n<\/div>\n<\/div>\n<\/div>\n\n\n\n<div class=\"wp-block-columns alignwide is-layout-flex wp-container-core-columns-is-layout-0d407f27 wp-block-columns-is-layout-flex\" style=\"padding-top:0;padding-bottom:40px\">\n<div class=\"wp-block-column is-layout-flow wp-block-column-is-layout-flow\">\n<div class=\"wp-block-media-text has-media-on-the-right is-stacked-on-mobile\" style=\"padding-top:0;padding-bottom:0\"><div class=\"wp-block-media-text__content\">\n<h3 class=\"wp-block-heading has-text-color has-link-color wp-elements-01d01f9fce38cf99b757c54b55dfc875\" style=\"color:#2d8e00\"><strong>Descripci\u00f3n<\/strong><\/h3>\n\n\n\n<p style=\"font-size:15px\">La Carrera de Desarrollo de Software es una formaci\u00f3n especializada que prepara a los estudiantes para convertirse en expertos en el dise\u00f1o, programaci\u00f3n y mantenimiento de aplicaciones inform\u00e1ticas. Durante el programa acad\u00e9mico, los estudiantes adquieren habilidades en lenguajes de programaci\u00f3n, bases de datos, ingenier\u00eda de software y gesti\u00f3n de proyectos. Esta carrera ofrece la oportunidad de crear soluciones tecnol\u00f3gicas innovadoras para diversos sectores, como la industria, el comercio electr\u00f3nico, la salud, la educaci\u00f3n y m\u00e1s. Los graduados se convierten en profesionales altamente demandados, capaces de desarrollar software de calidad que responde a las necesidades y desaf\u00edos de la sociedad digital actual.<\/p>\n\n\n\n<p style=\"font-size:15px\">Correo de Secretaria: secretaria@institutolosandes.edu.ec<\/p>\n<\/div><figure class=\"wp-block-media-text__media\"><img loading=\"lazy\" decoding=\"async\" width=\"7952\" height=\"5304\" src=\"http:\/\/institutolosandes.edu.ec\/wp-content\/uploads\/2023\/07\/Desarrollo-de-software.jpg\" alt=\"\" class=\"wp-image-541 size-full\"\/><\/figure><\/div>\n<\/div>\n<\/div>\n\n\n\n<div class=\"wp-block-columns alignwide is-layout-flex wp-container-core-columns-is-layout-0d407f27 wp-block-columns-is-layout-flex\" style=\"padding-top:0;padding-bottom:40px\">\n<div class=\"wp-block-column is-layout-flow wp-block-column-is-layout-flow\">\n<h3 class=\"wp-block-heading has-text-color has-link-color wp-elements-7e366e74e4218e276ece16d6c0921513\" style=\"color:#2d8e00\"><strong>PERFIL DE INGRESO<\/strong><\/h3>\n\n\n\n<ul class=\"wp-block-list\">\n<li><\/li>\n<\/ul>\n\n\n\n<ul style=\"color:#00008c;background-color:#faf7ff7d\" class=\"wp-block-list has-text-color has-background\">\n<li style=\"font-size:15px\">Poseer gusto por las matem\u00e1ticas y el razonamiento l\u00f3gico.<\/li>\n\n\n\n<li style=\"font-size:15px\">Ser pacientes y buen manejo de inteligencia emocional.<\/li>\n\n\n\n<li style=\"font-size:15px\">Trabajo en equipo.<\/li>\n\n\n\n<li style=\"font-size:15px\">Capacidad de liderazgo.<\/li>\n\n\n\n<li style=\"font-size:15px\">Habilidades para buscar, procesar y analizar informaci\u00f3n procedente de fuentes diversas.<\/li>\n\n\n\n<li style=\"font-size:15px\">Capacidad de comunicaci\u00f3n oral y escrita.<\/li>\n\n\n\n<li style=\"font-size:15px\">Capacidad para crear e innovar.<\/li>\n<\/ul>\n<\/div>\n\n\n\n<div class=\"wp-block-column is-layout-flow wp-block-column-is-layout-flow\">\n<h3 class=\"wp-block-heading has-text-color has-link-color wp-elements-ed43fb9b99d3339b7925f32c5356ec7b\" style=\"color:#2d8e00\"><strong>CAMPO OCUPACIONAL<\/strong><\/h3>\n\n\n\n<ul class=\"wp-block-list\">\n<li style=\"font-size:15px\">Examinar procesos, capturar datos y generar resultados.<\/li>\n\n\n\n<li style=\"font-size:15px\">Analizar, dise\u00f1ar, programar e implementar sistemas automatizados.<\/li>\n\n\n\n<li style=\"font-size:15px\">Administrar los recursos tecnol\u00f3gicos a nivel de hardware y software existentes.<\/li>\n\n\n\n<li style=\"font-size:15px\">Instalar y mantener centros de c\u00f3mputo.<\/li>\n\n\n\n<li style=\"font-size:15px\">Dar mantenimiento a equipos de computaci\u00f3n en el \u00e1rea de desarrollo de software<\/li>\n<\/ul>\n<\/div>\n<\/div>\n\n\n\n<div class=\"wp-block-media-text alignwide is-stacked-on-mobile\" style=\"margin-right:var(--wp--preset--spacing--30);margin-left:var(--wp--preset--spacing--30);padding-top:0;padding-bottom:40px\"><figure class=\"wp-block-media-text__media\"><img loading=\"lazy\" decoding=\"async\" width=\"1896\" height=\"1265\" src=\"http:\/\/institutolosandes.edu.ec\/wp-content\/uploads\/2023\/07\/Desarrollo-de-software-3.jpg\" alt=\"\" class=\"wp-image-619 size-full\"\/><\/figure><div class=\"wp-block-media-text__content\">\n<h3 class=\"wp-block-heading has-text-color has-link-color wp-elements-92a1f83ccc26131d65aec14dd4723412\" style=\"color:#2d8e00\"><strong>PERFIL DE EGRESO<\/strong><\/h3>\n\n\n\n<ul style=\"color:#00008c;background-color:#faf7ff7d\" class=\"wp-block-list has-text-color has-background\">\n<li style=\"font-size:15px\">Dise\u00f1ar sistemas y aplicaciones software en funci\u00f3n de requerimientos estrat\u00e9gicos Seleccionar las tecnolog\u00edas de hardware, software y<br>comunicaci\u00f3n m\u00e1s adecuadas.<\/li>\n\n\n\n<li style=\"font-size:15px\">Conocer y dise\u00f1ar proyectos multimedia para la soluci\u00f3n de problemas de aprendizajes.<\/li>\n\n\n\n<li style=\"font-size:15px\">Implementar y usar software y tecnolog\u00eda, preservando el medio ambiente.<\/li>\n\n\n\n<li style=\"font-size:15px\">Desarrollar y administrar sistemas inform\u00e1ticos, equipos t\u00e9cnicos relacionados con su profesi\u00f3n.<\/li>\n\n\n\n<li style=\"font-size:15px\">Analizar y dise\u00f1ar sistemas en base a la problem\u00e1tica de la empresa.<\/li>\n<\/ul>\n<\/div><\/div>\n\n\n\n<div class=\"wp-block-media-text alignwide has-media-on-the-right is-stacked-on-mobile\" style=\"margin-right:var(--wp--preset--spacing--30);margin-left:var(--wp--preset--spacing--30);padding-top:0px;padding-bottom:40px;padding-left:var(--wp--preset--spacing--20)\"><div class=\"wp-block-media-text__content\">\n<h3 class=\"wp-block-heading has-text-color has-link-color wp-elements-d55736924be1b8c7283ccfcb5f21db3a\" style=\"color:#2d8e00\"><strong>L\u00cdNEAS DE INVESTIGACI\u00d3N<\/strong><\/h3>\n\n\n\n<ul class=\"wp-block-list\">\n<li style=\"font-size:15px\">Optimizaci\u00f3n de Algoritmos para Aplicaciones M\u00f3viles en Dispositivos con\u00a0 Recursos Limitados\u00a0 \n<ul class=\"wp-block-list\">\n<li style=\"font-size:15px\">Dise\u00f1o de algoritmos eficientes para reducir el consumo de memoria y energ\u00eda en dispositivos m\u00f3viles.\u00a0 <\/li>\n\n\n\n<li style=\"font-size:15px\">Evaluaci\u00f3n de frameworks ligeros para el desarrollo de aplicaciones m\u00f3viles.\u00a0 <\/li>\n\n\n\n<li style=\"font-size:15px\">Comparaci\u00f3n entre lenguajes de programaci\u00f3n en t\u00e9rminos de eficiencia y rendimiento en dispositivos de baja gama.\u00a0 <\/li>\n\n\n\n<li style=\"font-size:15px\">T\u00e9cnicas de compresi\u00f3n y optimizaci\u00f3n de c\u00f3digo para mejorar la velocidad de\u00a0 ejecuci\u00f3n de aplicaciones.\u00a0 <\/li>\n<\/ul>\n<\/li>\n\n\n\n<li style=\"font-size:15px\">Evaluaci\u00f3n de Metodolog\u00edas \u00c1giles en el Desarrollo de Software\u00a0 \n<ul class=\"wp-block-list\">\n<li style=\"font-size:15px\">Comparaci\u00f3n de metodolog\u00edas \u00e1giles como Scrum, Kanban y Extreme Programming en proyectos de software.\u00a0 <\/li>\n\n\n\n<li style=\"font-size:15px\">Impacto de la implementaci\u00f3n de metodolog\u00edas \u00e1giles en la calidad del producto\u00a0 final.\u00a0<\/li>\n\n\n\n<li style=\"font-size:15px\"> Evaluaci\u00f3n de herramientas de gesti\u00f3n de proyectos \u00e1giles y su efectividad en\u00a0 equipos de desarrollo.\u00a0 <\/li>\n\n\n\n<li style=\"font-size:15px\">An\u00e1lisis de los retos y beneficios de la cultura \u00e1gil en el desarrollo de software en\u00a0 Ecuador.\u00a0 <\/li>\n<\/ul>\n<\/li>\n\n\n\n<li style=\"font-size:15px\">Seguridad Inform\u00e1tica en el Desarrollo de Software\u00a0 Identificaci\u00f3n y mitigaci\u00f3n de vulnerabilidades en aplicaciones web y m\u00f3viles.\u00a0 \n<ul class=\"wp-block-list\">\n<li style=\"font-size:15px\">Desarrollo de protocolos de seguridad en el ciclo de vida del software (Secure\u00a0 SDLC).\u00a0 <\/li>\n\n\n\n<li style=\"font-size:15px\">Implementaci\u00f3n de t\u00e9cnicas de encriptaci\u00f3n y autenticaci\u00f3n para proteger\u00a0 aplicaciones contra ciberataques.\u00a0 <\/li>\n\n\n\n<li style=\"font-size:15px\">Evaluaci\u00f3n de est\u00e1ndares de seguridad como OWASP y su aplicaci\u00f3n en el\u00a0 desarrollo de software.\u00a0 <\/li>\n<\/ul>\n<\/li>\n\n\n\n<li style=\"font-size:15px\">Integraci\u00f3n de Inteligencia Artificial y Blockchain en el Desarrollo de Software\u00a0 \n<ul class=\"wp-block-list\">\n<li style=\"font-size:15px\">Aplicaciones de inteligencia artificial para la optimizaci\u00f3n de c\u00f3digo y detecci\u00f3n\u00a0 de errores en software.\u00a0 <\/li>\n\n\n\n<li style=\"font-size:15px\">Uso de blockchain en la seguridad y transparencia de transacciones en\u00a0 aplicaciones digitales.\u00a0 <\/li>\n\n\n\n<li style=\"font-size:15px\">Desarrollo de contratos inteligentes y aplicaciones descentralizadas (DApps).\u00a0 <\/li>\n\n\n\n<li style=\"font-size:15px\">Evaluaci\u00f3n de la adopci\u00f3n de tecnolog\u00edas emergentes en la industria del software\u00a0 en Ecuador.\u00a0<\/li>\n<\/ul>\n<\/li>\n<\/ul>\n\n\n\n<p><\/p>\n\n\n\n<p><\/p>\n<\/div><figure class=\"wp-block-media-text__media\"><img loading=\"lazy\" decoding=\"async\" width=\"6720\" height=\"4480\" src=\"http:\/\/institutolosandes.edu.ec\/wp-content\/uploads\/2023\/07\/Desarrollo-de-software-2.jpg\" alt=\"\" class=\"wp-image-617 size-full\"\/><\/figure><\/div>\n\n\n\n<div class=\"inherit-container-width wp-block-group is-layout-constrained wp-block-group-is-layout-constrained\" style=\"padding-top:0;padding-bottom:0\">\n<!DOCTYPE html>\n<html>\n<head>\n    <title>Bot\u00f3n de Despliegue de Imagen<\/title>\n    <style>\n        \/* Estilos para el bot\u00f3n *\/\n        .botonDespliegue {\n background-color: #00008c;\n            color: white;\n            border: none;\n            padding: 10px 20px;\n            margin: 5px;\n            font-size: 16px;\n            cursor: pointer;\n            width: 500px;\n            border-radius: 2px;\n            cursor: pointer;\n        }\n\n        \/* Estilos para la imagen desplegada *\/\n        .imagenDesplegada {\n            display: none;\n            position: fixed;\n            top: 100px;\n            left: 250px;\n            width: 1000px;\n            height: auto;\n            background-color: rgba(0, 0, 0, 0.4); \/* Fondo semitransparente *\/\n            z-index: 999; \/* Coloca la imagen encima de todo *\/\n            align-items: center;\n            justify-content: center;\n        }\n\n        \/* Estilos para el bot\u00f3n de cierre de la imagen *\/\n        .cerrarImagen {\n            position: absolute;\n            top: 20px;\n            right: 20px;\n            color: white;\n            font-size: 20px;\n            cursor: pointer;\n        }\n    <\/style>\n<\/head>\n<body>\n    <button class=\"botonDespliegue\" onclick=\"mostrarImagen('http:\/\/institutolosandes.edu.ec\/wp-content\/uploads\/2023\/09\/req.png')\">\n        <input type=\"image\" src=\"http:\/\/institutolosandes.edu.ec\/wp-content\/uploads\/2023\/09\/documento.png\" alt=\"Bot\u00f3n de Imagen\" width=\"80\" height=\"80\">Requisitos<\/button>\n    <button class=\"botonDespliegue\" onclick=\"mostrarImagen('https:\/\/institutolosandes.edu.ec\/wp-content\/uploads\/2024\/03\/Costos.png')\">\n        <input type=\"image\" src=\"http:\/\/institutolosandes.edu.ec\/wp-content\/uploads\/2023\/09\/financiamiento.png\" alt=\"Bot\u00f3n de Imagen\" width=\"80\" height=\"80\">Inversi\u00f3n<\/button>\n\n    <div class=\"imagenDesplegada\" id=\"imagenDesplegada\">\n        <span class=\"cerrarImagen\" onclick=\"ocultarImagen()\">&times;<\/span>\n        <img decoding=\"async\" src=\"\" alt=\"Imagen Desplegada\" id=\"imagenAmpliada\">\n    <\/div>\n\n    <script>\n        function mostrarImagen(imageUrl) {\n            var imagenDesplegada = document.getElementById(\"imagenDesplegada\");\n            var imagenAmpliada = document.getElementById(\"imagenAmpliada\");\n            imagenAmpliada.src = imageUrl;\n            imagenDesplegada.style.display = \"block\";\n        }\n\n        function ocultarImagen() {\n            var imagenDesplegada = document.getElementById(\"imagenDesplegada\");\n            imagenDesplegada.style.display = \"none\";\n        }\n    <\/script>\n<\/body>\n<\/html>\n<\/div>\n\n\n\n<div class=\"wp-block-columns is-layout-flex wp-container-core-columns-is-layout-d6199e06 wp-block-columns-is-layout-flex\" style=\"padding-top:var(--wp--preset--spacing--50);padding-bottom:var(--wp--preset--spacing--50)\">\n<div class=\"wp-block-column is-layout-flow wp-block-column-is-layout-flow\" style=\"flex-basis:50%\">\n<!-- UberMenu [Configuration:menu_ds] [Theme Loc:] [Integration:api] -->\n<button class=\"ubermenu-responsive-toggle ubermenu-responsive-toggle-menu_ds ubermenu-skin-blue-silver ubermenu-loc- ubermenu-responsive-toggle-content-align-right ubermenu-responsive-toggle-align-right \" tabindex=\"0\" data-ubermenu-target=\"ubermenu-menu_ds-11\"><i class=\"fas fa-bars\" ><\/i>Menu<\/button><nav id=\"ubermenu-menu_ds-11\" class=\"ubermenu ubermenu-nojs ubermenu-menu_ds ubermenu-menu-11 ubermenu-responsive ubermenu-responsive-default ubermenu-responsive-collapse ubermenu-vertical ubermenu-transition-shift ubermenu-trigger-hover_intent ubermenu-skin-blue-silver ubermenu-has-border ubermenu-bar-align-left ubermenu-items-align-auto ubermenu-bound ubermenu-disable-submenu-scroll ubermenu-sub-indicators ubermenu-retractors-responsive ubermenu-submenu-indicator-closes\"><ul id=\"ubermenu-nav-menu_ds-11\" class=\"ubermenu-nav\" data-title=\"Desarrollo de SFT\"><li id=\"menu-item-292\" class=\"ubermenu-item ubermenu-item-type-custom ubermenu-item-object-custom ubermenu-item-has-children ubermenu-item-292 ubermenu-item-level-0 ubermenu-column ubermenu-column-auto ubermenu-has-submenu-drop ubermenu-has-submenu-mega\" ><a class=\"ubermenu-target menu-link ubermenu-item-layout-default ubermenu-item-layout-text_only\" href=\"#aprobacion\" tabindex=\"0\"><span class=\"ubermenu-target-title ubermenu-target-text\">Aprobaci\u00f3n del CES<\/span><i class='ubermenu-sub-indicator fas fa-angle-down'><\/i><\/a><ul  class=\"ubermenu-submenu ubermenu-submenu-id-292 ubermenu-submenu-type-auto ubermenu-submenu-type-mega ubermenu-submenu-drop ubermenu-submenu-align-full_width\"  ><li id=\"menu-item-295\" class=\"ubermenu-item ubermenu-item-type-custom ubermenu-item-object-custom ubermenu-item-295 ubermenu-item-auto ubermenu-item-header ubermenu-item-level-1 ubermenu-column ubermenu-column-auto\" ><a class=\"ubermenu-target menu-link ubermenu-item-layout-default ubermenu-item-layout-text_only\" href=\"#resolucion\"><span class=\"ubermenu-target-title ubermenu-target-text\">Resoluci\u00f3n: RPC-SO-13-No.251-2020<\/span><\/a><\/li><li id=\"menu-item-296\" class=\"ubermenu-item ubermenu-item-type-custom ubermenu-item-object-custom ubermenu-item-296 ubermenu-item-auto ubermenu-item-header ubermenu-item-level-1 ubermenu-column ubermenu-column-auto\" ><a class=\"ubermenu-target menu-link ubermenu-item-layout-default ubermenu-item-layout-text_only\" href=\"#fechaapro\"><span class=\"ubermenu-target-title ubermenu-target-text\">Fecha de aprobaci\u00f3n CES: 20\/05\/2020<\/span><\/a><\/li><\/ul><\/li><li id=\"menu-item-294\" class=\"ubermenu-item ubermenu-item-type-custom ubermenu-item-object-custom ubermenu-item-has-children ubermenu-item-294 ubermenu-item-level-0 ubermenu-column ubermenu-column-auto ubermenu-has-submenu-drop ubermenu-has-submenu-mega\" ><a class=\"ubermenu-target menu-link ubermenu-item-layout-default ubermenu-item-layout-text_only\" href=\"#campconoci\" tabindex=\"0\"><span class=\"ubermenu-target-title ubermenu-target-text\">Campos de Conocimiento<\/span><i class='ubermenu-sub-indicator fas fa-angle-down'><\/i><\/a><ul  class=\"ubermenu-submenu ubermenu-submenu-id-294 ubermenu-submenu-type-auto ubermenu-submenu-type-mega ubermenu-submenu-drop ubermenu-submenu-align-full_width\"  ><li id=\"menu-item-299\" class=\"ubermenu-item ubermenu-item-type-custom ubermenu-item-object-custom ubermenu-item-299 ubermenu-item-auto ubermenu-item-header ubermenu-item-level-1 ubermenu-column ubermenu-column-auto\" ><a class=\"ubermenu-target menu-link ubermenu-item-layout-default ubermenu-item-layout-text_only\" href=\"#campamplio\"><span class=\"ubermenu-target-title ubermenu-target-text\">Campo amplio: Tecnolog\u00edas de la informaci\u00f3n y la comunicaci\u00f3n (TIC)<\/span><\/a><\/li><li id=\"menu-item-300\" class=\"ubermenu-item ubermenu-item-type-custom ubermenu-item-object-custom ubermenu-item-300 ubermenu-item-auto ubermenu-item-header ubermenu-item-level-1 ubermenu-column ubermenu-column-auto\" ><a class=\"ubermenu-target menu-link ubermenu-item-layout-default ubermenu-item-layout-text_only\" href=\"#campespec\"><span class=\"ubermenu-target-title ubermenu-target-text\">Campo espec\u00edfico: Tecnolog\u00edas de la informaci\u00f3n y la comunicaci\u00f3n (TIC)<\/span><\/a><\/li><li id=\"menu-item-301\" class=\"ubermenu-item ubermenu-item-type-custom ubermenu-item-object-custom ubermenu-item-301 ubermenu-item-auto ubermenu-item-header ubermenu-item-level-1 ubermenu-column ubermenu-column-auto\" ><a class=\"ubermenu-target menu-link ubermenu-item-layout-default ubermenu-item-layout-text_only\" href=\"#campdeta\"><span class=\"ubermenu-target-title ubermenu-target-text\">Campo detallado: Desarrollo y an\u00e1lisis de software y aplicaciones<\/span><\/a><\/li><\/ul><\/li><li id=\"menu-item-305\" class=\"ubermenu-item ubermenu-item-type-custom ubermenu-item-object-custom ubermenu-item-has-children ubermenu-item-305 ubermenu-item-level-0 ubermenu-column ubermenu-column-auto ubermenu-has-submenu-drop ubermenu-has-submenu-mega\" ><a class=\"ubermenu-target menu-link ubermenu-item-layout-default ubermenu-item-layout-text_only\" href=\"#malla\" tabindex=\"0\"><span class=\"ubermenu-target-title ubermenu-target-text\">Malla Curricular<\/span><i class='ubermenu-sub-indicator fas fa-angle-down'><\/i><\/a><ul  class=\"ubermenu-submenu ubermenu-submenu-id-305 ubermenu-submenu-type-auto ubermenu-submenu-type-mega ubermenu-submenu-drop ubermenu-submenu-align-full_width\"  ><li id=\"menu-item-312\" class=\"ubermenu-item ubermenu-item-type-custom ubermenu-item-object-custom ubermenu-item-312 ubermenu-item-auto ubermenu-item-header ubermenu-item-level-1 ubermenu-column ubermenu-column-auto\" ><a class=\"ubermenu-target menu-link ubermenu-item-layout-default ubermenu-item-layout-text_only\" href=\"http:\/\/institutolosandes.edu.ec\/wp-content\/uploads\/2023\/10\/OFERTA-ACADEMICA-DESARROLLO-DE-SOFTWARE.pdf\"><span class=\"ubermenu-target-title ubermenu-target-text\">Descargar<\/span><\/a><\/li><\/ul><\/li><\/ul><\/nav>\n<!-- End UberMenu -->\n\n<\/div>\n\n\n\n<div class=\"wp-block-column is-layout-flow wp-block-column-is-layout-flow\" style=\"flex-basis:50%\">\n<!DOCTYPE html>\n<html>\n<head>\n    <title>Lista de Botones<\/title>\n    <style>\n        \/* Estilos para los botones *\/\n        .country-button {\n            background-color: #2d8e00;\n            color: white;\n            border: none;\n            width: 240px;\n            padding: 10px 20px;\n            margin: 5px;\n            font-size: 16px;\n            cursor: pointer;\n            border-radius: 2px;\n            \n            font-family: Poppins, Nexa;\n            transition: transform 0.3s, font-weight 0.3s; \/* Agregamos una transici\u00f3n suave a la propiedad font-weight *\/\n        }\n\n        \/* Efecto de zoom al pasar el cursor por encima *\/\n        .country-button:hover {\n            transform: scale(1.1); \/* Aumentamos el tama\u00f1o del bot\u00f3n en un 10% *\/\n            font-weight: bolder; \/* Cambiamos el peso de la letra a negrita *\/\n        }\n\n        \/* Estilos para la lista de pa\u00edses *\/\n        .country-list {\n            position: fixed;\n            bottom: 120px;\n            right: 20px;\n            list-style: none;\n            padding: 0;\n            margin: 0;\n                \n        }\n    <\/style>\n<\/head>\n<body>\n    \n    <ul class=\"country-list\">\n        <li><a href=\"https:\/\/api.whatsapp.com\/send\/?phone=593984344331&#038;text&#038;type=phone_number&#038;app_absent=0&#038;text=Quiero%20postularme%20a%20la%20carrera%20de%20Desarrollo%20de%20Software.%20%C2%BFQu%C3%A9%20necesito?\"><button class=\"country-button\">Incr\u00edbete Aqui<\/button><\/a><\/li>\n        <li><a href=\"http:\/\/institutolosandes.edu.ec\/index.php\/homologacion\/\"><button class=\"country-button\">Plan de Homologaci\u00f3n<\/button><\/a><\/li>\n        <li><a href=\"http:\/\/institutolosandes.edu.ec\/index.php\/becas\/\"><button class=\"country-button\">Postula a una Beca<\/button><\/a><\/li>\n    <\/ul>\n<\/body>\n<\/html>\n<\/div>\n<\/div>\n","protected":false},"excerpt":{"rendered":"<p>T\u00edtulo a Obtener: Tecn\u00f3logo\/a Superior en Desarrollo de Software Modalidad: Presencial \/ En L\u00ednea Duraci\u00f3n: 2 a\u00f1os y medio Descripci\u00f3n La Carrera de Desarrollo de Software es una formaci\u00f3n especializada que prepara a los estudiantes para convertirse en expertos en el dise\u00f1o, programaci\u00f3n y mantenimiento de aplicaciones inform\u00e1ticas. Durante el programa acad\u00e9mico, los estudiantes adquieren &hellip;<\/p>\n<p class=\"read-more\"> <a class=\"\" href=\"https:\/\/institutolosandes.edu.ec\/index.php\/desarrollo-de-software\/\"> <span class=\"screen-reader-text\">Desarrollo de Software<\/span> Leer m\u00e1s &raquo;<\/a><\/p>\n","protected":false},"author":1,"featured_media":0,"parent":0,"menu_order":0,"comment_status":"closed","ping_status":"closed","template":"","meta":{"site-sidebar-layout":"no-sidebar","site-content-layout":"plain-container","ast-global-header-display":"disabled","ast-banner-title-visibility":"disabled","ast-main-header-display":"","ast-hfb-above-header-display":"","ast-hfb-below-header-display":"","ast-hfb-mobile-header-display":"","site-post-title":"disabled","ast-breadcrumbs-content":"","ast-featured-img":"disabled","footer-sml-layout":"","theme-transparent-header-meta":"","adv-header-id-meta":"","stick-header-meta":"","header-above-stick-meta":"","header-main-stick-meta":"","header-below-stick-meta":"","footnotes":""},"class_list":["post-540","page","type-page","status-publish","hentry"],"_links":{"self":[{"href":"https:\/\/institutolosandes.edu.ec\/index.php\/wp-json\/wp\/v2\/pages\/540","targetHints":{"allow":["GET"]}}],"collection":[{"href":"https:\/\/institutolosandes.edu.ec\/index.php\/wp-json\/wp\/v2\/pages"}],"about":[{"href":"https:\/\/institutolosandes.edu.ec\/index.php\/wp-json\/wp\/v2\/types\/page"}],"author":[{"embeddable":true,"href":"https:\/\/institutolosandes.edu.ec\/index.php\/wp-json\/wp\/v2\/users\/1"}],"replies":[{"embeddable":true,"href":"https:\/\/institutolosandes.edu.ec\/index.php\/wp-json\/wp\/v2\/comments?post=540"}],"version-history":[{"count":31,"href":"https:\/\/institutolosandes.edu.ec\/index.php\/wp-json\/wp\/v2\/pages\/540\/revisions"}],"predecessor-version":[{"id":3406,"href":"https:\/\/institutolosandes.edu.ec\/index.php\/wp-json\/wp\/v2\/pages\/540\/revisions\/3406"}],"wp:attachment":[{"href":"https:\/\/institutolosandes.edu.ec\/index.php\/wp-json\/wp\/v2\/media?parent=540"}],"curies":[{"name":"wp","href":"https:\/\/api.w.org\/{rel}","templated":true}]}}