{"id":536,"date":"2023-07-30T17:38:27","date_gmt":"2023-07-30T22:38:27","guid":{"rendered":"http:\/\/institutolosandes.edu.ec\/?page_id=536"},"modified":"2025-10-27T16:37:44","modified_gmt":"2025-10-27T21:37:44","slug":"turismo","status":"publish","type":"page","link":"https:\/\/institutolosandes.edu.ec\/index.php\/turismo\/","title":{"rendered":"Turismo"},"content":{"rendered":"\n<div class=\"wp-block-columns alignwide are-vertically-aligned-top has-medium-font-size is-layout-flex wp-container-core-columns-is-layout-84ff12d0 wp-block-columns-is-layout-flex\" style=\"padding-top:2rem;padding-right:0rem;padding-bottom:0rem;padding-left:0rem\">\n<div class=\"wp-block-column is-vertically-aligned-top is-layout-flow wp-block-column-is-layout-flow\">\n<div class=\"wp-block-columns is-layout-flex wp-container-core-columns-is-layout-28f84493 wp-block-columns-is-layout-flex\">\n<div class=\"wp-block-column is-layout-flow wp-block-column-is-layout-flow\" style=\"flex-basis:33.33%\">\n<figure class=\"wp-block-image alignright size-full is-resized wp-duotone-rgba000058-rgb255248248-1\"><img loading=\"lazy\" decoding=\"async\" width=\"3076\" height=\"2770\" src=\"http:\/\/institutolosandes.edu.ec\/wp-content\/uploads\/2023\/07\/DIPLOMA.png\" alt=\"\" class=\"wp-image-499\" style=\"width:109px;height:98px\"\/><\/figure>\n<\/div>\n\n\n\n<div class=\"wp-block-column is-layout-flow wp-block-column-is-layout-flow\" style=\"flex-basis:66.66%\">\n<h3 class=\"wp-block-heading\">T\u00edtulo a Obtener: <\/h3>\n\n\n\n<p><strong>Tecn\u00f3logo\/a Superior en Turismo <\/strong><\/p>\n<\/div>\n<\/div>\n<\/div>\n\n\n\n<div class=\"wp-block-column is-vertically-aligned-top is-layout-flow wp-block-column-is-layout-flow\">\n<div class=\"wp-block-columns is-layout-flex wp-container-core-columns-is-layout-28f84493 wp-block-columns-is-layout-flex\">\n<div class=\"wp-block-column is-layout-flow wp-block-column-is-layout-flow\" style=\"flex-basis:33.33%\">\n<figure class=\"wp-block-image alignright size-full is-resized wp-duotone-rgba515151044-ccc-2\"><img loading=\"lazy\" decoding=\"async\" width=\"3143\" height=\"2312\" src=\"http:\/\/institutolosandes.edu.ec\/wp-content\/uploads\/2023\/07\/COMPU.png\" alt=\"\" class=\"wp-image-596\" style=\"width:undefinedpx;height:90px\"\/><\/figure>\n<\/div>\n\n\n\n<div class=\"wp-block-column is-layout-flow wp-block-column-is-layout-flow\" style=\"flex-basis:66.66%\">\n<h3 class=\"wp-block-heading\">Modalidad: <\/h3>\n\n\n\n<p><strong>Presencial \/ En L\u00ednea<\/strong><\/p>\n<\/div>\n<\/div>\n<\/div>\n\n\n\n<div class=\"wp-block-column is-vertically-aligned-top is-layout-flow wp-block-column-is-layout-flow\">\n<div class=\"wp-block-columns is-layout-flex wp-container-core-columns-is-layout-28f84493 wp-block-columns-is-layout-flex\">\n<div class=\"wp-block-column is-layout-flow wp-block-column-is-layout-flow\" style=\"flex-basis:33.33%\">\n<figure class=\"wp-block-image alignright size-full is-resized wp-duotone-rgba515151044-ccc-3\"><img loading=\"lazy\" decoding=\"async\" width=\"1690\" height=\"2548\" src=\"http:\/\/institutolosandes.edu.ec\/wp-content\/uploads\/2023\/07\/RELOJ.png\" alt=\"\" class=\"wp-image-595\" style=\"width:60px;height:90px\"\/><\/figure>\n<\/div>\n\n\n\n<div class=\"wp-block-column is-layout-flow wp-block-column-is-layout-flow\" style=\"flex-basis:66.66%\">\n<h3 class=\"wp-block-heading\">Duraci\u00f3n: <\/h3>\n\n\n\n<p><strong>2 a\u00f1os y medio<\/strong><\/p>\n<\/div>\n<\/div>\n<\/div>\n<\/div>\n\n\n\n<div class=\"wp-block-columns alignwide is-layout-flex wp-container-core-columns-is-layout-9b985c8f wp-block-columns-is-layout-flex\" style=\"padding-top:0;padding-bottom:40px\">\n<div class=\"wp-block-column is-layout-flow wp-block-column-is-layout-flow\">\n<div class=\"wp-block-media-text has-media-on-the-right is-stacked-on-mobile\"><div class=\"wp-block-media-text__content\">\n<p class=\"has-text-color\" style=\"color:#2d8e00;font-size:18px\"><strong>Descripci\u00f3n<\/strong><\/p>\n\n\n\n<p style=\"font-size:15px\">La Carrera de Turismo es una formaci\u00f3n apasionante que sumerge a los estudiantes en el mundo de los viajes, la hospitalidad y la gesti\u00f3n de destinos. Durante el programa acad\u00e9mico, los estudiantes adquieren conocimientos en planificaci\u00f3n de viajes, gesti\u00f3n hotelera, marketing tur\u00edstico y sostenibilidad en el turismo. Esta carrera ofrece la oportunidad de explorar culturas, promover destinos y crear experiencias memorables para los viajeros. Los graduados se convierten en profesionales vers\u00e1tiles, listos para trabajar en agencias de viajes, hoteles, aerol\u00edneas, turismo sostenible y m\u00e1s, contribuyendo a la expansi\u00f3n de una de las industrias m\u00e1s din\u00e1micas y globales del mundo.<\/p>\n\n\n\n<p style=\"font-size:15px\">Correo de Secretaria: secretaria@institutolosandes.edu.ec<\/p>\n<\/div><figure class=\"wp-block-media-text__media\"><img loading=\"lazy\" decoding=\"async\" width=\"1805\" height=\"1273\" src=\"http:\/\/institutolosandes.edu.ec\/wp-content\/uploads\/2023\/07\/TURISMO-1.jpg\" alt=\"\" class=\"wp-image-546 size-full\"\/><\/figure><\/div>\n<\/div>\n<\/div>\n\n\n\n<div class=\"wp-block-columns alignwide is-layout-flex wp-container-core-columns-is-layout-2fd3874d wp-block-columns-is-layout-flex\" style=\"padding-top:0;padding-bottom:40px\">\n<div class=\"wp-block-column is-layout-flow wp-block-column-is-layout-flow\" style=\"padding-right:0;padding-left:0\">\n<h3 class=\"wp-block-heading has-text-color has-link-color wp-elements-7e366e74e4218e276ece16d6c0921513\" style=\"color:#2d8e00\"><strong>PERFIL DE INGRESO<\/strong><\/h3>\n\n\n\n<p class=\"has-ast-global-color-0-color has-text-color has-background\" style=\"background-color:#faf7ff7d;margin-top:0;margin-right:0;margin-bottom:0;margin-left:0;font-size:15px\">\u2022 Conocimientos b\u00e1sicos en temas de cultura general.<br>\u2022 Conocimientos b\u00e1sicos en ingl\u00e9s y computaci\u00f3n.<br>\u2022 Actitudes para crear e innovar.<br>\u2022 Capacidad para tomar decisiones.<br>\u2022 Trabajo en equipo.<br>\u2022 Disponibilidad para una buena organizaci\u00f3n.<br>\u2022 Capacidad de liderazgo.<br>\u2022 Habilidades para buscar, procesar y analizar informaci\u00f3n procedente de fuentes diversas.<br>\u2022 Capacidad de comunicaci\u00f3n oral y escrita.<br>\u2022 Capacidad para crear e innovar.<\/p>\n<\/div>\n\n\n\n<div class=\"wp-block-column is-layout-flow wp-block-column-is-layout-flow\">\n<h3 class=\"wp-block-heading has-text-color has-link-color wp-elements-ed43fb9b99d3339b7925f32c5356ec7b\" style=\"color:#2d8e00\"><strong>CAMPO OCUPACIONAL<\/strong><\/h3>\n\n\n\n<ul class=\"wp-block-list\">\n<li><\/li>\n<\/ul>\n\n\n\n<ul class=\"wp-block-list\">\n<li style=\"font-size:15px\">Diagnosticar las potencialidades tur\u00edsticas de un sector, para conformar una propuesta tur\u00edstica innovadora y sostenible, centrada en la valoraci\u00f3n del entorno ambiental y la riqueza cultural de la zona.<\/li>\n\n\n\n<li style=\"font-size:15px\">Desarrollar propuestas tur\u00edsticas integrales para enlazar la cooperaci\u00f3n de la empresa p\u00fablica y privada, a fin de coadyuvar al desarrollo y progreso de las comunidades locales.<\/li>\n\n\n\n<li style=\"font-size:15px\">Proponer la conformaci\u00f3n de propuestas tur\u00edsticas innovadoras y sustentables, para dinamizar las econom\u00edas locales en toda el \u00e1rea de influencia.<\/li>\n\n\n\n<li style=\"font-size:15px\">Planificar la conformaci\u00f3n de productos y paquetes tur\u00edsticos con valor agregado, para potenciar un destino tur\u00edstico estableciendo un modelo de gesti\u00f3n sostenible.<\/li>\n\n\n\n<li style=\"font-size:15px\">Impulsar el desarrollo tur\u00edstico a trav\u00e9s de la conformaci\u00f3n de redes asociativas y de emprendimiento, para fortalecer la econom\u00eda de entornos rurales y comunales.<\/li>\n\n\n\n<li style=\"font-size:15px\">Asesorar a empresas tur\u00edsticos y de servicios conexos, a trav\u00e9s del desarrollo de acciones participativas, para lograr un trabajo mancomunado encaminado a la generaci\u00f3n de empleo y reactivaci\u00f3n econ\u00f3mica.<\/li>\n<\/ul>\n<\/div>\n<\/div>\n\n\n\n<div class=\"wp-block-media-text alignwide is-stacked-on-mobile\" style=\"margin-right:var(--wp--preset--spacing--30);margin-left:var(--wp--preset--spacing--30);padding-top:0;padding-bottom:40px\"><figure class=\"wp-block-media-text__media\"><img loading=\"lazy\" decoding=\"async\" width=\"5874\" height=\"4912\" src=\"http:\/\/institutolosandes.edu.ec\/wp-content\/uploads\/2023\/07\/TURISMO-2.jpg\" alt=\"\" class=\"wp-image-613 size-full\"\/><\/figure><div class=\"wp-block-media-text__content\">\n<h3 class=\"wp-block-heading has-text-color has-link-color wp-elements-92a1f83ccc26131d65aec14dd4723412\" style=\"color:#2d8e00\"><strong>PERFIL DE EGRESO<\/strong><\/h3>\n\n\n\n<p class=\"has-text-color has-background\" style=\"color:#00008c;background-color:#faf7ff7d;font-size:15px\">\u2022 Plantear propuestas de paquetes tur\u00edsticos de operaci\u00f3n local, regional y nacional para motivar desplazamientos tur\u00edsticos con fines formativos y culturales.<br>\u2022 Dominar herramientas t\u00e9cnicas y tecnol\u00f3gicas para promover el desarrollo de un turismo comunitario y sostenible del pa\u00eds.<br>\u2022 Direccionar proyectos y emprendimientos tur\u00edsticos, atendiendo las necesidades particulares de la zona, para configurar propuestas id\u00f3neas en base a las caracter\u00edsticas del sector y en atenci\u00f3n a las nuevas modalidades y formas del quehacer tur\u00edstico.<br>\u2022 Contar con conocimientos especializados en el manejo de una lengua aut\u00f3ctona, para fortalecer su identidad cultural.<br>\u2022 Desarrollar aptitudes asertivas de trabajo en equipo y di\u00e1logo participativo, para integrar a los distintos sectores y actores que conforman el desarrollo de la actividad tur\u00edstica.<\/p>\n<\/div><\/div>\n\n\n\n<div class=\"wp-block-media-text alignwide has-media-on-the-right is-stacked-on-mobile\" style=\"margin-right:var(--wp--preset--spacing--20);margin-left:var(--wp--preset--spacing--20);padding-top:0px;padding-bottom:40px;padding-left:var(--wp--preset--spacing--20)\"><div class=\"wp-block-media-text__content\">\n<h3 class=\"wp-block-heading has-text-color has-link-color wp-elements-949f35b51da9bab082d9d6d2adcc4f98\" style=\"color:#2d8e00\"><strong>L\u00cdNEAS DE INVESTIGACI\u00d3N<\/strong><\/h3>\n\n\n\n<ol class=\"wp-block-list\">\n<li style=\"font-size:15px\">Sostenibilidad en el Turismo\u00a0 Evaluaci\u00f3n del impacto ambiental del turismo y estrategias para su reducci\u00f3n.\u00a0 \n<ul class=\"wp-block-list\">\n<li style=\"font-size:15px\">Implementaci\u00f3n de modelos de turismo sostenible en destinos populares.\u00a0 <\/li>\n\n\n\n<li style=\"font-size:15px\">Certificaciones y regulaciones para fomentar el turismo responsable.\u00a0 <\/li>\n\n\n\n<li style=\"font-size:15px\">An\u00e1lisis de turismo comunitario y su papel en la conservaci\u00f3n de ecosistemas.\u00a0 <\/li>\n<\/ul>\n<\/li>\n\n\n\n<li style=\"font-size:15px\">Tecnolog\u00eda y Transformaci\u00f3n del Turismo\u00a0 Aplicaci\u00f3n de inteligencia artificial para personalizar experiencias de viaje.\u00a0 \n<ul class=\"wp-block-list\">\n<li style=\"font-size:15px\">Uso de realidad virtual y aumentada en la promoci\u00f3n de destinos tur\u00edsticos.\u00a0 <\/li>\n\n\n\n<li style=\"font-size:15px\">Impacto de las aplicaciones m\u00f3viles en la planificaci\u00f3n y gesti\u00f3n de viajes.\u00a0 <\/li>\n\n\n\n<li style=\"font-size:15px\">Automatizaci\u00f3n en la gesti\u00f3n hotelera y su impacto en la experiencia del turista.\u00a0 <\/li>\n<\/ul>\n<\/li>\n\n\n\n<li style=\"font-size:15px\">Turismo Cultural y Patrimonial\u00a0 Estrategias para la preservaci\u00f3n de sitios hist\u00f3ricos y su desarrollo como destinos\u00a0 tur\u00edsticos.\u00a0 \n<ul class=\"wp-block-list\">\n<li style=\"font-size:15px\">An\u00e1lisis de la autenticidad cultural y su importancia en la experiencia del visitante.\u00a0 <\/li>\n\n\n\n<li style=\"font-size:15px\">El papel de la educaci\u00f3n y la interpretaci\u00f3n cultural en el turismo patrimonial.\u00a0 <\/li>\n\n\n\n<li style=\"font-size:15px\">Evaluaci\u00f3n del impacto del turismo en la conservaci\u00f3n de tradiciones locales.\u00a0 <\/li>\n<\/ul>\n<\/li>\n\n\n\n<li style=\"font-size:15px\">Turismo y Desarrollo Econ\u00f3mico Local\u00a0 \n<ul class=\"wp-block-list\">\n<li style=\"font-size:15px\">Estudio de la contribuci\u00f3n del turismo a la generaci\u00f3n de empleo en comunidades\u00a0 locales.\u00a0 <\/li>\n\n\n\n<li style=\"font-size:15px\">An\u00e1lisis de modelos de negocio sostenibles en turismo rural y comunitario.\u00a0 <\/li>\n\n\n\n<li style=\"font-size:15px\">Evaluaci\u00f3n de la inversi\u00f3n en infraestructura tur\u00edstica y su impacto econ\u00f3mico.\u00a0<\/li>\n\n\n\n<li style=\"font-size:15px\">Desarrollo de estrategias para fortalecer la competitividad de emprendimientos\u00a0 tur\u00edsticos.\u00a0 <\/li>\n<\/ul>\n<\/li>\n\n\n\n<li style=\"font-size:15px\">Gesti\u00f3n de Crisis en la Industria Tur\u00edstica\u00a0 \n<ul class=\"wp-block-list\">\n<li style=\"font-size:15px\">Estrategias de recuperaci\u00f3n tur\u00edstica tras crisis sanitarias, desastres naturales o\u00a0 conflictos pol\u00edticos.\u00a0 <\/li>\n\n\n\n<li style=\"font-size:15px\">Desarrollo de planes de contingencia para destinos tur\u00edsticos.\u00a0 <\/li>\n\n\n\n<li style=\"font-size:15px\">Evaluaci\u00f3n del papel de la comunicaci\u00f3n de crisis en la industria del turismo.\u00a0 <\/li>\n\n\n\n<li style=\"font-size:15px\">Resiliencia del sector tur\u00edstico ante escenarios de incertidumbre global.\u00a0<\/li>\n<\/ul>\n<\/li>\n<\/ol>\n<\/div><figure class=\"wp-block-media-text__media\"><img loading=\"lazy\" decoding=\"async\" width=\"5600\" height=\"3736\" src=\"http:\/\/institutolosandes.edu.ec\/wp-content\/uploads\/2023\/07\/TURISMO-3.jpg\" alt=\"\" class=\"wp-image-614 size-full\"\/><\/figure><\/div>\n\n\n\n<div class=\"inherit-container-width wp-block-group is-layout-constrained wp-block-group-is-layout-constrained\" style=\"padding-top:0;padding-bottom:0\">\n<!DOCTYPE html>\n<html>\n<head>\n    <title>Bot\u00f3n de Despliegue de Imagen<\/title>\n    <style>\n        \/* Estilos para el bot\u00f3n *\/\n        .botonDespliegue {\n background-color: #00008c;\n            color: white;\n            border: none;\n            padding: 10px 20px;\n            margin: 5px;\n            font-size: 16px;\n            cursor: pointer;\n            width: 500px;\n            border-radius: 2px;\n            cursor: pointer;\n        }\n\n        \/* Estilos para la imagen desplegada *\/\n        .imagenDesplegada {\n            display: none;\n            position: fixed;\n            top: 100px;\n            left: 250px;\n            width: 1000px;\n            height: auto;\n            background-color: rgba(0, 0, 0, 0.4); \/* Fondo semitransparente *\/\n            z-index: 999; \/* Coloca la imagen encima de todo *\/\n            align-items: center;\n            justify-content: center;\n        }\n\n        \/* Estilos para el bot\u00f3n de cierre de la imagen *\/\n        .cerrarImagen {\n            position: absolute;\n            top: 20px;\n            right: 20px;\n            color: white;\n            font-size: 20px;\n            cursor: pointer;\n        }\n    <\/style>\n<\/head>\n<body>\n    <button class=\"botonDespliegue\" onclick=\"mostrarImagen('http:\/\/institutolosandes.edu.ec\/wp-content\/uploads\/2023\/09\/req.png')\">\n        <input type=\"image\" src=\"http:\/\/institutolosandes.edu.ec\/wp-content\/uploads\/2023\/09\/documento.png\" alt=\"Bot\u00f3n de Imagen\" width=\"80\" height=\"80\">Requisitos<\/button>\n    <button class=\"botonDespliegue\" onclick=\"mostrarImagen('https:\/\/institutolosandes.edu.ec\/wp-content\/uploads\/2024\/03\/Costos.png')\">\n        <input type=\"image\" src=\"http:\/\/institutolosandes.edu.ec\/wp-content\/uploads\/2023\/09\/financiamiento.png\" alt=\"Bot\u00f3n de Imagen\" width=\"80\" height=\"80\">Inversi\u00f3n<\/button>\n\n    <div class=\"imagenDesplegada\" id=\"imagenDesplegada\">\n        <span class=\"cerrarImagen\" onclick=\"ocultarImagen()\">&times;<\/span>\n        <img decoding=\"async\" src=\"\" alt=\"Imagen Desplegada\" id=\"imagenAmpliada\">\n    <\/div>\n\n    <script>\n        function mostrarImagen(imageUrl) {\n            var imagenDesplegada = document.getElementById(\"imagenDesplegada\");\n            var imagenAmpliada = document.getElementById(\"imagenAmpliada\");\n            imagenAmpliada.src = imageUrl;\n            imagenDesplegada.style.display = \"block\";\n        }\n\n        function ocultarImagen() {\n            var imagenDesplegada = document.getElementById(\"imagenDesplegada\");\n            imagenDesplegada.style.display = \"none\";\n        }\n    <\/script>\n<\/body>\n<\/html>\n<\/div>\n\n\n\n<div class=\"wp-block-columns is-layout-flex wp-container-core-columns-is-layout-f988a6b3 wp-block-columns-is-layout-flex\" style=\"padding-top:var(--wp--preset--spacing--50);padding-bottom:var(--wp--preset--spacing--50)\">\n<div class=\"wp-block-column is-layout-flow wp-block-column-is-layout-flow\" style=\"padding-right:0;padding-left:0;flex-basis:50%\">\n<!-- UberMenu [Configuration:menu_turismo] [Theme Loc:] [Integration:api] -->\n<button class=\"ubermenu-responsive-toggle ubermenu-responsive-toggle-menu_turismo ubermenu-skin-blue-silver ubermenu-loc- ubermenu-responsive-toggle-content-align-left ubermenu-responsive-toggle-align-full \" tabindex=\"0\" data-ubermenu-target=\"ubermenu-menu_turismo-16\"><i class=\"fas fa-bars\" ><\/i>Menu<\/button><nav id=\"ubermenu-menu_turismo-16\" class=\"ubermenu ubermenu-nojs ubermenu-menu_turismo ubermenu-menu-16 ubermenu-responsive ubermenu-responsive-default ubermenu-responsive-collapse ubermenu-vertical ubermenu-transition-shift ubermenu-trigger-hover_intent ubermenu-skin-blue-silver ubermenu-has-border ubermenu-bar-align-left ubermenu-items-align-auto ubermenu-bound ubermenu-disable-submenu-scroll ubermenu-sub-indicators ubermenu-retractors-responsive ubermenu-submenu-indicator-closes\"><ul id=\"ubermenu-nav-menu_turismo-16\" class=\"ubermenu-nav\" data-title=\"Turismo\"><li id=\"menu-item-449\" class=\"ubermenu-item ubermenu-item-type-custom ubermenu-item-object-custom ubermenu-item-has-children ubermenu-item-449 ubermenu-item-level-0 ubermenu-column ubermenu-column-auto ubermenu-has-submenu-drop ubermenu-has-submenu-mega\" ><a class=\"ubermenu-target menu-link ubermenu-item-layout-default ubermenu-item-layout-text_only\" href=\"#aprobces\" tabindex=\"0\"><span class=\"ubermenu-target-title ubermenu-target-text\">Aprobaci\u00f3n del CES<\/span><i class='ubermenu-sub-indicator fas fa-angle-down'><\/i><\/a><ul  class=\"ubermenu-submenu ubermenu-submenu-id-449 ubermenu-submenu-type-auto ubermenu-submenu-type-mega ubermenu-submenu-drop ubermenu-submenu-align-full_width\"  ><li id=\"menu-item-450\" class=\"ubermenu-item ubermenu-item-type-custom ubermenu-item-object-custom ubermenu-item-450 ubermenu-item-auto ubermenu-item-header ubermenu-item-level-1 ubermenu-column ubermenu-column-auto\" ><a class=\"ubermenu-target menu-link ubermenu-item-layout-default ubermenu-item-layout-text_only\" href=\"#resolucion\"><span class=\"ubermenu-target-title ubermenu-target-text\">Resoluci\u00f3n: RPC-SO-13-No.251-2020<\/span><\/a><\/li><li id=\"menu-item-451\" class=\"ubermenu-item ubermenu-item-type-custom ubermenu-item-object-custom ubermenu-item-451 ubermenu-item-auto ubermenu-item-header ubermenu-item-level-1 ubermenu-column ubermenu-column-auto\" ><a class=\"ubermenu-target menu-link ubermenu-item-layout-default ubermenu-item-layout-text_only\" href=\"#aproba\"><span class=\"ubermenu-target-title ubermenu-target-text\">Fecha de aprobaci\u00f3n CES: 20\/05\/2020<\/span><\/a><\/li><\/ul><\/li><li id=\"menu-item-455\" class=\"ubermenu-item ubermenu-item-type-custom ubermenu-item-object-custom ubermenu-item-has-children ubermenu-item-455 ubermenu-item-level-0 ubermenu-column ubermenu-column-auto ubermenu-has-submenu-drop ubermenu-has-submenu-mega\" ><a class=\"ubermenu-target menu-link ubermenu-item-layout-default ubermenu-item-layout-text_only\" href=\"#campos\" tabindex=\"0\"><span class=\"ubermenu-target-title ubermenu-target-text\">Campos de Conocimiento<\/span><i class='ubermenu-sub-indicator fas fa-angle-down'><\/i><\/a><ul  class=\"ubermenu-submenu ubermenu-submenu-id-455 ubermenu-submenu-type-auto ubermenu-submenu-type-mega ubermenu-submenu-drop ubermenu-submenu-align-full_width\"  ><li id=\"menu-item-456\" class=\"ubermenu-item ubermenu-item-type-custom ubermenu-item-object-custom ubermenu-item-456 ubermenu-item-auto ubermenu-item-header ubermenu-item-level-1 ubermenu-column ubermenu-column-auto\" ><a class=\"ubermenu-target menu-link ubermenu-item-layout-default ubermenu-item-layout-text_only\" href=\"#amplio\"><span class=\"ubermenu-target-title ubermenu-target-text\">Campo amplio: Servicios<\/span><\/a><\/li><li id=\"menu-item-457\" class=\"ubermenu-item ubermenu-item-type-custom ubermenu-item-object-custom ubermenu-item-457 ubermenu-item-auto ubermenu-item-header ubermenu-item-level-1 ubermenu-column ubermenu-column-auto\" ><a class=\"ubermenu-target menu-link ubermenu-item-layout-default ubermenu-item-layout-text_only\" href=\"#especifico\"><span class=\"ubermenu-target-title ubermenu-target-text\">Campo espec\u00edfico: Servicios personales<\/span><\/a><\/li><li id=\"menu-item-458\" class=\"ubermenu-item ubermenu-item-type-custom ubermenu-item-object-custom ubermenu-item-458 ubermenu-item-auto ubermenu-item-header ubermenu-item-level-1 ubermenu-column ubermenu-column-auto\" ><a class=\"ubermenu-target menu-link ubermenu-item-layout-default ubermenu-item-layout-text_only\" href=\"#detallado\"><span class=\"ubermenu-target-title ubermenu-target-text\">Campo detallado: Turismo y hoteler\u00eda<\/span><\/a><\/li><\/ul><\/li><li id=\"menu-item-438\" class=\"ubermenu-item ubermenu-item-type-custom ubermenu-item-object-custom ubermenu-item-has-children ubermenu-item-438 ubermenu-item-level-0 ubermenu-column ubermenu-column-auto ubermenu-has-submenu-drop ubermenu-has-submenu-mega\" ><a class=\"ubermenu-target menu-link ubermenu-item-layout-default ubermenu-item-layout-text_only\" href=\"#malla\" tabindex=\"0\"><span class=\"ubermenu-target-title ubermenu-target-text\">Malla Curricular<\/span><i class='ubermenu-sub-indicator fas fa-angle-down'><\/i><\/a><ul  class=\"ubermenu-submenu ubermenu-submenu-id-438 ubermenu-submenu-type-auto ubermenu-submenu-type-mega ubermenu-submenu-drop ubermenu-submenu-align-full_width\"  ><li id=\"menu-item-439\" class=\"ubermenu-item ubermenu-item-type-custom ubermenu-item-object-custom ubermenu-item-439 ubermenu-item-auto ubermenu-item-header ubermenu-item-level-1 ubermenu-column ubermenu-column-auto\" ><a class=\"ubermenu-target menu-link ubermenu-item-layout-default ubermenu-item-layout-text_only\" href=\"http:\/\/institutolosandes.edu.ec\/wp-content\/uploads\/2023\/10\/OFERTA-ACADEMICA-TURISMO.pdf\"><span class=\"ubermenu-target-title ubermenu-target-text\">Descargar<\/span><\/a><\/li><\/ul><\/li><\/ul><\/nav>\n<!-- End UberMenu -->\n\n<\/div>\n\n\n\n<div class=\"wp-block-column is-layout-flow wp-block-column-is-layout-flow\" style=\"flex-basis:50%\">\n<!DOCTYPE html>\n<html>\n<head>\n    <title>Lista de Botones<\/title>\n    <style>\n        \/* Estilos para los botones *\/\n        .country-button {\n            background-color: #2d8e00;\n            color: white;\n            border: none;\n            width: 240px;\n            padding: 10px 20px;\n            margin: 5px;\n            font-size: 16px;\n            cursor: pointer;\n            border-radius: 2px;\n            \n            font-family: Poppins, Nexa;\n            transition: transform 0.3s, font-weight 0.3s; \/* Agregamos una transici\u00f3n suave a la propiedad font-weight *\/\n        }\n\n        \/* Efecto de zoom al pasar el cursor por encima *\/\n        .country-button:hover {\n            transform: scale(1.1); \/* Aumentamos el tama\u00f1o del bot\u00f3n en un 10% *\/\n            font-weight: bolder; \/* Cambiamos el peso de la letra a negrita *\/\n        }\n\n        \/* Estilos para la lista de pa\u00edses *\/\n        .country-list {\n            position: fixed;\n            bottom: 120px;\n            right: 20px;\n            list-style: none;\n            padding: 0;\n            margin: 0;\n                \n        }\n    <\/style>\n<\/head>\n<body>\n    \n    <ul class=\"country-list\">\n        <li><a href=\"https:\/\/api.whatsapp.com\/send\/?phone=593984344331&#038;text&#038;type=phone_number&#038;app_absent=0&#038;text=Quiero%20postularme%20a%20la%20carrera%20de%20Turismo.%20%C2%BFQu%C3%A9%20necesito?\"><button class=\"country-button\">Incr\u00edbete Aqui<\/button><\/a><\/li>\n        <li><a href=\"http:\/\/institutolosandes.edu.ec\/index.php\/homologacion\/\"><button class=\"country-button\">Plan de Homologaci\u00f3n<\/button><\/a><\/li>\n        <li><a href=\"http:\/\/institutolosandes.edu.ec\/index.php\/becas\/\"><button class=\"country-button\">Postula a una Beca<\/button><\/a><\/li>\n    <\/ul>\n<\/body>\n<\/html>\n<\/div>\n<\/div>\n","protected":false},"excerpt":{"rendered":"<p>T\u00edtulo a Obtener: Tecn\u00f3logo\/a Superior en Turismo Modalidad: Presencial \/ En L\u00ednea Duraci\u00f3n: 2 a\u00f1os y medio Descripci\u00f3n La Carrera de Turismo es una formaci\u00f3n apasionante que sumerge a los estudiantes en el mundo de los viajes, la hospitalidad y la gesti\u00f3n de destinos. Durante el programa acad\u00e9mico, los estudiantes adquieren conocimientos en planificaci\u00f3n de &hellip;<\/p>\n<p class=\"read-more\"> <a class=\"\" href=\"https:\/\/institutolosandes.edu.ec\/index.php\/turismo\/\"> <span class=\"screen-reader-text\">Turismo<\/span> Leer m\u00e1s &raquo;<\/a><\/p>\n","protected":false},"author":1,"featured_media":0,"parent":0,"menu_order":0,"comment_status":"closed","ping_status":"closed","template":"","meta":{"site-sidebar-layout":"no-sidebar","site-content-layout":"plain-container","ast-global-header-display":"disabled","ast-banner-title-visibility":"disabled","ast-main-header-display":"","ast-hfb-above-header-display":"","ast-hfb-below-header-display":"","ast-hfb-mobile-header-display":"","site-post-title":"disabled","ast-breadcrumbs-content":"","ast-featured-img":"disabled","footer-sml-layout":"","theme-transparent-header-meta":"","adv-header-id-meta":"","stick-header-meta":"","header-above-stick-meta":"","header-main-stick-meta":"","header-below-stick-meta":"","footnotes":""},"class_list":["post-536","page","type-page","status-publish","hentry"],"_links":{"self":[{"href":"https:\/\/institutolosandes.edu.ec\/index.php\/wp-json\/wp\/v2\/pages\/536","targetHints":{"allow":["GET"]}}],"collection":[{"href":"https:\/\/institutolosandes.edu.ec\/index.php\/wp-json\/wp\/v2\/pages"}],"about":[{"href":"https:\/\/institutolosandes.edu.ec\/index.php\/wp-json\/wp\/v2\/types\/page"}],"author":[{"embeddable":true,"href":"https:\/\/institutolosandes.edu.ec\/index.php\/wp-json\/wp\/v2\/users\/1"}],"replies":[{"embeddable":true,"href":"https:\/\/institutolosandes.edu.ec\/index.php\/wp-json\/wp\/v2\/comments?post=536"}],"version-history":[{"count":39,"href":"https:\/\/institutolosandes.edu.ec\/index.php\/wp-json\/wp\/v2\/pages\/536\/revisions"}],"predecessor-version":[{"id":3412,"href":"https:\/\/institutolosandes.edu.ec\/index.php\/wp-json\/wp\/v2\/pages\/536\/revisions\/3412"}],"wp:attachment":[{"href":"https:\/\/institutolosandes.edu.ec\/index.php\/wp-json\/wp\/v2\/media?parent=536"}],"curies":[{"name":"wp","href":"https:\/\/api.w.org\/{rel}","templated":true}]}}