{"id":533,"date":"2023-07-30T17:32:59","date_gmt":"2023-07-30T22:32:59","guid":{"rendered":"http:\/\/institutolosandes.edu.ec\/?page_id=533"},"modified":"2025-10-27T16:31:50","modified_gmt":"2025-10-27T21:31:50","slug":"secretariado-ejecutivo","status":"publish","type":"page","link":"https:\/\/institutolosandes.edu.ec\/index.php\/secretariado-ejecutivo\/","title":{"rendered":"Secretariado Ejecutivo"},"content":{"rendered":"\n<div class=\"wp-block-columns alignwide are-vertically-aligned-top has-medium-font-size is-layout-flex wp-container-core-columns-is-layout-ff2b8b4c wp-block-columns-is-layout-flex\" style=\"padding-top:2rem;padding-right:0rem;padding-bottom:0rem;padding-left:0rem\">\n<div class=\"wp-block-column is-vertically-aligned-top is-layout-flow wp-block-column-is-layout-flow\">\n<div class=\"wp-block-columns is-layout-flex wp-container-core-columns-is-layout-28f84493 wp-block-columns-is-layout-flex\">\n<div class=\"wp-block-column is-layout-flow wp-block-column-is-layout-flow\" style=\"flex-basis:33.33%\">\n<figure class=\"wp-block-image alignright size-full is-resized wp-duotone-rgba000058-rgb255255255-1\"><img loading=\"lazy\" decoding=\"async\" width=\"3076\" height=\"2770\" src=\"http:\/\/institutolosandes.edu.ec\/wp-content\/uploads\/2023\/07\/DIPLOMA.png\" alt=\"\" class=\"wp-image-499\" style=\"width:109px;height:98px\"\/><\/figure>\n<\/div>\n\n\n\n<div class=\"wp-block-column is-layout-flow wp-block-column-is-layout-flow\" style=\"flex-basis:66.66%\">\n<h3 class=\"wp-block-heading\">T\u00edtulo a Obtener: <\/h3>\n\n\n\n<p><strong>Tecn\u00f3logo\/a Superior en Secretariado Ejecutivo <\/strong><\/p>\n<\/div>\n<\/div>\n<\/div>\n\n\n\n<div class=\"wp-block-column is-vertically-aligned-top is-layout-flow wp-block-column-is-layout-flow\">\n<div class=\"wp-block-columns is-layout-flex wp-container-core-columns-is-layout-28f84493 wp-block-columns-is-layout-flex\">\n<div class=\"wp-block-column is-layout-flow wp-block-column-is-layout-flow\" style=\"flex-basis:33.33%\">\n<figure class=\"wp-block-image alignright size-full is-resized wp-duotone-rgba515151044-ccc-2\"><img loading=\"lazy\" decoding=\"async\" width=\"3143\" height=\"2312\" src=\"http:\/\/institutolosandes.edu.ec\/wp-content\/uploads\/2023\/07\/COMPU.png\" alt=\"\" class=\"wp-image-596\" style=\"width:undefinedpx;height:90px\"\/><\/figure>\n<\/div>\n\n\n\n<div class=\"wp-block-column is-layout-flow wp-block-column-is-layout-flow\" style=\"flex-basis:66.66%\">\n<h3 class=\"wp-block-heading\">Modalidad: <\/h3>\n\n\n\n<p><strong>En L\u00ednea<\/strong><\/p>\n<\/div>\n<\/div>\n<\/div>\n\n\n\n<div class=\"wp-block-column is-vertically-aligned-top is-layout-flow wp-block-column-is-layout-flow\">\n<div class=\"wp-block-columns is-layout-flex wp-container-core-columns-is-layout-28f84493 wp-block-columns-is-layout-flex\">\n<div class=\"wp-block-column is-layout-flow wp-block-column-is-layout-flow\" style=\"flex-basis:33.33%\">\n<figure class=\"wp-block-image alignright size-full is-resized wp-duotone-rgba515151044-ccc-3\"><img loading=\"lazy\" decoding=\"async\" width=\"1690\" height=\"2548\" src=\"http:\/\/institutolosandes.edu.ec\/wp-content\/uploads\/2023\/07\/RELOJ.png\" alt=\"\" class=\"wp-image-595\" style=\"width:72px;height:108px\"\/><\/figure>\n<\/div>\n\n\n\n<div class=\"wp-block-column is-layout-flow wp-block-column-is-layout-flow\" style=\"flex-basis:66.66%\">\n<h3 class=\"wp-block-heading\">Duraci\u00f3n: <\/h3>\n\n\n\n<p><strong>2 a\u00f1os y medio<\/strong><\/p>\n<\/div>\n<\/div>\n<\/div>\n<\/div>\n\n\n\n<div class=\"wp-block-columns alignwide is-layout-flex wp-container-core-columns-is-layout-0d407f27 wp-block-columns-is-layout-flex\" style=\"padding-top:0;padding-bottom:40px\">\n<div class=\"wp-block-column is-layout-flow wp-block-column-is-layout-flow\">\n<div class=\"wp-block-media-text has-media-on-the-right is-stacked-on-mobile\" style=\"margin-right:0;margin-left:0;padding-right:0;padding-left:0\"><div class=\"wp-block-media-text__content\">\n<p class=\"has-text-color\" style=\"color:#2d8e00;font-size:18px\"><strong>Descripci\u00f3n<\/strong><\/p>\n\n\n\n<p style=\"font-size:15px\">La Carrera de Secretariado Ejecutivo es una formaci\u00f3n especializada que prepara a los estudiantes para desempe\u00f1arse como asistentes administrativos altamente capacitados. Durante el programa acad\u00e9mico, los estudiantes adquieren habilidades en gesti\u00f3n de la oficina, comunicaci\u00f3n empresarial, manejo de documentos y coordinaci\u00f3n de tareas ejecutivas. Esta carrera ofrece la oportunidad de ser el nexo crucial entre la alta direcci\u00f3n y los departamentos de una organizaci\u00f3n, asegurando una comunicaci\u00f3n fluida y una eficiente gesti\u00f3n de informaci\u00f3n. Los graduados se convierten en profesionales esenciales para el funcionamiento eficaz de empresas y organizaciones en una variedad de sectores.<\/p>\n\n\n\n<p style=\"font-size:15px\">Correo de Secretaria: secretaria@institutolosandes.edu.ec<\/p>\n<\/div><figure class=\"wp-block-media-text__media\"><img loading=\"lazy\" decoding=\"async\" width=\"1252\" height=\"834\" src=\"http:\/\/institutolosandes.edu.ec\/wp-content\/uploads\/2023\/07\/secretaria.jpg\" alt=\"\" class=\"wp-image-534 size-full\"\/><\/figure><\/div>\n<\/div>\n<\/div>\n\n\n\n<div class=\"wp-block-columns alignwide is-layout-flex wp-container-core-columns-is-layout-0d407f27 wp-block-columns-is-layout-flex\" style=\"padding-top:0;padding-bottom:40px\">\n<div class=\"wp-block-column is-layout-flow wp-block-column-is-layout-flow\">\n<h3 class=\"wp-block-heading has-text-color\" style=\"color:#2d8e00;font-size:18px\"><strong>PERFIL DE INGRESO<\/strong><\/h3>\n\n\n\n<ul style=\"color:#00008c;background-color:#faf7ff7d\" class=\"wp-block-list has-text-color has-background\">\n<li style=\"font-size:15px\">\u00c9tica personal y profesional.<\/li>\n\n\n\n<li style=\"font-size:15px\">Conocimientos b\u00e1sicos en temas de cultura general.<\/li>\n\n\n\n<li style=\"font-size:15px\">Conocimientos b\u00e1sicos en ingl\u00e9s y computaci\u00f3n.<\/li>\n\n\n\n<li style=\"font-size:15px\">Actitudes para crear e innovar.<\/li>\n\n\n\n<li style=\"font-size:15px\">Capacidad para tomar decisiones.<\/li>\n\n\n\n<li style=\"font-size:15px\">Trabajo en equipo.<\/li>\n\n\n\n<li style=\"font-size:15px\">Disponibilidad para una buena organizaci\u00f3n.<\/li>\n\n\n\n<li style=\"font-size:15px\">Capacidad de liderazgo.<\/li>\n\n\n\n<li style=\"font-size:15px\">Habilidades para buscar, procesar y analizar informaci\u00f3n procedente de fuentes diversas.<\/li>\n\n\n\n<li style=\"font-size:15px\">Capacidad de comunicaci\u00f3n oral y escrita.<\/li>\n\n\n\n<li style=\"font-size:15px\">Capacidad para crear e innovar.<\/li>\n<\/ul>\n<\/div>\n\n\n\n<div class=\"wp-block-column is-layout-flow wp-block-column-is-layout-flow\">\n<h3 class=\"wp-block-heading has-text-color\" style=\"color:#2d8e00;font-size:18px\"><strong>CAMPO OCUPACIONAL<\/strong><\/h3>\n\n\n\n<ul class=\"wp-block-list\">\n<li style=\"font-size:15px\">Manejo de los procesos administrativos<\/li>\n\n\n\n<li style=\"font-size:15px\">Habilidades de comunicaci\u00f3n y trabajo en equipo<\/li>\n\n\n\n<li style=\"font-size:15px\">Manejo eficiente de los sistemas ofim\u00e1ticos y uso de las TICs.<\/li>\n\n\n\n<li style=\"font-size:15px\">Redactar de forma clara y concisa textos reportes e informes.<\/li>\n\n\n\n<li style=\"font-size:15px\">Planificar, coordinar y ejecutar tareas administrativas en la empresa.<\/li>\n\n\n\n<li style=\"font-size:15px\">Capacidad de Tomar decisiones precisas y concretas, de acuerdo a su competencia.<\/li>\n<\/ul>\n<\/div>\n<\/div>\n\n\n\n<div class=\"wp-block-media-text alignwide is-stacked-on-mobile\" style=\"margin-right:var(--wp--preset--spacing--30);margin-left:var(--wp--preset--spacing--30);padding-top:0;padding-bottom:40px\"><figure class=\"wp-block-media-text__media\"><img loading=\"lazy\" decoding=\"async\" width=\"1382\" height=\"922\" src=\"http:\/\/institutolosandes.edu.ec\/wp-content\/uploads\/2023\/07\/SECRETARIA-3.jpg\" alt=\"\" class=\"wp-image-589 size-full\"\/><\/figure><div class=\"wp-block-media-text__content\">\n<h3 class=\"wp-block-heading has-text-color\" style=\"color:#2d8e00;font-size:18px\"><strong>PERFIL DE EGRESO<\/strong><\/h3>\n\n\n\n<ul style=\"color:#00008c;background-color:#faf7ff7d\" class=\"wp-block-list has-text-color has-background\">\n<li style=\"font-size:15px\">Habilidad y capacidad para escribir en computadora de manera \u00e1gil y precisa, usando los programas inform\u00e1ticos actuales y entendiendo la l\u00f3gica para poder emigra a cualquier programa futuro sin mayor contratiempo. Por tanto, se trata que utilice tanto programas b\u00e1sicos, gratuitos y pagados, como programas especializados.<\/li>\n\n\n\n<li style=\"font-size:15px\">Redactar cartas, oficios, informes y m\u00e1s documentaci\u00f3n solicitada, utilizando una ortograf\u00eda impecable;<\/li>\n\n\n\n<li style=\"font-size:15px\">Brindar atenci\u00f3n al personal de la instituci\u00f3n o p\u00fablico en general con cortes\u00eda, amabilidad entregando la informaci\u00f3n solicitada de manera clara, precisa y concisa.<\/li>\n\n\n\n<li style=\"font-size:15px\">Capacidad para revisar trabajos de redacci\u00f3n oficial, manejando las normas m\u00e1s utilizadas.<\/li>\n\n\n\n<li style=\"font-size:15px\">Habilidad para archivar t\u00e9cnicamente la documentaci\u00f3n institucional, de tal forma que, en caso de ser necesario, se remita a ellas de manera en un m\u00ednimo de tiempo.<\/li>\n<\/ul>\n<\/div><\/div>\n\n\n\n<div class=\"wp-block-media-text alignwide has-media-on-the-right is-stacked-on-mobile\" style=\"margin-right:var(--wp--preset--spacing--20);margin-left:var(--wp--preset--spacing--20);padding-top:0px;padding-bottom:40px;padding-left:var(--wp--preset--spacing--20)\"><div class=\"wp-block-media-text__content\">\n<h3 class=\"wp-block-heading has-text-color\" style=\"color:#2d8e00;font-size:18px\"><strong>L\u00cdNEAS DE INVESTIGACI\u00d3N<\/strong><\/h3>\n\n\n\n<ol class=\"wp-block-list\">\n<li style=\"font-size:15px\">Transformaci\u00f3n del Secretariado Ejecutivo en la Era Digital\u00a0 \n<ul class=\"wp-block-list\">\n<li style=\"font-size:15px\">Impacto de la automatizaci\u00f3n y la inteligencia artificial en las funciones del\u00a0 secretariado ejecutivo.\u00a0 <\/li>\n\n\n\n<li style=\"font-size:15px\">Adaptaci\u00f3n a herramientas digitales para la gesti\u00f3n documental y la\u00a0 administraci\u00f3n de reuniones.\u00a0 <\/li>\n\n\n\n<li style=\"font-size:15px\">Uso de software de asistencia virtual y su impacto en la eficiencia organizacional.\u00a0 <\/li>\n\n\n\n<li style=\"font-size:15px\">Evoluci\u00f3n del perfil profesional y competencias tecnol\u00f3gicas requeridas.\u00a0 <\/li>\n<\/ul>\n<\/li>\n\n\n\n<li style=\"font-size:15px\">Comunicaci\u00f3n Intercultural y su Relevancia en el Secretariado Ejecutivo Global\u00a0 \n<ul class=\"wp-block-list\">\n<li style=\"font-size:15px\">Desarrollo de habilidades ling\u00fc\u00edsticas y culturales para la asistencia ejecutiva en empresas multinacionales.\u00a0 <\/li>\n\n\n\n<li style=\"font-size:15px\">Gesti\u00f3n de reuniones y correspondencia en contextos multiculturales.\u00a0 <\/li>\n\n\n\n<li style=\"font-size:15px\">An\u00e1lisis de protocolos y etiqueta en entornos corporativos internacionales.\u00a0 <\/li>\n\n\n\n<li style=\"font-size:15px\">Estrategias para la adaptaci\u00f3n a diferencias culturales en la comunicaci\u00f3n\u00a0 empresarial.\u00a0 <\/li>\n<\/ul>\n<\/li>\n\n\n\n<li style=\"font-size:15px\">Gesti\u00f3n del Tiempo y Productividad en el Secretariado Ejecutivo\u00a0 T\u00e9cnicas y metodolog\u00edas para la optimizaci\u00f3n del tiempo en la gesti\u00f3n de tareas\u00a0 ejecutivas.\u00a0 \n<ul class=\"wp-block-list\">\n<li style=\"font-size:15px\">Evaluaci\u00f3n del impacto de herramientas digitales en la productividad del\u00a0 secretariado.\u00a0 <\/li>\n\n\n\n<li style=\"font-size:15px\">Desarrollo de estrategias para la planificaci\u00f3n y organizaci\u00f3n del trabajo.\u00a0 <\/li>\n\n\n\n<li style=\"font-size:15px\">An\u00e1lisis del rol del secretariado en la eficiencia de la toma de decisiones\u00a0 ejecutivas.\u00a0 <\/li>\n<\/ul>\n<\/li>\n\n\n\n<li style=\"font-size:15px\">Ciberseguridad y Protecci\u00f3n de la Informaci\u00f3n en el Secretariado Ejecutivo\u00a0 Responsabilidades del secretariado en la protecci\u00f3n de datos empresariales.\u00a0 \n<ul class=\"wp-block-list\">\n<li style=\"font-size:15px\">Capacitaci\u00f3n en normas de seguridad inform\u00e1tica y gesti\u00f3n de accesos a\u00a0 informaci\u00f3n confidencial.\u00a0 <\/li>\n\n\n\n<li style=\"font-size:15px\">Estrategias para la prevenci\u00f3n de fraudes y ataques cibern\u00e9ticos en la gesti\u00f3n\u00a0 documental.\u00a0 <\/li>\n\n\n\n<li style=\"font-size:15px\">Implementaci\u00f3n de buenas pr\u00e1cticas en el manejo seguro de la informaci\u00f3n\u00a0 corporativa.\u00a0<\/li>\n<\/ul>\n<\/li>\n<\/ol>\n<\/div><figure class=\"wp-block-media-text__media\"><img loading=\"lazy\" decoding=\"async\" width=\"1680\" height=\"1120\" src=\"http:\/\/institutolosandes.edu.ec\/wp-content\/uploads\/2023\/07\/SECRETARIA-2.jpg\" alt=\"\" class=\"wp-image-590 size-full\"\/><\/figure><\/div>\n\n\n\n<div class=\"inherit-container-width wp-block-group is-layout-constrained wp-block-group-is-layout-constrained\" style=\"padding-top:0;padding-bottom:0\">\n<!DOCTYPE html>\n<html>\n<head>\n    <title>Bot\u00f3n de Despliegue de Imagen<\/title>\n    <style>\n        \/* Estilos para el bot\u00f3n *\/\n        .botonDespliegue {\n background-color: #00008c;\n            color: white;\n            border: none;\n            padding: 10px 20px;\n            margin: 5px;\n            font-size: 16px;\n            cursor: pointer;\n            width: 500px;\n            border-radius: 2px;\n            cursor: pointer;\n        }\n\n        \/* Estilos para la imagen desplegada *\/\n        .imagenDesplegada {\n            display: none;\n            position: fixed;\n            top: 100px;\n            left: 250px;\n            width: 1000px;\n            height: auto;\n            background-color: rgba(0, 0, 0, 0.4); \/* Fondo semitransparente *\/\n            z-index: 999; \/* Coloca la imagen encima de todo *\/\n            align-items: center;\n            justify-content: center;\n        }\n\n        \/* Estilos para el bot\u00f3n de cierre de la imagen *\/\n        .cerrarImagen {\n            position: absolute;\n            top: 20px;\n            right: 20px;\n            color: white;\n            font-size: 20px;\n            cursor: pointer;\n        }\n    <\/style>\n<\/head>\n<body>\n    <button class=\"botonDespliegue\" onclick=\"mostrarImagen('http:\/\/institutolosandes.edu.ec\/wp-content\/uploads\/2023\/09\/req.png')\">\n        <input type=\"image\" src=\"http:\/\/institutolosandes.edu.ec\/wp-content\/uploads\/2023\/09\/documento.png\" alt=\"Bot\u00f3n de Imagen\" width=\"80\" height=\"80\">Requisitos<\/button>\n    <button class=\"botonDespliegue\" onclick=\"mostrarImagen('https:\/\/institutolosandes.edu.ec\/wp-content\/uploads\/2024\/03\/Costos.png')\">\n        <input type=\"image\" src=\"http:\/\/institutolosandes.edu.ec\/wp-content\/uploads\/2023\/09\/financiamiento.png\" alt=\"Bot\u00f3n de Imagen\" width=\"80\" height=\"80\">Inversi\u00f3n<\/button>\n\n    <div class=\"imagenDesplegada\" id=\"imagenDesplegada\">\n        <span class=\"cerrarImagen\" onclick=\"ocultarImagen()\">&times;<\/span>\n        <img decoding=\"async\" src=\"\" alt=\"Imagen Desplegada\" id=\"imagenAmpliada\">\n    <\/div>\n\n    <script>\n        function mostrarImagen(imageUrl) {\n            var imagenDesplegada = document.getElementById(\"imagenDesplegada\");\n            var imagenAmpliada = document.getElementById(\"imagenAmpliada\");\n            imagenAmpliada.src = imageUrl;\n            imagenDesplegada.style.display = \"block\";\n        }\n\n        function ocultarImagen() {\n            var imagenDesplegada = document.getElementById(\"imagenDesplegada\");\n            imagenDesplegada.style.display = \"none\";\n        }\n    <\/script>\n<\/body>\n<\/html>\n<\/div>\n\n\n\n<div class=\"wp-block-columns is-layout-flex wp-container-core-columns-is-layout-51c0b34d wp-block-columns-is-layout-flex\" style=\"padding-top:var(--wp--preset--spacing--50);padding-bottom:var(--wp--preset--spacing--50)\">\n<div class=\"wp-block-column is-layout-flow wp-block-column-is-layout-flow\" style=\"flex-basis:50%\">\n<!-- UberMenu [Configuration:menu_secretariado] [Theme Loc:] [Integration:api] -->\n<button class=\"ubermenu-responsive-toggle ubermenu-responsive-toggle-menu_secretariado ubermenu-skin-blue-silver ubermenu-loc- ubermenu-responsive-toggle-content-align-left ubermenu-responsive-toggle-align-full \" tabindex=\"0\" data-ubermenu-target=\"ubermenu-menu_secretariado-15\"><i class=\"fas fa-bars\" ><\/i>Menu<\/button><nav id=\"ubermenu-menu_secretariado-15\" class=\"ubermenu ubermenu-nojs ubermenu-menu_secretariado ubermenu-menu-15 ubermenu-responsive ubermenu-responsive-default ubermenu-responsive-collapse ubermenu-vertical ubermenu-transition-shift ubermenu-trigger-hover_intent ubermenu-skin-blue-silver ubermenu-has-border ubermenu-bar-align-left ubermenu-items-align-auto ubermenu-bound ubermenu-disable-submenu-scroll ubermenu-sub-indicators ubermenu-retractors-responsive ubermenu-submenu-indicator-closes\"><ul id=\"ubermenu-nav-menu_secretariado-15\" class=\"ubermenu-nav\" data-title=\"Secretariado Ejecutivo\"><li id=\"menu-item-422\" class=\"ubermenu-item ubermenu-item-type-custom ubermenu-item-object-custom ubermenu-item-has-children ubermenu-item-422 ubermenu-item-level-0 ubermenu-column ubermenu-column-auto ubermenu-has-submenu-drop ubermenu-has-submenu-mega\" ><a class=\"ubermenu-target menu-link ubermenu-item-layout-default ubermenu-item-layout-text_only\" href=\"#aprobaces\" tabindex=\"0\"><span class=\"ubermenu-target-title ubermenu-target-text\">Aprobaci\u00f3n del CES<\/span><i class='ubermenu-sub-indicator fas fa-angle-down'><\/i><\/a><ul  class=\"ubermenu-submenu ubermenu-submenu-id-422 ubermenu-submenu-type-auto ubermenu-submenu-type-mega ubermenu-submenu-drop ubermenu-submenu-align-full_width\"  ><li id=\"menu-item-423\" class=\"ubermenu-item ubermenu-item-type-custom ubermenu-item-object-custom ubermenu-item-423 ubermenu-item-auto ubermenu-item-header ubermenu-item-level-1 ubermenu-column ubermenu-column-auto\" ><a class=\"ubermenu-target menu-link ubermenu-item-layout-default ubermenu-item-layout-text_only\" href=\"#resol\"><span class=\"ubermenu-target-title ubermenu-target-text\">Resoluci\u00f3n: RPC-SO-13-No.251-2020<\/span><\/a><\/li><li id=\"menu-item-424\" class=\"ubermenu-item ubermenu-item-type-custom ubermenu-item-object-custom ubermenu-item-424 ubermenu-item-auto ubermenu-item-header ubermenu-item-level-1 ubermenu-column ubermenu-column-auto\" ><a class=\"ubermenu-target menu-link ubermenu-item-layout-default ubermenu-item-layout-text_only\" href=\"#fechaapro\"><span class=\"ubermenu-target-title ubermenu-target-text\">Fecha de aprobaci\u00f3n CES: 20\/05\/2020<\/span><\/a><\/li><\/ul><\/li><li id=\"menu-item-428\" class=\"ubermenu-item ubermenu-item-type-custom ubermenu-item-object-custom ubermenu-item-has-children ubermenu-item-428 ubermenu-item-level-0 ubermenu-column ubermenu-column-auto ubermenu-has-submenu-drop ubermenu-has-submenu-mega\" ><a class=\"ubermenu-target menu-link ubermenu-item-layout-default ubermenu-item-layout-text_only\" href=\"#campos\" tabindex=\"0\"><span class=\"ubermenu-target-title ubermenu-target-text\">Campos de Conocimiento<\/span><i class='ubermenu-sub-indicator fas fa-angle-down'><\/i><\/a><ul  class=\"ubermenu-submenu ubermenu-submenu-id-428 ubermenu-submenu-type-auto ubermenu-submenu-type-mega ubermenu-submenu-drop ubermenu-submenu-align-full_width\"  ><li id=\"menu-item-429\" class=\"ubermenu-item ubermenu-item-type-custom ubermenu-item-object-custom ubermenu-item-429 ubermenu-item-auto ubermenu-item-header ubermenu-item-level-1 ubermenu-column ubermenu-column-auto\" ><a class=\"ubermenu-target menu-link ubermenu-item-layout-default ubermenu-item-layout-text_only\" href=\"#campampl\"><span class=\"ubermenu-target-title ubermenu-target-text\">Campo amplio: Administraci\u00f3n de empresas y derecho<\/span><\/a><\/li><li id=\"menu-item-430\" class=\"ubermenu-item ubermenu-item-type-custom ubermenu-item-object-custom ubermenu-item-430 ubermenu-item-auto ubermenu-item-header ubermenu-item-level-1 ubermenu-column ubermenu-column-auto\" ><a class=\"ubermenu-target menu-link ubermenu-item-layout-default ubermenu-item-layout-text_only\" href=\"#campespe\"><span class=\"ubermenu-target-title ubermenu-target-text\">Campo espec\u00edfico: Educaci\u00f3n comercial y administraci\u00f3n<\/span><\/a><\/li><li id=\"menu-item-431\" class=\"ubermenu-item ubermenu-item-type-custom ubermenu-item-object-custom ubermenu-item-431 ubermenu-item-auto ubermenu-item-header ubermenu-item-level-1 ubermenu-column ubermenu-column-auto\" ><a class=\"ubermenu-target menu-link ubermenu-item-layout-default ubermenu-item-layout-text_only\" href=\"#campdet\"><span class=\"ubermenu-target-title ubermenu-target-text\">Campo detallado: Informaci\u00f3n gerencial<\/span><\/a><\/li><\/ul><\/li><li id=\"menu-item-412\" class=\"ubermenu-item ubermenu-item-type-custom ubermenu-item-object-custom ubermenu-item-has-children ubermenu-item-412 ubermenu-item-level-0 ubermenu-column ubermenu-column-auto ubermenu-has-submenu-drop ubermenu-has-submenu-mega\" ><a class=\"ubermenu-target menu-link ubermenu-item-layout-default ubermenu-item-layout-text_only\" href=\"#malla\" tabindex=\"0\"><span class=\"ubermenu-target-title ubermenu-target-text\">Malla Curricular<\/span><i class='ubermenu-sub-indicator fas fa-angle-down'><\/i><\/a><ul  class=\"ubermenu-submenu ubermenu-submenu-id-412 ubermenu-submenu-type-auto ubermenu-submenu-type-mega ubermenu-submenu-drop ubermenu-submenu-align-full_width\"  ><li id=\"menu-item-413\" class=\"ubermenu-item ubermenu-item-type-custom ubermenu-item-object-custom ubermenu-item-413 ubermenu-item-auto ubermenu-item-header ubermenu-item-level-1 ubermenu-column ubermenu-column-auto\" ><a class=\"ubermenu-target menu-link ubermenu-item-layout-default ubermenu-item-layout-text_only\" href=\"http:\/\/institutolosandes.edu.ec\/wp-content\/uploads\/2023\/10\/OFERTA-ACADEMICA-SECRETARIADO-EJECUTIVO.pdf\"><span class=\"ubermenu-target-title ubermenu-target-text\">Descargar<\/span><\/a><\/li><\/ul><\/li><\/ul><\/nav>\n<!-- End UberMenu -->\n\n<\/div>\n\n\n\n<div class=\"wp-block-column is-layout-flow wp-block-column-is-layout-flow\" style=\"flex-basis:50%\">\n<!DOCTYPE html>\n<html>\n<head>\n    <title>Lista de Botones<\/title>\n    <style>\n        \/* Estilos para los botones *\/\n        .country-button {\n            background-color: #2d8e00;\n            color: white;\n            border: none;\n            width: 240px;\n            padding: 10px 20px;\n            margin: 5px;\n            font-size: 16px;\n            cursor: pointer;\n            border-radius: 2px;\n            \n            font-family: Poppins, Nexa;\n            transition: transform 0.3s, font-weight 0.3s; \/* Agregamos una transici\u00f3n suave a la propiedad font-weight *\/\n        }\n\n        \/* Efecto de zoom al pasar el cursor por encima *\/\n        .country-button:hover {\n            transform: scale(1.1); \/* Aumentamos el tama\u00f1o del bot\u00f3n en un 10% *\/\n            font-weight: bolder; \/* Cambiamos el peso de la letra a negrita *\/\n        }\n\n        \/* Estilos para la lista de pa\u00edses *\/\n        .country-list {\n            position: fixed;\n            bottom: 120px;\n            right: 20px;\n            list-style: none;\n            padding: 0;\n            margin: 0;\n                \n        }\n    <\/style>\n<\/head>\n<body>\n    \n    <ul class=\"country-list\">\n        <li><a href=\"https:\/\/api.whatsapp.com\/send\/?phone=593984344331&#038;text&#038;type=phone_number&#038;app_absent=0&#038;text=Quiero%20postularme%20a%20la%20carrera%20de%20Secretariado%20Ejecutivo.%20%C2%BFQu%C3%A9%20necesito?\"><button class=\"country-button\">Incr\u00edbete Aqui<\/button><\/a><\/li>\n        <li><a href=\"http:\/\/institutolosandes.edu.ec\/index.php\/homologacion\/\"><button class=\"country-button\">Plan de Homologaci\u00f3n<\/button><\/a><\/li>\n        <li><a href=\"http:\/\/institutolosandes.edu.ec\/index.php\/becas\/\"><button class=\"country-button\">Postula a una Beca<\/button><\/a><\/li>\n    <\/ul>\n<\/body>\n<\/html>\n<\/div>\n<\/div>\n","protected":false},"excerpt":{"rendered":"<p>T\u00edtulo a Obtener: Tecn\u00f3logo\/a Superior en Secretariado Ejecutivo Modalidad: En L\u00ednea Duraci\u00f3n: 2 a\u00f1os y medio Descripci\u00f3n La Carrera de Secretariado Ejecutivo es una formaci\u00f3n especializada que prepara a los estudiantes para desempe\u00f1arse como asistentes administrativos altamente capacitados. Durante el programa acad\u00e9mico, los estudiantes adquieren habilidades en gesti\u00f3n de la oficina, comunicaci\u00f3n empresarial, manejo de &hellip;<\/p>\n<p class=\"read-more\"> <a class=\"\" href=\"https:\/\/institutolosandes.edu.ec\/index.php\/secretariado-ejecutivo\/\"> <span class=\"screen-reader-text\">Secretariado Ejecutivo<\/span> Leer m\u00e1s &raquo;<\/a><\/p>\n","protected":false},"author":1,"featured_media":0,"parent":0,"menu_order":0,"comment_status":"closed","ping_status":"closed","template":"","meta":{"site-sidebar-layout":"no-sidebar","site-content-layout":"plain-container","ast-global-header-display":"disabled","ast-banner-title-visibility":"disabled","ast-main-header-display":"","ast-hfb-above-header-display":"","ast-hfb-below-header-display":"","ast-hfb-mobile-header-display":"","site-post-title":"disabled","ast-breadcrumbs-content":"","ast-featured-img":"disabled","footer-sml-layout":"","theme-transparent-header-meta":"","adv-header-id-meta":"","stick-header-meta":"","header-above-stick-meta":"","header-main-stick-meta":"","header-below-stick-meta":"","footnotes":""},"class_list":["post-533","page","type-page","status-publish","hentry"],"_links":{"self":[{"href":"https:\/\/institutolosandes.edu.ec\/index.php\/wp-json\/wp\/v2\/pages\/533","targetHints":{"allow":["GET"]}}],"collection":[{"href":"https:\/\/institutolosandes.edu.ec\/index.php\/wp-json\/wp\/v2\/pages"}],"about":[{"href":"https:\/\/institutolosandes.edu.ec\/index.php\/wp-json\/wp\/v2\/types\/page"}],"author":[{"embeddable":true,"href":"https:\/\/institutolosandes.edu.ec\/index.php\/wp-json\/wp\/v2\/users\/1"}],"replies":[{"embeddable":true,"href":"https:\/\/institutolosandes.edu.ec\/index.php\/wp-json\/wp\/v2\/comments?post=533"}],"version-history":[{"count":34,"href":"https:\/\/institutolosandes.edu.ec\/index.php\/wp-json\/wp\/v2\/pages\/533\/revisions"}],"predecessor-version":[{"id":3410,"href":"https:\/\/institutolosandes.edu.ec\/index.php\/wp-json\/wp\/v2\/pages\/533\/revisions\/3410"}],"wp:attachment":[{"href":"https:\/\/institutolosandes.edu.ec\/index.php\/wp-json\/wp\/v2\/media?parent=533"}],"curies":[{"name":"wp","href":"https:\/\/api.w.org\/{rel}","templated":true}]}}