{"id":518,"date":"2023-07-30T17:09:55","date_gmt":"2023-07-30T22:09:55","guid":{"rendered":"http:\/\/institutolosandes.edu.ec\/?page_id=518"},"modified":"2025-10-27T16:29:00","modified_gmt":"2025-10-27T21:29:00","slug":"marketing-digital-y-comercio-electronico","status":"publish","type":"page","link":"https:\/\/institutolosandes.edu.ec\/index.php\/marketing-digital-y-comercio-electronico\/","title":{"rendered":"Marketing Digital y Comercio Electr\u00f3nico"},"content":{"rendered":"\n<div class=\"wp-block-columns alignwide are-vertically-aligned-top has-medium-font-size is-layout-flex wp-container-core-columns-is-layout-84ff12d0 wp-block-columns-is-layout-flex\" style=\"padding-top:2rem;padding-right:0rem;padding-bottom:0rem;padding-left:0rem\">\n<div class=\"wp-block-column is-vertically-aligned-top is-layout-flow wp-block-column-is-layout-flow\">\n<div class=\"wp-block-columns is-layout-flex wp-container-core-columns-is-layout-28f84493 wp-block-columns-is-layout-flex\">\n<div class=\"wp-block-column is-layout-flow wp-block-column-is-layout-flow\" style=\"flex-basis:33.33%\">\n<figure class=\"wp-block-image alignright size-full is-resized wp-duotone-rgba000058-rgb255255255-1\"><img loading=\"lazy\" decoding=\"async\" width=\"3076\" height=\"2770\" src=\"http:\/\/institutolosandes.edu.ec\/wp-content\/uploads\/2023\/07\/DIPLOMA.png\" alt=\"\" class=\"wp-image-499\" style=\"width:109px;height:98px\"\/><\/figure>\n<\/div>\n\n\n\n<div class=\"wp-block-column is-layout-flow wp-block-column-is-layout-flow\" style=\"flex-basis:66.66%\">\n<h3 class=\"wp-block-heading\">T\u00edtulo a Obtener: <\/h3>\n\n\n\n<p><strong>Tecn\u00f3logo\/a Superior en Marketing Digital y Comercio Electr\u00f3nico <\/strong><\/p>\n<\/div>\n<\/div>\n<\/div>\n\n\n\n<div class=\"wp-block-column is-vertically-aligned-top is-layout-flow wp-block-column-is-layout-flow\">\n<div class=\"wp-block-columns is-layout-flex wp-container-core-columns-is-layout-28f84493 wp-block-columns-is-layout-flex\">\n<div class=\"wp-block-column is-layout-flow wp-block-column-is-layout-flow\" style=\"flex-basis:33.33%\">\n<figure class=\"wp-block-image alignright size-full is-resized wp-duotone-rgba515151044-ccc-2\"><img loading=\"lazy\" decoding=\"async\" width=\"3143\" height=\"2312\" src=\"http:\/\/institutolosandes.edu.ec\/wp-content\/uploads\/2023\/07\/COMPU.png\" alt=\"\" class=\"wp-image-596\" style=\"width:undefinedpx;height:90px\"\/><\/figure>\n<\/div>\n\n\n\n<div class=\"wp-block-column is-layout-flow wp-block-column-is-layout-flow\" style=\"flex-basis:66.66%\">\n<h3 class=\"wp-block-heading\">Modalidad: <\/h3>\n\n\n\n<p><strong>En L\u00ednea<\/strong><\/p>\n<\/div>\n<\/div>\n<\/div>\n\n\n\n<div class=\"wp-block-column is-vertically-aligned-top is-layout-flow wp-block-column-is-layout-flow\">\n<div class=\"wp-block-columns is-layout-flex wp-container-core-columns-is-layout-28f84493 wp-block-columns-is-layout-flex\">\n<div class=\"wp-block-column is-layout-flow wp-block-column-is-layout-flow\" style=\"flex-basis:33.33%\">\n<figure class=\"wp-block-image alignright size-full is-resized wp-duotone-rgba515151044-ccc-3\"><img loading=\"lazy\" decoding=\"async\" width=\"1690\" height=\"2548\" src=\"http:\/\/institutolosandes.edu.ec\/wp-content\/uploads\/2023\/07\/RELOJ.png\" alt=\"\" class=\"wp-image-595\" style=\"width:67px;height:100px\"\/><\/figure>\n<\/div>\n\n\n\n<div class=\"wp-block-column is-layout-flow wp-block-column-is-layout-flow\" style=\"flex-basis:66.66%\">\n<h3 class=\"wp-block-heading\">Duraci\u00f3n: <\/h3>\n\n\n\n<p><strong>2 a\u00f1os y medio<\/strong><\/p>\n<\/div>\n<\/div>\n<\/div>\n<\/div>\n\n\n\n<div class=\"wp-block-columns alignwide is-layout-flex wp-container-core-columns-is-layout-0d407f27 wp-block-columns-is-layout-flex\" style=\"padding-top:0;padding-bottom:40px\">\n<div class=\"wp-block-column is-layout-flow wp-block-column-is-layout-flow\">\n<div class=\"wp-block-media-text has-media-on-the-right is-stacked-on-mobile\"><div class=\"wp-block-media-text__content\">\n<p class=\"has-text-color\" style=\"color:#2d8e00;font-size:18px\"><strong>Descripci\u00f3n<\/strong><\/p>\n\n\n\n<p style=\"font-size:15px\">La carrera de Marketing Digital y Comercio Electr\u00f3nico es la puerta de entrada al emocionante mundo de los negocios en l\u00ednea. En esta disciplina, los estudiantes adquieren habilidades clave para promocionar productos y servicios en el entorno digital y aprovechar al m\u00e1ximo el comercio electr\u00f3nico. A lo largo de esta carrera, se exploran estrategias de marketing en l\u00ednea, an\u00e1lisis de datos, publicidad digital y gesti\u00f3n de redes sociales, todo con el objetivo de impulsar el crecimiento de las empresas en la era digital. Con el auge del comercio electr\u00f3nico, esta carrera ofrece oportunidades emocionantes para aquellos que deseen estar a la vanguardia de la revoluci\u00f3n digital y contribuir al \u00e9xito de las empresas en el mundo en l\u00ednea.<\/p>\n\n\n\n<p style=\"font-size:15px\">Correo de Secretaria: secretaria@institutolosandes.edu.ec<\/p>\n<\/div><figure class=\"wp-block-media-text__media\"><img loading=\"lazy\" decoding=\"async\" width=\"1313\" height=\"876\" src=\"http:\/\/institutolosandes.edu.ec\/wp-content\/uploads\/2023\/07\/MARKETING.jpg\" alt=\"\" class=\"wp-image-530 size-full\"\/><\/figure><\/div>\n<\/div>\n<\/div>\n\n\n\n<div class=\"wp-block-columns is-layout-flex wp-container-core-columns-is-layout-b280108f wp-block-columns-is-layout-flex\" style=\"padding-top:0;padding-bottom:40px;padding-left:0\">\n<div class=\"wp-block-column has-text-color has-background is-layout-flow wp-block-column-is-layout-flow\" style=\"color:#00008c;background-color:#faf7ff7d\">\n<p class=\"has-text-color\" style=\"color:#2d8e00;font-size:18px\"><strong>PERFIL DE INGRESO<\/strong><\/p>\n\n\n\n<p class=\"has-ast-global-color-0-color has-text-color has-background\" style=\"background-color:#faf7ff7d;font-size:15px\">\u2022\u00c9tica personal y profesional.<br>\u2022Conocimientos b\u00e1sicos en temas de cultura general.<br>\u2022Conocimientos b\u00e1sicos en ingl\u00e9s y computaci\u00f3n.<br>\u2022Actitudes para crear e innovar.<br>\u2022Capacidad para tomar decisiones.<br>\u2022Trabajo en equipo.<br>\u2022Disponibilidad para una buena organizaci\u00f3n.<br>\u2022Capacidad de liderazgo.<br>\u2022Habilidades para buscar, procesar y analizar informaci\u00f3n procedente de fuentes diversas.<br>\u2022Capacidad de comunicaci\u00f3n oral y escrita.<br>\u2022Capacidad para crear e innovar.<\/p>\n<\/div>\n\n\n\n<div class=\"wp-block-column is-layout-flow wp-container-core-column-is-layout-f016c79b wp-block-column-is-layout-flow\" style=\"padding-top:0;padding-right:0;padding-bottom:0;padding-left:0\">\n<p class=\"has-text-color\" style=\"color:#2d8e00;font-size:18px\"><strong>CAMPO OCUPACIONAL<\/strong><\/p>\n\n\n\n<p style=\"font-size:15px\">\u2022 Asistir o supervisar el \u00e1rea de mercadeo o publicidad.<br>\u2022 Coordinar las \u00e1reas de relaciones p\u00fablicas y de investigaci\u00f3n de mercados<br>\u2022 Asistir y dar soporte a la gerente de producto Junior<br>\u2022 Analizar los mercados y dar soluciones practicas<br>\u2022 Dirigir peque\u00f1as y medianas empresas del \u00e1rea del mercadeo o publicidad<\/p>\n<\/div>\n<\/div>\n\n\n\n<div class=\"inherit-container-width wp-block-group alignwide is-layout-constrained wp-block-group-is-layout-constrained\" style=\"margin-top:0;margin-bottom:0;padding-top:var(--wp--preset--spacing--20);padding-bottom:var(--wp--preset--spacing--20)\">\n<div class=\"wp-block-media-text alignwide is-stacked-on-mobile\" style=\"padding-top:0;padding-bottom:40px;padding-left:0\"><figure class=\"wp-block-media-text__media\"><img loading=\"lazy\" decoding=\"async\" width=\"7952\" height=\"5304\" src=\"http:\/\/institutolosandes.edu.ec\/wp-content\/uploads\/2023\/07\/MARKETING-2.jpg\" alt=\"\" class=\"wp-image-585 size-full\"\/><\/figure><div class=\"wp-block-media-text__content\">\n<p class=\"has-text-color\" style=\"color:#2d8e00;font-size:18px\"><strong>PERFIL DE EGRESO<\/strong><\/p>\n\n\n\n<p class=\"has-text-color has-background\" style=\"color:#00008c;background-color:#faf7ff7d;margin-right:var(--wp--preset--spacing--40);margin-left:var(--wp--preset--spacing--40);font-size:15px\">\u2022 Dise\u00f1o operativo en el \u00e1rea de mercadeo digital y comercio electr\u00f3nico para el desarrollo de nuevos productos<br>\u2022 Ejecuta campa\u00f1as publicitarias, especialmente digitales, para la promoci\u00f3n de productos y servicios.<br>\u2022 Crea posicionamiento de la imagen corporativa de la organizaci\u00f3n.<br>\u2022 Comprensi\u00f3n de los mercados cambiantes mediante el an\u00e1lisis de informaci\u00f3n actualizada y capacidad para asumir los retos que<br>presenten los mercados.<br>\u2022 Promueve a trav\u00e9s de las nuevas tecnolog\u00edas los productos y servicios que ofrecen las empresas.<\/p>\n<\/div><\/div>\n<\/div>\n\n\n\n<div class=\"inherit-container-width wp-block-group alignwide is-layout-constrained wp-block-group-is-layout-constrained\" style=\"padding-top:var(--wp--preset--spacing--20);padding-bottom:var(--wp--preset--spacing--20)\">\n<div class=\"wp-block-media-text alignfull has-media-on-the-right is-stacked-on-mobile is-vertically-aligned-center\" style=\"margin-right:0;margin-left:0;padding-top:0px;padding-bottom:40px\"><div class=\"wp-block-media-text__content\">\n<p class=\"has-text-color\" style=\"color:#2d8e00\"><strong>L\u00cdNEAS DE INVESTIGACI\u00d3N<\/strong><\/p>\n\n\n\n<ol style=\"margin-top:0;margin-right:var(--wp--preset--spacing--20);margin-bottom:0;margin-left:var(--wp--preset--spacing--20)\" class=\"wp-block-list\">\n<li style=\"font-size:15px\"> Marketing Digital y Crecimiento de Peque\u00f1as Empresas en Ecuador\u00a0 \n<ul class=\"wp-block-list\">\n<li style=\"font-size:15px\">An\u00e1lisis del uso de estrategias de marketing digital en PYMES ecuatorianas.\u00a0 <\/li>\n\n\n\n<li style=\"font-size:15px\">Impacto de la transformaci\u00f3n digital en la competitividad de peque\u00f1os negocios.\u00a0<\/li>\n\n\n\n<li style=\"font-size:15px\"> Factores que influyen en la adopci\u00f3n del marketing digital en peque\u00f1as empresas.\u00a0 <\/li>\n\n\n\n<li style=\"font-size:15px\">Casos de \u00e9xito de emprendimientos ecuatorianos que han crecido mediante\u00a0 marketing digital.\u00a0 <\/li>\n<\/ul>\n<\/li>\n\n\n\n<li style=\"font-size:15px\">Comercio Electr\u00f3nico y Pr\u00e1cticas Sostenibles\u00a0\n<ul class=\"wp-block-list\">\n<li style=\"font-size:15px\"> Estudio del comercio electr\u00f3nico como herramienta para la promoci\u00f3n de\u00a0 productos ecol\u00f3gicos.\u00a0 <\/li>\n\n\n\n<li style=\"font-size:15px\">An\u00e1lisis del comportamiento del consumidor ecuatoriano frente a productos\u00a0 sostenibles en plataformas digitales.\u00a0 <\/li>\n\n\n\n<li style=\"font-size:15px\">Estrategias de green marketing en el e-commerce en Ecuador.\u00a0 <\/li>\n\n\n\n<li style=\"font-size:15px\">Implementaci\u00f3n de modelos de negocio sostenibles mediante plataformas\u00a0 digitales.\u00a0 <\/li>\n<\/ul>\n<\/li>\n\n\n\n<li style=\"font-size:15px\">Formaci\u00f3n en Marketing Digital para Comunidades Desfavorecidas\u00a0 \n<ul class=\"wp-block-list\">\n<li style=\"font-size:15px\">Evaluaci\u00f3n del impacto de la educaci\u00f3n en marketing digital en comunidades\u00a0 rurales y sectores vulnerables.\u00a0 <\/li>\n\n\n\n<li style=\"font-size:15px\">Dise\u00f1o de metodolog\u00edas accesibles para la ense\u00f1anza de marketing digital en\u00a0 contextos de bajos recursos.\u00a0 <\/li>\n\n\n\n<li style=\"font-size:15px\">An\u00e1lisis de casos de \u00e9xito de programas de capacitaci\u00f3n en marketing digital en\u00a0 Latinoam\u00e9rica.\u00a0 <\/li>\n\n\n\n<li style=\"font-size:15px\">Identificaci\u00f3n de barreras y oportunidades para la digitalizaci\u00f3n de peque\u00f1os\u00a0 emprendimientos en comunidades desfavorecidas.\u00a0 <\/li>\n<\/ul>\n<\/li>\n\n\n\n<li style=\"font-size:15px\">Redes Sociales y Marketing Digital para el Activismo y Causas Sociales\u00a0 \n<ul class=\"wp-block-list\">\n<li style=\"font-size:15px\">An\u00e1lisis del impacto de campa\u00f1as digitales en la promoci\u00f3n de derechos humanos\u00a0 y justicia social en Ecuador.\u00a0 <\/li>\n\n\n\n<li style=\"font-size:15px\">Estrategias de comunicaci\u00f3n digital para ONGs y movimientos sociales.\u00a0 <\/li>\n\n\n\n<li style=\"font-size:15px\">Uso de plataformas como Facebook, Instagram y TikTok en la difusi\u00f3n de causas\u00a0 sociales.\u00a0 <\/li>\n\n\n\n<li style=\"font-size:15px\">Evaluaci\u00f3n de la efectividad de estrategias de engagement y storytelling en el\u00a0 activismo digital.\u00a0<\/li>\n<\/ul>\n<\/li>\n<\/ol>\n<\/div><figure class=\"wp-block-media-text__media\"><img loading=\"lazy\" decoding=\"async\" width=\"5000\" height=\"3333\" src=\"http:\/\/institutolosandes.edu.ec\/wp-content\/uploads\/2023\/07\/MARKETING-3.jpg\" alt=\"\" class=\"wp-image-587 size-full\"\/><\/figure><\/div>\n<\/div>\n\n\n\n<div class=\"inherit-container-width wp-block-group is-layout-constrained wp-block-group-is-layout-constrained\" style=\"padding-top:0;padding-bottom:0\">\n<!DOCTYPE html>\n<html>\n<head>\n    <title>Bot\u00f3n de Despliegue de Imagen<\/title>\n    <style>\n        \/* Estilos para el bot\u00f3n *\/\n        .botonDespliegue {\n background-color: #00008c;\n            color: white;\n            border: none;\n            padding: 10px 20px;\n            margin: 5px;\n            font-size: 16px;\n            cursor: pointer;\n            width: 500px;\n            border-radius: 2px;\n            cursor: pointer;\n        }\n\n        \/* Estilos para la imagen desplegada *\/\n        .imagenDesplegada {\n            display: none;\n            position: fixed;\n            top: 100px;\n            left: 250px;\n            width: 1000px;\n            height: auto;\n            background-color: rgba(0, 0, 0, 0.4); \/* Fondo semitransparente *\/\n            z-index: 999; \/* Coloca la imagen encima de todo *\/\n            align-items: center;\n            justify-content: center;\n        }\n\n        \/* Estilos para el bot\u00f3n de cierre de la imagen *\/\n        .cerrarImagen {\n            position: absolute;\n            top: 20px;\n            right: 20px;\n            color: white;\n            font-size: 20px;\n            cursor: pointer;\n        }\n    <\/style>\n<\/head>\n<body>\n    <button class=\"botonDespliegue\" onclick=\"mostrarImagen('http:\/\/institutolosandes.edu.ec\/wp-content\/uploads\/2023\/09\/req.png')\">\n        <input type=\"image\" src=\"http:\/\/institutolosandes.edu.ec\/wp-content\/uploads\/2023\/09\/documento.png\" alt=\"Bot\u00f3n de Imagen\" width=\"80\" height=\"80\">Requisitos<\/button>\n    <button class=\"botonDespliegue\" onclick=\"mostrarImagen('https:\/\/institutolosandes.edu.ec\/wp-content\/uploads\/2024\/03\/Costos.png')\">\n        <input type=\"image\" src=\"http:\/\/institutolosandes.edu.ec\/wp-content\/uploads\/2023\/09\/financiamiento.png\" alt=\"Bot\u00f3n de Imagen\" width=\"80\" height=\"80\">Inversi\u00f3n<\/button>\n\n    <div class=\"imagenDesplegada\" id=\"imagenDesplegada\">\n        <span class=\"cerrarImagen\" onclick=\"ocultarImagen()\">&times;<\/span>\n        <img decoding=\"async\" src=\"\" alt=\"Imagen Desplegada\" id=\"imagenAmpliada\">\n    <\/div>\n\n    <script>\n        function mostrarImagen(imageUrl) {\n            var imagenDesplegada = document.getElementById(\"imagenDesplegada\");\n            var imagenAmpliada = document.getElementById(\"imagenAmpliada\");\n            imagenAmpliada.src = imageUrl;\n            imagenDesplegada.style.display = \"block\";\n        }\n\n        function ocultarImagen() {\n            var imagenDesplegada = document.getElementById(\"imagenDesplegada\");\n            imagenDesplegada.style.display = \"none\";\n        }\n    <\/script>\n<\/body>\n<\/html>\n<\/div>\n\n\n\n<div class=\"wp-block-columns is-layout-flex wp-container-core-columns-is-layout-55d7b621 wp-block-columns-is-layout-flex\" style=\"padding-top:var(--wp--preset--spacing--50);padding-right:var(--wp--preset--spacing--20);padding-bottom:var(--wp--preset--spacing--50);padding-left:var(--wp--preset--spacing--20)\">\n<div class=\"wp-block-column is-layout-flow wp-block-column-is-layout-flow\" style=\"flex-basis:50%\">\n<!-- UberMenu [Configuration:menu_markdigital] [Theme Loc:] [Integration:api] -->\n<button class=\"ubermenu-responsive-toggle ubermenu-responsive-toggle-menu_markdigital ubermenu-skin-blue-silver ubermenu-loc- ubermenu-responsive-toggle-content-align-left ubermenu-responsive-toggle-align-full \" tabindex=\"0\" data-ubermenu-target=\"ubermenu-menu_markdigital-14\"><i class=\"fas fa-bars\" ><\/i>Menu<\/button><nav id=\"ubermenu-menu_markdigital-14\" class=\"ubermenu ubermenu-nojs ubermenu-menu_markdigital ubermenu-menu-14 ubermenu-responsive ubermenu-responsive-default ubermenu-responsive-collapse ubermenu-vertical ubermenu-transition-shift ubermenu-trigger-hover_intent ubermenu-skin-blue-silver ubermenu-has-border ubermenu-bar-align-left ubermenu-items-align-auto ubermenu-bound ubermenu-disable-submenu-scroll ubermenu-sub-indicators ubermenu-retractors-responsive ubermenu-submenu-indicator-closes\"><ul id=\"ubermenu-nav-menu_markdigital-14\" class=\"ubermenu-nav\" data-title=\"Marketing Digital y Comercio Electr\u00f3nico\"><li id=\"menu-item-401\" class=\"ubermenu-item ubermenu-item-type-custom ubermenu-item-object-custom ubermenu-item-has-children ubermenu-item-401 ubermenu-item-level-0 ubermenu-column ubermenu-column-auto ubermenu-has-submenu-drop ubermenu-has-submenu-mega\" ><a class=\"ubermenu-target menu-link ubermenu-item-layout-default ubermenu-item-layout-text_only\" href=\"#aproces\" tabindex=\"0\"><span class=\"ubermenu-target-title ubermenu-target-text\">Aprobaci\u00f3n del CES<\/span><i class='ubermenu-sub-indicator fas fa-angle-down'><\/i><\/a><ul  class=\"ubermenu-submenu ubermenu-submenu-id-401 ubermenu-submenu-type-auto ubermenu-submenu-type-mega ubermenu-submenu-drop ubermenu-submenu-align-full_width\"  ><li id=\"menu-item-402\" class=\"ubermenu-item ubermenu-item-type-custom ubermenu-item-object-custom ubermenu-item-402 ubermenu-item-auto ubermenu-item-header ubermenu-item-level-1 ubermenu-column ubermenu-column-auto\" ><a class=\"ubermenu-target menu-link ubermenu-item-layout-default ubermenu-item-layout-text_only\" href=\"#resolucion\"><span class=\"ubermenu-target-title ubermenu-target-text\">Resoluci\u00f3n: RPC-SO-13-No.251-2020<\/span><\/a><\/li><li id=\"menu-item-403\" class=\"ubermenu-item ubermenu-item-type-custom ubermenu-item-object-custom ubermenu-item-403 ubermenu-item-auto ubermenu-item-header ubermenu-item-level-1 ubermenu-column ubermenu-column-auto\" ><a class=\"ubermenu-target menu-link ubermenu-item-layout-default ubermenu-item-layout-text_only\" href=\"#fechaapro\"><span class=\"ubermenu-target-title ubermenu-target-text\">Fecha de aprobaci\u00f3n CES: 20\/05\/2020<\/span><\/a><\/li><\/ul><\/li><li id=\"menu-item-407\" class=\"ubermenu-item ubermenu-item-type-custom ubermenu-item-object-custom ubermenu-item-has-children ubermenu-item-407 ubermenu-item-level-0 ubermenu-column ubermenu-column-auto ubermenu-has-submenu-drop ubermenu-has-submenu-mega\" ><a class=\"ubermenu-target menu-link ubermenu-item-layout-default ubermenu-item-layout-text_only\" href=\"#campcono\" tabindex=\"0\"><span class=\"ubermenu-target-title ubermenu-target-text\">Campos de Conocimientos<\/span><i class='ubermenu-sub-indicator fas fa-angle-down'><\/i><\/a><ul  class=\"ubermenu-submenu ubermenu-submenu-id-407 ubermenu-submenu-type-auto ubermenu-submenu-type-mega ubermenu-submenu-drop ubermenu-submenu-align-full_width\"  ><li id=\"menu-item-408\" class=\"ubermenu-item ubermenu-item-type-custom ubermenu-item-object-custom ubermenu-item-408 ubermenu-item-auto ubermenu-item-header ubermenu-item-level-1 ubermenu-column ubermenu-column-auto\" ><a class=\"ubermenu-target menu-link ubermenu-item-layout-default ubermenu-item-layout-text_only\" href=\"#camamp\"><span class=\"ubermenu-target-title ubermenu-target-text\">Campo amplio: Administraci\u00f3n de empresas y derecho<\/span><\/a><\/li><li id=\"menu-item-409\" class=\"ubermenu-item ubermenu-item-type-custom ubermenu-item-object-custom ubermenu-item-409 ubermenu-item-auto ubermenu-item-header ubermenu-item-level-1 ubermenu-column ubermenu-column-auto\" ><a class=\"ubermenu-target menu-link ubermenu-item-layout-default ubermenu-item-layout-text_only\" href=\"#campespe\"><span class=\"ubermenu-target-title ubermenu-target-text\">Campo espec\u00edfico: Educaci\u00f3n comercial y administraci\u00f3n<\/span><\/a><\/li><li id=\"menu-item-410\" class=\"ubermenu-item ubermenu-item-type-custom ubermenu-item-object-custom ubermenu-item-410 ubermenu-item-auto ubermenu-item-header ubermenu-item-level-1 ubermenu-column ubermenu-column-auto\" ><a class=\"ubermenu-target menu-link ubermenu-item-layout-default ubermenu-item-layout-text_only\" href=\"#campdetalla\"><span class=\"ubermenu-target-title ubermenu-target-text\">Campo detallado: Contabilidad y auditor\u00eda<\/span><\/a><\/li><\/ul><\/li><li id=\"menu-item-391\" class=\"ubermenu-item ubermenu-item-type-custom ubermenu-item-object-custom ubermenu-item-has-children ubermenu-item-391 ubermenu-item-level-0 ubermenu-column ubermenu-column-auto ubermenu-has-submenu-drop ubermenu-has-submenu-mega\" ><a class=\"ubermenu-target menu-link ubermenu-item-layout-default ubermenu-item-layout-text_only\" href=\"#malla\" tabindex=\"0\"><span class=\"ubermenu-target-title ubermenu-target-text\">Malla Curricular<\/span><i class='ubermenu-sub-indicator fas fa-angle-down'><\/i><\/a><ul  class=\"ubermenu-submenu ubermenu-submenu-id-391 ubermenu-submenu-type-auto ubermenu-submenu-type-mega ubermenu-submenu-drop ubermenu-submenu-align-full_width\"  ><li id=\"menu-item-392\" class=\"ubermenu-item ubermenu-item-type-custom ubermenu-item-object-custom ubermenu-item-392 ubermenu-item-auto ubermenu-item-header ubermenu-item-level-1 ubermenu-column ubermenu-column-auto\" ><a class=\"ubermenu-target menu-link ubermenu-item-layout-default ubermenu-item-layout-text_only\" href=\"http:\/\/institutolosandes.edu.ec\/wp-content\/uploads\/2023\/10\/OFERTA-ACADEMICA-MARKETING-SIGITAL-Y-COMERCIO-ELECTRONICO.pdf\"><span class=\"ubermenu-target-title ubermenu-target-text\">Descargar<\/span><\/a><\/li><\/ul><\/li><\/ul><\/nav>\n<!-- End UberMenu -->\n\n<\/div>\n\n\n\n<div class=\"wp-block-column is-layout-flow wp-block-column-is-layout-flow\" style=\"flex-basis:50%\">\n<!DOCTYPE html>\n<html>\n<head>\n    <title>Lista de Botones<\/title>\n    <style>\n        \/* Estilos para los botones *\/\n        .country-button {\n            background-color: #2d8e00;\n            color: white;\n            border: none;\n            width: 240px;\n            padding: 10px 20px;\n            margin: 5px;\n            font-size: 16px;\n            cursor: pointer;\n            border-radius: 2px;\n            \n            font-family: Poppins, Nexa;\n            transition: transform 0.3s, font-weight 0.3s; \/* Agregamos una transici\u00f3n suave a la propiedad font-weight *\/\n        }\n\n        \/* Efecto de zoom al pasar el cursor por encima *\/\n        .country-button:hover {\n            transform: scale(1.1); \/* Aumentamos el tama\u00f1o del bot\u00f3n en un 10% *\/\n            font-weight: bolder; \/* Cambiamos el peso de la letra a negrita *\/\n        }\n\n        \/* Estilos para la lista de pa\u00edses *\/\n        .country-list {\n            position: fixed;\n            bottom: 120px;\n            right: 20px;\n            list-style: none;\n            padding: 0;\n            margin: 0;\n                \n        }\n    <\/style>\n<\/head>\n<body>\n    \n    <ul class=\"country-list\">\n        <li><a href=\"https:\/\/api.whatsapp.com\/send\/?phone=593984344331&#038;text&#038;type=phone_number&#038;app_absent=0&#038;text=Quiero%20postularme%20a%20la%20carrera%20de%20Marketing%20Digital%20y%20Comercio%20Electr\u00f3nico%20%C2%BFQu%C3%A9%20necesito?\"><button class=\"country-button\">Incr\u00edbete Aqui<\/button><\/a><\/li>\n        <li><a href=\"http:\/\/institutolosandes.edu.ec\/index.php\/homologacion\/\"><button class=\"country-button\">Plan de Homologaci\u00f3n<\/button><\/a><\/li>\n        <li><a href=\"http:\/\/institutolosandes.edu.ec\/index.php\/becas\/\"><button class=\"country-button\">Postula a una Beca<\/button><\/a><\/li>\n    <\/ul>\n<\/body>\n<\/html>\n<\/div>\n<\/div>\n","protected":false},"excerpt":{"rendered":"<p>T\u00edtulo a Obtener: Tecn\u00f3logo\/a Superior en Marketing Digital y Comercio Electr\u00f3nico Modalidad: En L\u00ednea Duraci\u00f3n: 2 a\u00f1os y medio Descripci\u00f3n La carrera de Marketing Digital y Comercio Electr\u00f3nico es la puerta de entrada al emocionante mundo de los negocios en l\u00ednea. En esta disciplina, los estudiantes adquieren habilidades clave para promocionar productos y servicios en &hellip;<\/p>\n<p class=\"read-more\"> <a class=\"\" href=\"https:\/\/institutolosandes.edu.ec\/index.php\/marketing-digital-y-comercio-electronico\/\"> <span class=\"screen-reader-text\">Marketing Digital y Comercio Electr\u00f3nico<\/span> Leer m\u00e1s &raquo;<\/a><\/p>\n","protected":false},"author":1,"featured_media":0,"parent":0,"menu_order":0,"comment_status":"closed","ping_status":"closed","template":"","meta":{"site-sidebar-layout":"no-sidebar","site-content-layout":"plain-container","ast-global-header-display":"disabled","ast-banner-title-visibility":"disabled","ast-main-header-display":"","ast-hfb-above-header-display":"","ast-hfb-below-header-display":"","ast-hfb-mobile-header-display":"","site-post-title":"disabled","ast-breadcrumbs-content":"","ast-featured-img":"disabled","footer-sml-layout":"","theme-transparent-header-meta":"","adv-header-id-meta":"","stick-header-meta":"","header-above-stick-meta":"","header-main-stick-meta":"","header-below-stick-meta":"","footnotes":""},"class_list":["post-518","page","type-page","status-publish","hentry"],"_links":{"self":[{"href":"https:\/\/institutolosandes.edu.ec\/index.php\/wp-json\/wp\/v2\/pages\/518","targetHints":{"allow":["GET"]}}],"collection":[{"href":"https:\/\/institutolosandes.edu.ec\/index.php\/wp-json\/wp\/v2\/pages"}],"about":[{"href":"https:\/\/institutolosandes.edu.ec\/index.php\/wp-json\/wp\/v2\/types\/page"}],"author":[{"embeddable":true,"href":"https:\/\/institutolosandes.edu.ec\/index.php\/wp-json\/wp\/v2\/users\/1"}],"replies":[{"embeddable":true,"href":"https:\/\/institutolosandes.edu.ec\/index.php\/wp-json\/wp\/v2\/comments?post=518"}],"version-history":[{"count":57,"href":"https:\/\/institutolosandes.edu.ec\/index.php\/wp-json\/wp\/v2\/pages\/518\/revisions"}],"predecessor-version":[{"id":3408,"href":"https:\/\/institutolosandes.edu.ec\/index.php\/wp-json\/wp\/v2\/pages\/518\/revisions\/3408"}],"wp:attachment":[{"href":"https:\/\/institutolosandes.edu.ec\/index.php\/wp-json\/wp\/v2\/media?parent=518"}],"curies":[{"name":"wp","href":"https:\/\/api.w.org\/{rel}","templated":true}]}}