{"id":516,"date":"2023-07-30T17:08:01","date_gmt":"2023-07-30T22:08:01","guid":{"rendered":"http:\/\/institutolosandes.edu.ec\/?page_id=516"},"modified":"2025-10-27T16:11:19","modified_gmt":"2025-10-27T21:11:19","slug":"administracion-y-gestion-de-cartera","status":"publish","type":"page","link":"https:\/\/institutolosandes.edu.ec\/index.php\/administracion-y-gestion-de-cartera\/","title":{"rendered":"Administraci\u00f3n y gesti\u00f3n de cartera"},"content":{"rendered":"\n<div class=\"wp-block-columns alignwide are-vertically-aligned-top has-medium-font-size is-layout-flex wp-container-core-columns-is-layout-84ff12d0 wp-block-columns-is-layout-flex\" style=\"padding-top:2rem;padding-right:0rem;padding-bottom:0rem;padding-left:0rem\">\n<div class=\"wp-block-column is-vertically-aligned-top is-layout-flow wp-block-column-is-layout-flow\">\n<div class=\"wp-block-columns is-layout-flex wp-container-core-columns-is-layout-28f84493 wp-block-columns-is-layout-flex\">\n<div class=\"wp-block-column is-layout-flow wp-block-column-is-layout-flow\" style=\"flex-basis:33.33%\">\n<figure class=\"wp-block-image alignright size-full is-resized wp-duotone-rgba000058-rgba2042042040-1\"><img loading=\"lazy\" decoding=\"async\" width=\"3076\" height=\"2770\" src=\"http:\/\/institutolosandes.edu.ec\/wp-content\/uploads\/2023\/07\/DIPLOMA.png\" alt=\"\" class=\"wp-image-499\" style=\"width:109px;height:98px\"\/><\/figure>\n<\/div>\n\n\n\n<div class=\"wp-block-column is-layout-flow wp-block-column-is-layout-flow\" style=\"flex-basis:66.66%\">\n<h3 class=\"wp-block-heading\">T\u00edtulo a Obtener: <\/h3>\n\n\n\n<p style=\"font-size:18px\"><strong>Tecn\u00f3logo\/a Superior en Administraci\u00f3n y Gesti\u00f3n de Cartera<\/strong><\/p>\n<\/div>\n<\/div>\n<\/div>\n\n\n\n<div class=\"wp-block-column is-vertically-aligned-top is-layout-flow wp-block-column-is-layout-flow\">\n<div class=\"wp-block-columns is-layout-flex wp-container-core-columns-is-layout-28f84493 wp-block-columns-is-layout-flex\">\n<div class=\"wp-block-column is-layout-flow wp-block-column-is-layout-flow\" style=\"flex-basis:33.33%\">\n<figure class=\"wp-block-image alignright size-full is-resized wp-duotone-rgba515151044-rgba2042042040-2\"><img loading=\"lazy\" decoding=\"async\" width=\"3143\" height=\"2312\" src=\"http:\/\/institutolosandes.edu.ec\/wp-content\/uploads\/2023\/07\/COMPU.png\" alt=\"\" class=\"wp-image-596\" style=\"width:undefinedpx;height:90px\"\/><\/figure>\n<\/div>\n\n\n\n<div class=\"wp-block-column is-layout-flow wp-block-column-is-layout-flow\" style=\"flex-basis:66.66%\">\n<h3 class=\"wp-block-heading\">Modalidad: <\/h3>\n\n\n\n<p> <strong>En L\u00ednea<\/strong><\/p>\n<\/div>\n<\/div>\n<\/div>\n\n\n\n<div class=\"wp-block-column is-vertically-aligned-top is-layout-flow wp-block-column-is-layout-flow\">\n<div class=\"wp-block-columns is-layout-flex wp-container-core-columns-is-layout-28f84493 wp-block-columns-is-layout-flex\">\n<div class=\"wp-block-column is-layout-flow wp-block-column-is-layout-flow\" style=\"flex-basis:33.33%\">\n<figure class=\"wp-block-image alignright size-full is-resized wp-duotone-rgba515151044-ccc-3\"><img loading=\"lazy\" decoding=\"async\" width=\"1690\" height=\"2548\" src=\"http:\/\/institutolosandes.edu.ec\/wp-content\/uploads\/2023\/07\/RELOJ.png\" alt=\"\" class=\"wp-image-595\" style=\"object-fit:cover;width:72px;height:100px\"\/><\/figure>\n<\/div>\n\n\n\n<div class=\"wp-block-column is-layout-flow wp-block-column-is-layout-flow\" style=\"flex-basis:66.66%\">\n<h3 class=\"wp-block-heading\">Duraci\u00f3n: <\/h3>\n\n\n\n<p><strong>2 a\u00f1os y medio<\/strong><\/p>\n<\/div>\n<\/div>\n<\/div>\n<\/div>\n\n\n\n<p><\/p>\n\n\n\n<div class=\"wp-block-columns alignwide is-layout-flex wp-container-core-columns-is-layout-0d407f27 wp-block-columns-is-layout-flex\" style=\"padding-top:0;padding-bottom:40px\">\n<div class=\"wp-block-column is-layout-flow wp-block-column-is-layout-flow\">\n<div class=\"wp-block-media-text has-media-on-the-right is-stacked-on-mobile\"><div class=\"wp-block-media-text__content\">\n<h3 class=\"wp-block-heading has-text-color\" style=\"color:#2d8e00\"><strong>Descripci\u00f3n<\/strong><\/h3>\n\n\n\n<p style=\"font-size:15px\">La Carrera de Administraci\u00f3n y Gesti\u00f3n de Cartera es una formaci\u00f3n especializada que prepara a los estudiantes para gestionar eficientemente carteras de inversiones y activos financieros. Durante el programa acad\u00e9mico, los estudiantes adquieren habilidades en an\u00e1lisis financiero, evaluaci\u00f3n de riesgos, toma de decisiones estrat\u00e9gicas y manejo de portafolios. Esta carrera proporciona las herramientas necesarias para optimizar el rendimiento de las inversiones y garantizar la rentabilidad de los recursos financieros de empresas e individuos. Los egresados estar\u00e1n capacitados para trabajar en instituciones financieras, fondos de inversi\u00f3n y asesor\u00edas financieras, contribuyendo al crecimiento y estabilidad del patrimonio de sus clientes.<\/p>\n\n\n\n<p style=\"font-size:15px\">Correo de Secretaria: <em>secretaria@institutolosandes.edu.ec<\/em><\/p>\n\n\n\n<p><\/p>\n<\/div><figure class=\"wp-block-media-text__media\"><img loading=\"lazy\" decoding=\"async\" width=\"1423\" height=\"950\" src=\"http:\/\/institutolosandes.edu.ec\/wp-content\/uploads\/2023\/07\/CONTABILIDAD.jpg\" alt=\"\" class=\"wp-image-527 size-full\"\/><\/figure><\/div>\n<\/div>\n<\/div>\n\n\n\n<div class=\"wp-block-columns alignwide is-layout-flex wp-container-core-columns-is-layout-0d407f27 wp-block-columns-is-layout-flex\" style=\"padding-top:0;padding-bottom:40px\">\n<div class=\"wp-block-column is-layout-flow wp-block-column-is-layout-flow\">\n<h3 class=\"wp-block-heading has-text-color\" style=\"color:#2d8e00\"><strong>PERFIL DE INGRESO<\/strong><\/h3>\n\n\n\n<p class=\"has-text-color has-background\" style=\"color:#00008c;background-color:#faf7ff7d;font-size:15px\">\u2022 Conocimientos de bachillerato general.<br>\u2022 Habilidad para identificar problemas.<br>\u2022 Habilidad de analizar y e identificar clientes.<br>\u2022 Facilidad para interactuar con los dem\u00e1s y trabajar en equipo.<br>\u2022 Inter\u00e9s por los aspectos relacionados con el mundo bancario.<br>\u2022 Ser flexible a nuevas ideas y buscar soluciones en la interpretaci\u00f3n de problemas econ\u00f3mico-sociales.<br>\u2022 Particularidad por asignaturas de contenido cuantitativo.<br>\u2022 Disposici\u00f3n para trabajar en grupos multi e interdisciplinarios con responsabilidad<\/p>\n<\/div>\n\n\n\n<div class=\"wp-block-column is-layout-constrained wp-block-column-is-layout-constrained\" style=\"flex-basis:300px\">\n<h3 class=\"wp-block-heading has-text-color\" style=\"color:#2d8e00\"><strong>CAMPO OCUPACIONAL<\/strong><\/h3>\n\n\n\n<p style=\"font-size:15px\">\u2022 Tener facilidad de comunicaci\u00f3n.<br>\u2022 Resolver problemas en su \u00e1rea.<br>\u2022 Mantener creatividad e iniciativa en sus labores.<br>\u2022 trabajar en equipo.<br>\u2022 Liderar las negociaciones con diferentes tipos de clientes.<br>\u2022 Identificar oportunidades en el mercado.<\/p>\n<\/div>\n<\/div>\n\n\n\n<div class=\"wp-block-media-text alignwide is-stacked-on-mobile is-vertically-aligned-center\" style=\"margin-right:var(--wp--preset--spacing--30);margin-left:var(--wp--preset--spacing--30);padding-top:0;padding-bottom:40px\"><figure class=\"wp-block-media-text__media\"><img loading=\"lazy\" decoding=\"async\" width=\"2039\" height=\"1359\" src=\"http:\/\/institutolosandes.edu.ec\/wp-content\/uploads\/2023\/07\/ADMINISTRACION-Y-GESTION-DE-CARTERA-3.jpg\" alt=\"\" class=\"wp-image-580 size-full\"\/><\/figure><div class=\"wp-block-media-text__content\">\n<h3 class=\"wp-block-heading has-text-color\" style=\"color:#2d8e00\"><strong>PERFIL DE EGRESO<\/strong><\/h3>\n\n\n\n<ul style=\"color:#00008c;background-color:#faf7ff7d\" class=\"wp-block-list has-text-color has-background\">\n<li style=\"font-size:15px\">El estudiante egresado en la Tecnolog\u00eda Superior en Administraci\u00f3n y Gesti\u00f3n de Cartera podr\u00e1 identificar a un sujeto de cr\u00e9dito, adem\u00e1s de determinar su car\u00e1cter y capacidad de pago, pudiendo establecer las condiciones id\u00f3neas para el otorgamiento de un financiamiento.<\/li>\n\n\n\n<li style=\"font-size:15px\">Definir los requerimientos de liquidez de la compa\u00f1\u00eda en funci\u00f3n de la cartera administrada, generando oportunidades que le permitan persuadir a sus clientes para obtener resultados favorables, aplicando herramientas y tecnolog\u00edas de la informaci\u00f3n para optimizar sus actividades.<\/li>\n\n\n\n<li style=\"font-size:15px\">Domina el proceso administrativo y de cobranzas en una empresa comercial y financiera.<\/li>\n\n\n\n<li style=\"font-size:15px\">Aporta la sostenibilidad empresarial a trav\u00e9s de la gesti\u00f3n para la recuperaci\u00f3n de recursos.<\/li>\n<\/ul>\n<\/div><\/div>\n\n\n\n<div class=\"wp-block-media-text alignwide has-media-on-the-right is-stacked-on-mobile\" style=\"margin-right:var(--wp--preset--spacing--30);margin-left:var(--wp--preset--spacing--30);padding-top:0px;padding-right:0;padding-bottom:40px;padding-left:var(--wp--preset--spacing--20)\"><div class=\"wp-block-media-text__content\">\n<h3 class=\"wp-block-heading has-text-color\" style=\"color:#2d8e00\"><strong> L\u00cdNEAS DE INVESTIGACI\u00d3N<\/strong><\/h3>\n\n\n\n<ol class=\"wp-block-list\">\n<li style=\"font-size:15px\">Estrategias de Diversificaci\u00f3n de Carteras en Mercados Vol\u00e1tiles\u00a0 \n<ul class=\"wp-block-list\">\n<li style=\"font-size:15px\">Evaluaci\u00f3n de m\u00e9todos tradicionales y modernos de diversificaci\u00f3n de carteras.<\/li>\n\n\n\n<li style=\"font-size:15px\">Aplicaci\u00f3n de modelos de optimizaci\u00f3n como el de Markowitz y Black-Litterman\u00a0 en mercados emergentes.\u00a0 <\/li>\n\n\n\n<li style=\"font-size:15px\">Impacto de la volatilidad en la rentabilidad de carteras diversificadas.\u00a0 <\/li>\n\n\n\n<li style=\"font-size:15px\">An\u00e1lisis de estrategias de cobertura ante eventos de crisis financiera.\u00a0<\/li>\n<\/ul>\n<\/li>\n\n\n\n<li style=\"font-size:15px\">Factores Macroecon\u00f3micos y su Influencia en la Rentabilidad de Carteras\u00a0 \n<ul class=\"wp-block-list\">\n<li style=\"font-size:15px\">Impacto de la inflaci\u00f3n y tasas de inter\u00e9s en las decisiones de inversi\u00f3n.\u00a0 <\/li>\n\n\n\n<li style=\"font-size:15px\">An\u00e1lisis del comportamiento del mercado ecuatoriano frente a cambios en\u00a0 pol\u00edticas econ\u00f3micas.\u00a0<\/li>\n\n\n\n<li style=\"font-size:15px\"> Evaluaci\u00f3n del riesgo pa\u00eds y su efecto en la gesti\u00f3n de carteras de inversi\u00f3n.\u00a0 <\/li>\n\n\n\n<li style=\"font-size:15px\">Estudio de correlaciones entre indicadores macroecon\u00f3micos y rentabilidad de\u00a0 activos financieros.\u00a0 <\/li>\n<\/ul>\n<\/li>\n\n\n\n<li style=\"font-size:15px\">Inteligencia Artificial y Big Data en la Gesti\u00f3n de Carteras\u00a0 \n<ul class=\"wp-block-list\">\n<li style=\"font-size:15px\">Uso de algoritmos de machine learning en la predicci\u00f3n de tendencias de mercado.\u00a0 <\/li>\n\n\n\n<li style=\"font-size:15px\">Aplicaci\u00f3n de big data para el an\u00e1lisis de riesgos en inversiones financieras.\u00a0 <\/li>\n\n\n\n<li style=\"font-size:15px\">Comparaci\u00f3n entre estrategias de inversi\u00f3n automatizadas y modelos\u00a0 tradicionales de toma de decisiones.\u00a0 <\/li>\n\n\n\n<li style=\"font-size:15px\">An\u00e1lisis de sesgos en modelos de inteligencia artificial aplicados a inversiones.\u00a0 <\/li>\n<\/ul>\n<\/li>\n\n\n\n<li style=\"font-size:15px\">Sostenibilidad e Inversi\u00f3n Responsable en la Gesti\u00f3n de Carteras\u00a0 \n<ul class=\"wp-block-list\">\n<li style=\"font-size:15px\">Evaluaci\u00f3n del desempe\u00f1o de carteras que aplican criterios ESG (ambientales,\u00a0 sociales y de gobernanza).\u00a0 <\/li>\n\n\n\n<li style=\"font-size:15px\">Impacto de regulaciones y normativas sobre inversiones responsables en Ecuador.\u00a0 <\/li>\n\n\n\n<li style=\"font-size:15px\">An\u00e1lisis de fondos de inversi\u00f3n sostenibles y su rentabilidad a largo plazo.\u00a0 <\/li>\n\n\n\n<li style=\"font-size:15px\">Percepci\u00f3n del inversionista sobre la rentabilidad de activos financieros\u00a0 sostenibles.\u00a0<\/li>\n<\/ul>\n<\/li>\n<\/ol>\n\n\n\n<p><\/p>\n<\/div><figure class=\"wp-block-media-text__media\"><img loading=\"lazy\" decoding=\"async\" width=\"1440\" height=\"961\" src=\"http:\/\/institutolosandes.edu.ec\/wp-content\/uploads\/2023\/07\/ADMINISTRACION-Y-GESTION-DE-CARTERA-2.jpg\" alt=\"\" class=\"wp-image-581 size-full\"\/><\/figure><\/div>\n\n\n\n<div class=\"wp-block-columns is-layout-flex wp-container-core-columns-is-layout-a5331a9e wp-block-columns-is-layout-flex\" style=\"padding-top:0;padding-right:0;padding-bottom:0;padding-left:0\">\n<div class=\"wp-block-column is-layout-flow wp-block-column-is-layout-flow\" style=\"padding-left:0\">\n<!DOCTYPE html>\n<html>\n<head>\n    <title>Bot\u00f3n de Despliegue de Imagen<\/title>\n    <style>\n        \/* Estilos para el bot\u00f3n *\/\n        .botonDespliegue {\n background-color: #00008c;\n            color: white;\n            border: none;\n            padding: 10px 20px;\n            margin: 5px;\n            font-size: 16px;\n            cursor: pointer;\n            width: 48%;\n            border-radius: 2px;\n            cursor: pointer;\n        }\n\n        \/* Estilos para la imagen desplegada *\/\n        .imagenDesplegada {\n            display: none;\n            position: fixed;\n            top: 100px;\n            left: 250px;\n            width: 1000px;\n            height: auto;\n            background-color: rgba(0, 0, 0, 0.4); \/* Fondo semitransparente *\/\n            z-index: 999; \/* Coloca la imagen encima de todo *\/\n            align-items: center;\n            justify-content: center;\n        }\n\n        \/* Estilos para el bot\u00f3n de cierre de la imagen *\/\n        .cerrarImagen {\n            position: absolute;\n            top: 20px;\n            right: 20px;\n            color: white;\n            font-size: 20px;\n            cursor: pointer;\n        }\n    <\/style>\n<\/head>\n<body>\n    <button class=\"botonDespliegue\" onclick=\"mostrarImagen('http:\/\/institutolosandes.edu.ec\/wp-content\/uploads\/2023\/09\/req.png')\">\n        <input type=\"image\" src=\"http:\/\/institutolosandes.edu.ec\/wp-content\/uploads\/2023\/09\/documento.png\" alt=\"Bot\u00f3n de Imagen\" width=\"80\" height=\"80\">Requisitos<\/button>\n    <button class=\"botonDespliegue\" onclick=\"mostrarImagen('https:\/\/institutolosandes.edu.ec\/wp-content\/uploads\/2024\/03\/Costos.png')\">\n        <input type=\"image\" src=\"http:\/\/institutolosandes.edu.ec\/wp-content\/uploads\/2023\/09\/financiamiento.png\" alt=\"Bot\u00f3n de Imagen\" width=\"80\" height=\"80\">Inversi\u00f3n<\/button>\n\n    <div class=\"imagenDesplegada\" id=\"imagenDesplegada\">\n        <span class=\"cerrarImagen\" onclick=\"ocultarImagen()\">&times;<\/span>\n        <img decoding=\"async\" src=\"\" alt=\"Imagen Desplegada\" id=\"imagenAmpliada\">\n    <\/div>\n\n    <script>\n        function mostrarImagen(imageUrl) {\n            var imagenDesplegada = document.getElementById(\"imagenDesplegada\");\n            var imagenAmpliada = document.getElementById(\"imagenAmpliada\");\n            imagenAmpliada.src = imageUrl;\n            imagenDesplegada.style.display = \"block\";\n        }\n\n        function ocultarImagen() {\n            var imagenDesplegada = document.getElementById(\"imagenDesplegada\");\n            imagenDesplegada.style.display = \"none\";\n        }\n    <\/script>\n<\/body>\n<\/html>\n<\/div>\n<\/div>\n\n\n\n<div class=\"inherit-container-width wp-block-group alignwide is-layout-constrained wp-container-core-group-is-layout-2c8104ad wp-block-group-is-layout-constrained\" style=\"margin-top:var(--wp--preset--spacing--50);margin-bottom:var(--wp--preset--spacing--50);padding-top:0;padding-right:0;padding-left:0\">\n<div class=\"wp-block-columns alignfull has-small-font-size is-layout-flex wp-container-core-columns-is-layout-d7d455e7 wp-block-columns-is-layout-flex\" style=\"border-style:none;border-width:0px;border-radius:0px;padding-top:0;padding-right:0;padding-bottom:0;padding-left:0\">\n<div class=\"wp-block-column is-layout-flow wp-block-column-is-layout-flow\" style=\"padding-bottom:0\">\n<div class=\"inherit-container-width wp-block-group is-layout-constrained wp-block-group-is-layout-constrained\">\n<!-- UberMenu [Configuration:menu_cartera] [Theme Loc:] [Integration:api] -->\n<button class=\"ubermenu-responsive-toggle ubermenu-responsive-toggle-menu_cartera ubermenu-skin-blue-silver ubermenu-loc- ubermenu-responsive-toggle-content-align-left ubermenu-responsive-toggle-align-full \" tabindex=\"0\" data-ubermenu-target=\"ubermenu-menu_cartera-13\"><i class=\"fas fa-bars\" ><\/i>Menu<\/button><nav id=\"ubermenu-menu_cartera-13\" class=\"ubermenu ubermenu-nojs ubermenu-menu_cartera ubermenu-menu-13 ubermenu-responsive ubermenu-responsive-default ubermenu-responsive-collapse ubermenu-vertical ubermenu-transition-shift ubermenu-trigger-hover_intent ubermenu-skin-blue-silver ubermenu-has-border ubermenu-bar-align-left ubermenu-items-align-auto ubermenu-bound ubermenu-disable-submenu-scroll ubermenu-sub-indicators ubermenu-retractors-responsive ubermenu-submenu-indicator-closes\"><ul id=\"ubermenu-nav-menu_cartera-13\" class=\"ubermenu-nav\" data-title=\"Administraci\u00f3n y Gesti\u00f3n de Cartera\"><li id=\"menu-item-379\" class=\"ubermenu-item ubermenu-item-type-custom ubermenu-item-object-custom ubermenu-item-has-children ubermenu-item-379 ubermenu-item-level-0 ubermenu-column ubermenu-column-auto ubermenu-has-submenu-drop ubermenu-has-submenu-mega\" ><a class=\"ubermenu-target menu-link ubermenu-item-layout-default ubermenu-item-layout-text_only\" href=\"#aprob\" tabindex=\"0\"><span class=\"ubermenu-target-title ubermenu-target-text\">Aprobaci\u00f3n del CES<\/span><i class='ubermenu-sub-indicator fas fa-angle-down'><\/i><\/a><ul  class=\"ubermenu-submenu ubermenu-submenu-id-379 ubermenu-submenu-type-auto ubermenu-submenu-type-mega ubermenu-submenu-drop ubermenu-submenu-align-full_width\"  ><li id=\"menu-item-380\" class=\"ubermenu-item ubermenu-item-type-custom ubermenu-item-object-custom ubermenu-item-380 ubermenu-item-auto ubermenu-item-header ubermenu-item-level-1 ubermenu-column ubermenu-column-auto\" ><a class=\"ubermenu-target menu-link ubermenu-item-layout-default ubermenu-item-layout-text_only\" href=\"#resol\"><span class=\"ubermenu-target-title ubermenu-target-text\">Resoluci\u00f3n: RPC-SO-13-No.251-2020<\/span><\/a><\/li><li id=\"menu-item-381\" class=\"ubermenu-item ubermenu-item-type-custom ubermenu-item-object-custom ubermenu-item-381 ubermenu-item-auto ubermenu-item-header ubermenu-item-level-1 ubermenu-column ubermenu-column-auto\" ><a class=\"ubermenu-target menu-link ubermenu-item-layout-default ubermenu-item-layout-text_only\" href=\"#fechaapro\"><span class=\"ubermenu-target-title ubermenu-target-text\">Fecha de aprobaci\u00f3n CES: 20\/05\/2020<\/span><\/a><\/li><\/ul><\/li><li id=\"menu-item-385\" class=\"ubermenu-item ubermenu-item-type-custom ubermenu-item-object-custom ubermenu-item-has-children ubermenu-item-385 ubermenu-item-level-0 ubermenu-column ubermenu-column-auto ubermenu-has-submenu-drop ubermenu-has-submenu-mega\" ><a class=\"ubermenu-target menu-link ubermenu-item-layout-default ubermenu-item-layout-text_only\" href=\"#campcono\" tabindex=\"0\"><span class=\"ubermenu-target-title ubermenu-target-text\">Campos de Conocimiento<\/span><i class='ubermenu-sub-indicator fas fa-angle-down'><\/i><\/a><ul  class=\"ubermenu-submenu ubermenu-submenu-id-385 ubermenu-submenu-type-auto ubermenu-submenu-type-mega ubermenu-submenu-drop ubermenu-submenu-align-full_width\"  ><li id=\"menu-item-386\" class=\"ubermenu-item ubermenu-item-type-custom ubermenu-item-object-custom ubermenu-item-386 ubermenu-item-auto ubermenu-item-header ubermenu-item-level-1 ubermenu-column ubermenu-column-auto\" ><a class=\"ubermenu-target menu-link ubermenu-item-layout-default ubermenu-item-layout-text_only\" href=\"#campampli\"><span class=\"ubermenu-target-title ubermenu-target-text\">Campo amplio: Administraci\u00f3n de empresas y derecho<\/span><\/a><\/li><li id=\"menu-item-387\" class=\"ubermenu-item ubermenu-item-type-custom ubermenu-item-object-custom ubermenu-item-387 ubermenu-item-auto ubermenu-item-header ubermenu-item-level-1 ubermenu-column ubermenu-column-auto\" ><a class=\"ubermenu-target menu-link ubermenu-item-layout-default ubermenu-item-layout-text_only\" href=\"#campesp\"><span class=\"ubermenu-target-title ubermenu-target-text\">Campo espec\u00edfico: Educaci\u00f3n comercial y administraci\u00f3n<\/span><\/a><\/li><li id=\"menu-item-388\" class=\"ubermenu-item ubermenu-item-type-custom ubermenu-item-object-custom ubermenu-item-388 ubermenu-item-auto ubermenu-item-header ubermenu-item-level-1 ubermenu-column ubermenu-column-auto\" ><a class=\"ubermenu-target menu-link ubermenu-item-layout-default ubermenu-item-layout-text_only\" href=\"#campdet\"><span class=\"ubermenu-target-title ubermenu-target-text\">Campo detallado: Gesti\u00f3n Financiera<\/span><\/a><\/li><\/ul><\/li><li id=\"menu-item-369\" class=\"ubermenu-item ubermenu-item-type-custom ubermenu-item-object-custom ubermenu-item-has-children ubermenu-item-369 ubermenu-item-level-0 ubermenu-column ubermenu-column-auto ubermenu-has-submenu-drop ubermenu-has-submenu-mega\" ><a class=\"ubermenu-target menu-link ubermenu-item-layout-default ubermenu-item-layout-text_only\" href=\"#malla\" tabindex=\"0\"><span class=\"ubermenu-target-title ubermenu-target-text\">Malla Curricular<\/span><i class='ubermenu-sub-indicator fas fa-angle-down'><\/i><\/a><ul  class=\"ubermenu-submenu ubermenu-submenu-id-369 ubermenu-submenu-type-auto ubermenu-submenu-type-mega ubermenu-submenu-drop ubermenu-submenu-align-full_width\"  ><li id=\"menu-item-370\" class=\"ubermenu-item ubermenu-item-type-custom ubermenu-item-object-custom ubermenu-item-370 ubermenu-item-auto ubermenu-item-header ubermenu-item-level-1 ubermenu-column ubermenu-column-auto\" ><a class=\"ubermenu-target menu-link ubermenu-item-layout-default ubermenu-item-layout-text_only\" href=\"https:\/\/institutolosandes.edu.ec\/wp-content\/uploads\/2023\/10\/OFERTA-ACADEMICA-ADMINISTRACION-Y-GESTION-DE-CARTERA.pdf\"><span class=\"ubermenu-target-title ubermenu-target-text\">Descargar<\/span><\/a><\/li><\/ul><\/li><\/ul><\/nav>\n<!-- End UberMenu -->\n\n<\/div>\n<\/div>\n\n\n\n<div class=\"wp-block-column is-layout-flow wp-block-column-is-layout-flow\">\n<div class=\"inherit-container-width wp-block-group is-layout-constrained wp-block-group-is-layout-constrained\">\n<!DOCTYPE html>\n<html>\n<head>\n    <title>Lista de Botones<\/title>\n    <style>\n        \/* Estilos para los botones *\/\n        .country-button {\n            background-color: #2d8e00;\n            color: white;\n            border: none;\n            width: 240px;\n            padding: 10px 20px;\n            margin: 5px;\n            font-size: 16px;\n            cursor: pointer;\n            border-radius: 2px;\n            \n            font-family: Poppins, Nexa;\n            transition: transform 0.3s, font-weight 0.3s; \/* Agregamos una transici\u00f3n suave a la propiedad font-weight *\/\n        }\n\n        \/* Efecto de zoom al pasar el cursor por encima *\/\n        .country-button:hover {\n            transform: scale(1.1); \/* Aumentamos el tama\u00f1o del bot\u00f3n en un 10% *\/\n            font-weight: bolder; \/* Cambiamos el peso de la letra a negrita *\/\n        }\n\n        \/* Estilos para la lista de pa\u00edses *\/\n        .country-list {\n            position: fixed;\n            bottom: 120px;\n            right: 20px;\n            list-style: none;\n            padding: 0;\n            margin: 0;\n                \n        }\n    <\/style>\n<\/head>\n<body>\n    \n    <ul class=\"country-list\">\n        <li><a href=\"https:\/\/api.whatsapp.com\/send\/?phone=593984344331&#038;text&#038;type=phone_number&#038;app_absent=0&#038;text=Quiero%20postularme%20a%20la%20carrera%20de%20Administraci%C3%B3n%20y%20Gesti%C3%B3n%20de%20Cartera.%20%C2%BFQu%C3%A9%20necesito?\"><button class=\"country-button\">Inscr\u00edbete Aqui<\/button><\/a><\/li>\n        <li><a href=\"http:\/\/institutolosandes.edu.ec\/index.php\/homologacion\/\"><button class=\"country-button\">Plan de Homologaci\u00f3n<\/button><\/a><\/li>\n        <li><a href=\"http:\/\/institutolosandes.edu.ec\/index.php\/becas\/\"><button class=\"country-button\">Postula a una Beca<\/button><\/a><\/li>\n    <\/ul>\n<\/body>\n<\/html>\n<\/div>\n<\/div>\n<\/div>\n<\/div>\n","protected":false},"excerpt":{"rendered":"<p>T\u00edtulo a Obtener: Tecn\u00f3logo\/a Superior en Administraci\u00f3n y Gesti\u00f3n de Cartera Modalidad: En L\u00ednea Duraci\u00f3n: 2 a\u00f1os y medio Descripci\u00f3n La Carrera de Administraci\u00f3n y Gesti\u00f3n de Cartera es una formaci\u00f3n especializada que prepara a los estudiantes para gestionar eficientemente carteras de inversiones y activos financieros. Durante el programa acad\u00e9mico, los estudiantes adquieren habilidades en &hellip;<\/p>\n<p class=\"read-more\"> <a class=\"\" href=\"https:\/\/institutolosandes.edu.ec\/index.php\/administracion-y-gestion-de-cartera\/\"> <span class=\"screen-reader-text\">Administraci\u00f3n y gesti\u00f3n de cartera<\/span> Leer m\u00e1s &raquo;<\/a><\/p>\n","protected":false},"author":1,"featured_media":0,"parent":0,"menu_order":0,"comment_status":"closed","ping_status":"closed","template":"","meta":{"site-sidebar-layout":"no-sidebar","site-content-layout":"plain-container","ast-global-header-display":"disabled","ast-banner-title-visibility":"disabled","ast-main-header-display":"","ast-hfb-above-header-display":"","ast-hfb-below-header-display":"","ast-hfb-mobile-header-display":"","site-post-title":"disabled","ast-breadcrumbs-content":"","ast-featured-img":"disabled","footer-sml-layout":"","theme-transparent-header-meta":"","adv-header-id-meta":"","stick-header-meta":"","header-above-stick-meta":"","header-main-stick-meta":"","header-below-stick-meta":"","footnotes":""},"class_list":["post-516","page","type-page","status-publish","hentry"],"_links":{"self":[{"href":"https:\/\/institutolosandes.edu.ec\/index.php\/wp-json\/wp\/v2\/pages\/516","targetHints":{"allow":["GET"]}}],"collection":[{"href":"https:\/\/institutolosandes.edu.ec\/index.php\/wp-json\/wp\/v2\/pages"}],"about":[{"href":"https:\/\/institutolosandes.edu.ec\/index.php\/wp-json\/wp\/v2\/types\/page"}],"author":[{"embeddable":true,"href":"https:\/\/institutolosandes.edu.ec\/index.php\/wp-json\/wp\/v2\/users\/1"}],"replies":[{"embeddable":true,"href":"https:\/\/institutolosandes.edu.ec\/index.php\/wp-json\/wp\/v2\/comments?post=516"}],"version-history":[{"count":127,"href":"https:\/\/institutolosandes.edu.ec\/index.php\/wp-json\/wp\/v2\/pages\/516\/revisions"}],"predecessor-version":[{"id":3400,"href":"https:\/\/institutolosandes.edu.ec\/index.php\/wp-json\/wp\/v2\/pages\/516\/revisions\/3400"}],"wp:attachment":[{"href":"https:\/\/institutolosandes.edu.ec\/index.php\/wp-json\/wp\/v2\/media?parent=516"}],"curies":[{"name":"wp","href":"https:\/\/api.w.org\/{rel}","templated":true}]}}