{"id":3483,"date":"2026-02-23T10:23:32","date_gmt":"2026-02-23T15:23:32","guid":{"rendered":"https:\/\/institutolosandes.edu.ec\/?page_id=3483"},"modified":"2026-02-23T10:23:59","modified_gmt":"2026-02-23T15:23:59","slug":"acompanamiento-pedagogico","status":"publish","type":"page","link":"https:\/\/institutolosandes.edu.ec\/index.php\/acompanamiento-pedagogico\/","title":{"rendered":"Acompa\u00f1amiento Pedag\u00f3gico"},"content":{"rendered":"\n<p>El <strong>Acompa\u00f1amiento Pedag\u00f3gico<\/strong> del Instituto Superior Tecnol\u00f3gico <strong>Los Andes<\/strong> es un espacio de orientaci\u00f3n, seguimiento y apoyo acad\u00e9mico dise\u00f1ado para fortalecer el proceso formativo de nuestros estudiantes.<\/p>\n\n\n\n<p>El Acompa\u00f1amiento Pedag\u00f3gico se fundamenta en un enfoque integral, donde el estudiante es el centro del proceso educativo. Nuestro compromiso es garantizar una formaci\u00f3n de calidad, fomentando la responsabilidad, la autonom\u00eda y el crecimiento acad\u00e9mico y profesional de cada miembro de nuestra comunidad educativa.<\/p>\n\n\n\n<p>En el Instituto Los Andes creemos que acompa\u00f1ar es guiar, motivar y fortalecer el camino hacia el \u00e9xito acad\u00e9mico.<\/p>\n\n\n\n<div class=\"wp-block-columns has-background is-layout-flex wp-container-core-columns-is-layout-28f84493 wp-block-columns-is-layout-flex\" style=\"background-color:#faf7ff2e\">\n<div class=\"wp-block-column is-layout-flow wp-block-column-is-layout-flow\"><\/div>\n\n\n\n<div class=\"wp-block-column is-vertically-aligned-center is-layout-flow wp-block-column-is-layout-flow\">\n<h3 class=\"wp-block-heading has-text-align-right has-text-color\" style=\"color:#00008c\">Apartado Legal:<\/h3>\n<\/div>\n\n\n\n<div class=\"wp-block-column is-layout-flow wp-block-column-is-layout-flow\">\n<div class=\"wp-block-buttons is-layout-flex wp-block-buttons-is-layout-flex\">\n<div class=\"wp-block-button has-custom-width wp-block-button__width-100 is-style-outline is-style-outline--1\"><a class=\"wp-block-button__link has-ast-global-color-5-background-color has-text-color has-background has-small-font-size has-custom-font-size wp-element-button\" href=\"https:\/\/drive.google.com\/file\/d\/1NVrUnjMPVVA3xqmmD1un47lwrNVQne3k\/view?usp=sharing\" style=\"border-radius:0px;color:#00008c;padding-top:var(--wp--preset--spacing--40);padding-bottom:var(--wp--preset--spacing--40)\">Reglamento de Acompa\u00f1amiento pedag\u00f3gico a estudiantes<\/a><\/div>\n<\/div>\n<\/div>\n\n\n\n<div class=\"wp-block-column is-layout-flow wp-block-column-is-layout-flow\"><\/div>\n<\/div>\n","protected":false},"excerpt":{"rendered":"<p>El Acompa\u00f1amiento Pedag\u00f3gico del Instituto Superior Tecnol\u00f3gico Los Andes es un espacio de orientaci\u00f3n, seguimiento y apoyo acad\u00e9mico dise\u00f1ado para fortalecer el proceso formativo de nuestros estudiantes. El Acompa\u00f1amiento Pedag\u00f3gico se fundamenta en un enfoque integral, donde el estudiante es el centro del proceso educativo. Nuestro compromiso es garantizar una formaci\u00f3n de calidad, fomentando la &hellip;<\/p>\n<p class=\"read-more\"> <a class=\"\" href=\"https:\/\/institutolosandes.edu.ec\/index.php\/acompanamiento-pedagogico\/\"> <span class=\"screen-reader-text\">Acompa\u00f1amiento Pedag\u00f3gico<\/span> Leer m\u00e1s &raquo;<\/a><\/p>\n","protected":false},"author":1,"featured_media":0,"parent":0,"menu_order":0,"comment_status":"closed","ping_status":"closed","template":"","meta":{"site-sidebar-layout":"default","site-content-layout":"default","ast-global-header-display":"","ast-banner-title-visibility":"","ast-main-header-display":"","ast-hfb-above-header-display":"","ast-hfb-below-header-display":"","ast-hfb-mobile-header-display":"","site-post-title":"","ast-breadcrumbs-content":"","ast-featured-img":"","footer-sml-layout":"","theme-transparent-header-meta":"","adv-header-id-meta":"","stick-header-meta":"","header-above-stick-meta":"","header-main-stick-meta":"","header-below-stick-meta":"","footnotes":""},"class_list":["post-3483","page","type-page","status-publish","hentry"],"_links":{"self":[{"href":"https:\/\/institutolosandes.edu.ec\/index.php\/wp-json\/wp\/v2\/pages\/3483","targetHints":{"allow":["GET"]}}],"collection":[{"href":"https:\/\/institutolosandes.edu.ec\/index.php\/wp-json\/wp\/v2\/pages"}],"about":[{"href":"https:\/\/institutolosandes.edu.ec\/index.php\/wp-json\/wp\/v2\/types\/page"}],"author":[{"embeddable":true,"href":"https:\/\/institutolosandes.edu.ec\/index.php\/wp-json\/wp\/v2\/users\/1"}],"replies":[{"embeddable":true,"href":"https:\/\/institutolosandes.edu.ec\/index.php\/wp-json\/wp\/v2\/comments?post=3483"}],"version-history":[{"count":2,"href":"https:\/\/institutolosandes.edu.ec\/index.php\/wp-json\/wp\/v2\/pages\/3483\/revisions"}],"predecessor-version":[{"id":3485,"href":"https:\/\/institutolosandes.edu.ec\/index.php\/wp-json\/wp\/v2\/pages\/3483\/revisions\/3485"}],"wp:attachment":[{"href":"https:\/\/institutolosandes.edu.ec\/index.php\/wp-json\/wp\/v2\/media?parent=3483"}],"curies":[{"name":"wp","href":"https:\/\/api.w.org\/{rel}","templated":true}]}}