{"id":3294,"date":"2025-05-20T11:22:56","date_gmt":"2025-05-20T16:22:56","guid":{"rendered":"https:\/\/institutolosandes.edu.ec\/?page_id=3294"},"modified":"2025-11-19T17:24:56","modified_gmt":"2025-11-19T22:24:56","slug":"vinculacion-con-la-sociedad","status":"publish","type":"page","link":"https:\/\/institutolosandes.edu.ec\/index.php\/vinculacion-con-la-sociedad\/","title":{"rendered":"Vinculaci\u00f3n con la Sociedad"},"content":{"rendered":"\n<div class=\"wp-block-media-text is-stacked-on-mobile\"><figure class=\"wp-block-media-text__media\"><img loading=\"lazy\" decoding=\"async\" width=\"6000\" height=\"3374\" src=\"https:\/\/institutolosandes.edu.ec\/wp-content\/uploads\/2023\/10\/Vinculacion.jpg\" alt=\"\" class=\"wp-image-2616 size-full\"\/><\/figure><div class=\"wp-block-media-text__content\">\n<p>Bienvenido a nuestra secci\u00f3n destinada a Vinculaci\u00f3n, en este espacio encontrar\u00e1s los principales convenios y proyectos que nuestra instituci\u00f3n y la comunidad generan juntos. Aqu\u00ed encontrar\u00e1s informaci\u00f3n detallada sobre los programas de vinculaci\u00f3n, proyectos de educaci\u00f3n continua, actividades culturales y educativas, as\u00ed como oportunidades de colaboraci\u00f3n con diversas organizaciones. Nuestra misi\u00f3n es fomentar la integraci\u00f3n de la educaci\u00f3n superior con el entorno social, econ\u00f3mico y cultural, contribuyendo as\u00ed al desarrollo de nuestra comunidad y el crecimiento de nuestros estudiantes.<\/p>\n<\/div><\/div>\n\n\n\n<div class=\"wp-block-columns has-background is-layout-flex wp-container-core-columns-is-layout-51c0b34d wp-block-columns-is-layout-flex\" style=\"background-color:#faf7ff2e;padding-top:var(--wp--preset--spacing--50);padding-bottom:var(--wp--preset--spacing--50)\">\n<div class=\"wp-block-column is-layout-flow wp-block-column-is-layout-flow\"><\/div>\n\n\n\n<div class=\"wp-block-column is-vertically-aligned-center is-layout-flow wp-block-column-is-layout-flow\">\n<h3 class=\"wp-block-heading has-text-align-right has-text-color\" style=\"color:#00008c\">Apartado Legal:<\/h3>\n<\/div>\n\n\n\n<div class=\"wp-block-column is-layout-flow wp-block-column-is-layout-flow\">\n<div class=\"wp-block-buttons is-layout-flex wp-block-buttons-is-layout-flex\">\n<div class=\"wp-block-button has-custom-width wp-block-button__width-100 is-style-outline is-style-outline--1\"><a class=\"wp-block-button__link has-ast-global-color-5-background-color has-text-color has-background has-small-font-size has-custom-font-size wp-element-button\" href=\"https:\/\/institutolosandes.edu.ec\/wp-content\/uploads\/2025\/11\/NORMATIVA-DE-VINCULACION-CON-ANEXOS.pdf\" style=\"border-radius:0px;color:#00008c;padding-top:var(--wp--preset--spacing--40);padding-bottom:var(--wp--preset--spacing--40)\">Normativa Vinculaci\u00f3n con la Sociedad<\/a><\/div>\n\n\n\n<div class=\"wp-block-button has-custom-width wp-block-button__width-100 is-style-outline is-style-outline--2\"><a class=\"wp-block-button__link has-ast-global-color-5-background-color has-text-color has-background has-small-font-size has-custom-font-size wp-element-button\" href=\"https:\/\/drive.google.com\/file\/d\/126Nnp9ilvlkNsMKlqWBfcq0Ee3XO2hy5\/view?usp=drive_link\" style=\"border-radius:0px;color:#00008c;padding-top:var(--wp--preset--spacing--40);padding-bottom:var(--wp--preset--spacing--40)\">Modelo 2024 &#8211; Vinculaci\u00f3n con la Sociedad<\/a><\/div>\n<\/div>\n<\/div>\n\n\n\n<div class=\"wp-block-column is-layout-flow wp-block-column-is-layout-flow\"><\/div>\n<\/div>\n\n\n\n<hr class=\"wp-block-separator has-alpha-channel-opacity\"\/>\n\n\n\n<div class=\"wp-block-columns has-background is-layout-flex wp-container-core-columns-is-layout-51c0b34d wp-block-columns-is-layout-flex\" style=\"background-color:#0500960d;padding-top:var(--wp--preset--spacing--50);padding-bottom:var(--wp--preset--spacing--50)\">\n<div class=\"wp-block-column is-layout-flow wp-block-column-is-layout-flow\">\n<figure class=\"wp-block-image size-full has-custom-border is-style-default wp-duotone-unset-3\"><img loading=\"lazy\" decoding=\"async\" width=\"2039\" height=\"1359\" src=\"https:\/\/institutolosandes.edu.ec\/wp-content\/uploads\/2023\/07\/ADMINISTRACION-Y-GESTION-DE-CARTERA-3.jpg\" alt=\"\" class=\"wp-image-580\" style=\"border-radius:2px;aspect-ratio:1;object-fit:cover\"\/><\/figure>\n<\/div>\n\n\n\n<div class=\"wp-block-column is-vertically-aligned-center is-layout-flow wp-block-column-is-layout-flow\">\n<h3 class=\"wp-block-heading has-text-align-right has-text-color\" style=\"color:#00008c\">Proyectos:<\/h3>\n<\/div>\n\n\n\n<div class=\"wp-block-column is-layout-flow wp-block-column-is-layout-flow\">\n<div class=\"wp-block-buttons is-layout-flex wp-block-buttons-is-layout-flex\">\n<div class=\"wp-block-button has-custom-width wp-block-button__width-100 is-style-outline is-style-outline--4\"><a class=\"wp-block-button__link has-ast-global-color-5-background-color has-text-color has-background has-small-font-size has-custom-font-size wp-element-button\" href=\"https:\/\/drive.google.com\/file\/d\/1i-zvGp7XecsDsD8ILtzMmwEAo4bKERex\/view?usp=sharing\" style=\"border-radius:0px;color:#00008c;padding-top:var(--wp--preset--spacing--40);padding-bottom:var(--wp--preset--spacing--40)\">Proyecto Fortalecimiento de desarrollo sostenible Comunidad Shuar Nankais<\/a><\/div>\n\n\n\n<div class=\"wp-block-button has-custom-width wp-block-button__width-100 is-style-outline is-style-outline--5\"><a class=\"wp-block-button__link has-ast-global-color-5-background-color has-text-color has-background has-small-font-size has-custom-font-size wp-element-button\" href=\"https:\/\/drive.google.com\/file\/d\/1IR9fXvvLcsFmwhpZYt7Ycx8k-UbTjBUW\/view?usp=sharing\" style=\"border-radius:0px;color:#00008c;padding-top:var(--wp--preset--spacing--40);padding-bottom:var(--wp--preset--spacing--40)\">Proyecto \u00abSembrando Valores\u00bb La escuela como agente de cambio<\/a><\/div>\n<\/div>\n\n\n\n<div class=\"wp-block-buttons is-layout-flex wp-block-buttons-is-layout-flex\">\n<div class=\"wp-block-button has-custom-width wp-block-button__width-100 is-style-outline is-style-outline--6\"><a class=\"wp-block-button__link has-ast-global-color-5-background-color has-text-color has-background has-small-font-size has-custom-font-size wp-element-button\" href=\"https:\/\/drive.google.com\/file\/d\/1L7NTxTsOZp0PiuHpnm4saKpCwRxPh3pJ\/view?usp=drive_link\" style=\"border-radius:0px;color:#00008c;padding-top:var(--wp--preset--spacing--40);padding-bottom:var(--wp--preset--spacing--40)\">Proyecto Fortalecimiento de habilidades mediante el uso de TIC<\/a><\/div>\n<\/div>\n<\/div>\n\n\n\n<div class=\"wp-block-column is-layout-flow wp-block-column-is-layout-flow\">\n<div class=\"wp-block-buttons is-content-justification-center is-layout-flex wp-container-core-buttons-is-layout-a89b3969 wp-block-buttons-is-layout-flex\"><\/div>\n\n\n\n<div class=\"wp-block-buttons is-layout-flex wp-block-buttons-is-layout-flex\">\n<div class=\"wp-block-button\"><a class=\"wp-block-button__link has-custom-font-size wp-element-button\" style=\"border-radius:0px;font-size:18px\">Anexos    Informes &#8211; Fichas<\/a><\/div>\n\n\n\n<div class=\"wp-block-button has-custom-width wp-block-button__width-100 is-style-fill\"><a class=\"wp-block-button__link has-ast-global-color-5-color has-ast-global-color-0-background-color has-text-color has-background has-link-color has-small-font-size has-text-align-center has-custom-font-size wp-element-button\" href=\"https:\/\/drive.google.com\/drive\/folders\/1VAnCGFHVTkVOVKPJHuZ7Z1mXDdMzFoVL?usp=sharing\" style=\"border-radius:0px;padding-top:var(--wp--preset--spacing--50);padding-bottom:var(--wp--preset--spacing--50)\">Descargar<\/a><\/div>\n<\/div>\n<\/div>\n<\/div>\n\n\n\n<!-- Swiper CDN -->\n<link rel=\"stylesheet\" href=\"https:\/\/cdn.jsdelivr.net\/npm\/swiper@11\/swiper-bundle.min.css\" \/>\n<script src=\"https:\/\/cdn.jsdelivr.net\/npm\/swiper@11\/swiper-bundle.min.js\"><\/script>\n\n<style>\n  .tabs {\n    margin-top: 20px;\n  }\n\n  .tab-buttons {\n    display: flex;\n    gap: 10px;\n    margin-bottom: 20px;\n    flex-wrap: wrap;\n  }\n\n  .tab-buttons button {\n    padding: 10px 20px;\n    max-width: 320px;\n    background-color: #0073aa;\n    color: white;\n    border: none;\n    border-radius: 2px;\n    cursor: pointer;\n    font-weight: bold;\n  }\n\n  .tab-buttons button.active {\n    background-color: #005f8a;\n  }\n\n  .tab-content {\n    display: none;\n  }\n\n  .tab-content.active {\n    display: block;\n  }\n\n  .swiper {\n    width: 100%;\n    max-width: 720px;\n    height: 400px;\n    margin-bottom: 20px;\n  }\n\n  .swiper-slide {\n    display: flex;\n    align-items: center;\n    justify-content: center;\n    background: #000;\n    overflow: hidden;\n  }\n\n  .swiper-slide iframe,\n  .swiper-slide img {\n    width: 100%;\n    height: 100%;\n    object-fit: cover;\n  }\n\n  .swiper-button-next,\n  .swiper-button-prev {\n    color: #fff;\n  }\n\n  .ver-mas-btn {\n    padding: 10px 20px;\n    background-color: #0073aa;\n    color: white;\n    border: none;\n    border-radius: 6px;\n    cursor: pointer;\n    font-weight: bold;\n    text-decoration: none;\n    display: inline-block;\n  }\n\n  .ver-mas-btn:hover {\n    background-color: #005f8a;\n  }\n<\/style>\n\n<div class=\"tabs\">\n  <div class=\"tab-buttons\">\n    <button class=\"tab-btn active\" data-tab=\"tab1\">Fortalecimiento de desarrollo sostenible Comunidad Shuar Nankais<\/button>\n    <button class=\"tab-btn\" data-tab=\"tab2\">Sembrando Valores La escuela como agente de cambio<\/button>\n    <button class=\"tab-btn\" data-tab=\"tab3\">Fortalecimiento de habilidades mediante el uso de TIC<\/button>\n  <\/div>\n\n  <!-- Tab 1 -->\n  <div id=\"tab1\" class=\"tab-content active\">\n    <h3>Proyecto Fortalecimiento de desarrollo sostenible Comunidad Shuar Nankais<\/h3>\n    <div class=\"swiper swiper-nankais\">\n      <div class=\"swiper-wrapper\">\n<div class=\"swiper-slide\">\n          <img decoding=\"async\" src=\"https:\/\/scontent.fgye30-1.fna.fbcdn.net\/v\/t39.30808-6\/500249809_10085477971516464_253617225962433770_n.jpg?_nc_cat=102&#038;ccb=1-7&#038;_nc_sid=127cfc&#038;_nc_eui2=AeE1XtK0_yXhdIDxSq6deLE3nx8XEgSEh1yfHxcSBISHXFipqnrZjl7vujuH1Pi8QpDw5-7ZDn3I29a5pvXYRAA8&#038;_nc_ohc=kJY6vmMqt6kQ7kNvwFmWcAQ&#038;_nc_oc=AdkH7dbQQRtRx2W5XDt8OLTY3uiNDVdQoW7DEnp3aYwYnAq4idPyINgVOYAaz3mIknXhtUoXEoGSDBPHPyXuYMPS&#038;_nc_zt=23&#038;_nc_ht=scontent.fgye30-1.fna&#038;_nc_gid=QnOSQQqxd-973wbngO5XUw&#038;oh=00_AfIQPxa_u-tP52sJvyHrTPpOGw543UX_UF5pz3ZZYIfZtQ&#038;oe=683A274C\" alt=\"Foto\">\n        <\/div>\n        <div class=\"swiper-slide\">\n<img decoding=\"async\" src=\"https:\/\/scontent.fgye30-1.fna.fbcdn.net\/v\/t39.30808-6\/499770207_10085498514847743_5719956284053649403_n.jpg?_nc_cat=103&#038;ccb=1-7&#038;_nc_sid=127cfc&#038;_nc_eui2=AeHSbDvXPPfpShhr77zn_IX4Hc8p3EWpeoodzyncRal6io4WQkbkRc6fkiq8OYF7eioXpJgWnW8Asdj8VZevrpcc&#038;_nc_ohc=7SWv0vQ6SgAQ7kNvwFUcOiY&#038;_nc_oc=AdmsCu4j1cBSwVjvyb5iPQW2k_5eKYieGNYZAJtpUHmZse9CbZabBVC9XR5WupsMBANgTpB-RmpeUFBkf9GCYFf0&#038;_nc_zt=23&#038;_nc_ht=scontent.fgye30-1.fna&#038;_nc_gid=0toKWxWsdxgZ7rJAXjo9ig&#038;oh=00_AfK0rBc2_fTUdd8INeYHTYvSqCeBprRmJ-THmSdh5nfQJw&#038;oe=683A4EA5\" alt=\"Foto\">\n        <\/div>\n        <div class=\"swiper-slide\">\n<img decoding=\"async\" src=\"https:\/\/scontent.fgye30-1.fna.fbcdn.net\/v\/t39.30808-6\/499371791_10085500804847514_5788578656454403175_n.jpg?_nc_cat=111&#038;ccb=1-7&#038;_nc_sid=127cfc&#038;_nc_eui2=AeG-92WTnF4zLW45r9KbzzygZIVO0N8uR15khU7Q3y5HXgT0tJBxynNovn9p_-bPQUW4Q1nMXKESlHEKqij_rXNB&#038;_nc_ohc=GZop1FGWxOMQ7kNvwGRNTPF&#038;_nc_oc=AdlDLXMDpjuEBz3cFXPImeTAF92ojarV1_eXyU5W0tG0G0-Ky8oGuCIg_Zq9cQdiivA-wHlqj_7NRr3sUapcoa5a&#038;_nc_zt=23&#038;_nc_ht=scontent.fgye30-1.fna&#038;_nc_gid=zN5Jcv6ehqGcTeZajGpg4Q&#038;oh=00_AfK4md6b5tIsFGuYb8yXrqKTKtZWRFg_NjsGxL-O66U3zw&#038;oe=683A2E6F\" alt=\"Foto\">\n  <\/div>\n <div class=\"swiper-slide\">\n<iframe src=\"https:\/\/www.facebook.com\/plugins\/video.php?href=https%3A%2F%2Fwww.facebook.com%2FHuecasturisticas%2Fvideos%2F589212025432375&amp;show_text=false&amp;width=500\" allowfullscreen=\"allowfullscreen\"><br \/><\/iframe>\n  <\/div>\n        \n      <\/div>\n      <div class=\"swiper-button-next swiper-nankais-next\"><\/div>\n      <div class=\"swiper-button-prev swiper-nankais-prev\"><\/div>\n    <\/div>\n    <a href=\"https:\/\/mega.nz\/folder\/Cshz1CJJ#wydMrGcl0eqVqr4RqB7cjw\" target=\"_blank\" class=\"ver-mas-btn\">Ver m\u00e1s<\/a>\n  <\/div>\n\n  <!-- Tab 2 -->\n  <div id=\"tab2\" class=\"tab-content\">\n    <h3>Proyecto Sembrando Valores La escuela como agente de cambio<\/h3>\n    <div class=\"swiper swiper-valores\">\n      <div class=\"swiper-wrapper\">\n        <div class=\"swiper-slide\">\n          <iframe loading=\"lazy\" \n            src=\"https:\/\/drive.google.com\/file\/d\/1k26j5VQanEyqjof-BOW3raOCzOfxKSl5\/preview\" \n            width=\"100%\" height=\"315\" allow=\"autoplay\" allowfullscreen>\n          <\/iframe>\n        <\/div>\n<div class=\"swiper-slide\">\n          <iframe loading=\"lazy\" \n            src=\"https:\/\/drive.google.com\/file\/d\/108Iv3gUCE153_xONgMhPjreT_Cja9ZG2\/preview\" \n            width=\"100%\" height=\"315\" allow=\"autoplay\" allowfullscreen>\n          <\/iframe>\n        <\/div>\n<div class=\"swiper-slide\">\n          <iframe loading=\"lazy\" \n            src=\"https:\/\/drive.google.com\/file\/d\/13Gg0rTvILFC9wWQORpSEYykjM3xVvyTK\/preview\" \n            width=\"100%\" height=\"315\" allow=\"autoplay\" allowfullscreen>\n          <\/iframe>\n        <\/div>\n<div class=\"swiper-slide\">\n          <iframe loading=\"lazy\" \n            src=\"https:\/\/drive.google.com\/file\/d\/12FlGdM4HaQC735wNhsuSc1m7hBIxGwND\/preview\" \n            width=\"100%\" height=\"315\" allow=\"autoplay\" allowfullscreen>\n          <\/iframe>\n        <\/div>\n      <\/div>\n      <div class=\"swiper-button-next swiper-valores-next\"><\/div>\n      <div class=\"swiper-button-prev swiper-valores-prev\"><\/div>\n    <\/div>\n    <a href=\"https:\/\/drive.google.com\/drive\/u\/2\/folders\/1s0o9XAB7lGSmVUHPRnY5FrYJqx0-_wIj\" target=\"_blank\" class=\"ver-mas-btn\">Ver m\u00e1s<\/a>\n  <\/div>\n\n  <!-- Tab 3 -->\n  <div id=\"tab3\" class=\"tab-content\">\n    <h3>Proyecto Fortalecimiento de habilidades mediante el uso de TIC<\/h3>\n    <div class=\"swiper swiper-tic\">\n      <div class=\"swiper-wrapper\">\n        <div class=\"swiper-slide\">\n          <img decoding=\"async\" src=\"https:\/\/scontent.fgye30-1.fna.fbcdn.net\/v\/t39.30808-6\/474916992_1875921236522697_5646927721849416392_n.jpg?_nc_cat=110&#038;ccb=1-7&#038;_nc_sid=127cfc&#038;_nc_eui2=AeH0wk-G-X555QbFJSS3rjOyM8Gte7PLwDYzwa17s8vANv8bQh1lhlwrBMTqBmkZhUQq5miqffp-t0cUSqoPRMz2&#038;_nc_ohc=aqGlJUqh09cQ7kNvwFx_x5s&#038;_nc_oc=Adnq-PDQAn2gdDMXOOPA2e3H-pnK6Kawf0Wk2OjCOHjUBuvspTMd3-8z2NSCjXkmGDaeqqWpu3SxaJN_-ztxwhyO&#038;_nc_zt=23&#038;_nc_ht=scontent.fgye30-1.fna&#038;_nc_gid=iNsqMMLqiHH18MLVnFjbkg&#038;oh=00_AfJuQTQqaNyfebj8BzDyIZv0WqtOUbStdx7mD935k0H6Jg&#038;oe=683A5DFD\" alt=\"Foto TIC\">\n        <\/div>\n        <div class=\"swiper-slide\">\n          <img decoding=\"async\" src=\"https:\/\/scontent.fgye30-1.fna.fbcdn.net\/v\/t39.30808-6\/481764840_1714752109107956_7340368139164912315_n.jpg?_nc_cat=101&#038;ccb=1-7&#038;_nc_sid=127cfc&#038;_nc_eui2=AeH_wSXiwYnGQGhM3JrRt88cqlyBRzqU172qXIFHOpTXvbSj52LAUFCLTCKWAQJIp2I0ZbklGt7nu0GiM3PvPTQ6&#038;_nc_ohc=3Ga0ZNRFczEQ7kNvwHyWc30&#038;_nc_oc=Adn6Wxu00K9khlDBaGkdztECvLjkdsrQ5667y2aX7zuBOJgp0vG-euruAU4leHrgwHN8vjcgkNEMbRzc0nx_ir2x&#038;_nc_zt=23&#038;_nc_ht=scontent.fgye30-1.fna&#038;_nc_gid=q4i7FuC4KN9_RzZjbdVuDQ&#038;oh=00_AfKCt92DgU7n1kbYIipTLm9kmOh0_7qPnb3MUqHkWVprdA&#038;oe=683A58A1\" alt=\"Foto TIC\">\n        <\/div>\n<div class=\"swiper-slide\">\n<img decoding=\"async\" src=\"https:\/\/scontent.fgye30-1.fna.fbcdn.net\/v\/t1.6435-9\/118679241_1181456035559977_1483986605872843242_n.jpg?_nc_cat=104&amp;ccb=1-7&amp;_nc_sid=127cfc&amp;_nc_eui2=AeEKCuiZcGbRO7AWOlSAPdvwkfio2TkLKEyR-KjZOQsoTJ3gb1UgqqYzR2xVOfZt1SlMnvOLlVh6qm1ZKWlH_YZn&amp;_nc_ohc=gkkNiH7F99QQ7kNvwEwrePT&amp;_nc_oc=Adm8cb6EbaVTKoz1yLzcGS29h3iF29IsM5mBVrMGdTSOMfB4ZL1ybKah52-LbhzsYUcWx7W-OcUJjrOvGFnPokoD&amp;_nc_zt=23&amp;_nc_ht=scontent.fgye30-1.fna&amp;_nc_gid=4vCdOvTrtq7j9htNeFIN1w&amp;oh=00_AfIPnrSpEj7j8zBnSsFntN1LNI8ryH2CwQnq7bV8dRNWuw&amp;oe=6852BED8\" alt=\"Foto TIC\">\n  <\/div>\n<div class=\"swiper-slide\">\n<img decoding=\"async\" src=\"https:\/\/scontent.fgye30-1.fna.fbcdn.net\/v\/t1.6435-9\/119701524_1192011521171095_8911784350485565780_n.jpg?_nc_cat=100&amp;ccb=1-7&amp;_nc_sid=127cfc&amp;_nc_eui2=AeFs95KrAZm7Rx7Ho4bIWvuaKlh_-0Iv0fsqWH_7Qi_R--hl2ty0rhCQDf9fQMkcG05YHveeUgXQz8OflPh5UBi_&amp;_nc_ohc=XHcO8nbYEhkQ7kNvwGdg3la&amp;_nc_oc=AdkHp14woqvIIJseplSaYZDANvPsusHM3y-bPMzeJW_RxuiKyAgcmFASik1_F2Yr9tkAtZP2JcP_zO2HrbmgLRdy&amp;_nc_zt=23&amp;_nc_ht=scontent.fgye30-1.fna&amp;_nc_gid=bsP8YFBDShkR9d9ztozrWQ&amp;oh=00_AfIruO9hUMKIpoSNNTqjCzP-cJsw1ac4_IieQ85VyyHjDA&amp;oe=6852D154\" alt=\"Foto TIC\">\n  <\/div>\n      <\/div>\n      <div class=\"swiper-button-next swiper-tic-next\"><\/div>\n      <div class=\"swiper-button-prev swiper-tic-prev\"><\/div>\n    <\/div>\n    <a href=\"https:\/\/drive.google.com\/file\/d\/1L7NTxTsOZp0PiuHpnm4saKpCwRxPh3pJ\/view?usp=drive_link\" target=\"_blank\" class=\"ver-mas-btn\">Ver m\u00e1s<\/a>\n  <\/div>\n<\/div>\n\n<script>\n  const buttons = document.querySelectorAll(\".tab-btn\");\n  const contents = document.querySelectorAll(\".tab-content\");\n\n  function showTab(tabId) {\n    buttons.forEach(btn => btn.classList.remove(\"active\"));\n    contents.forEach(content => content.classList.remove(\"active\"));\n\n    document.querySelector(`[data-tab=\"${tabId}\"]`).classList.add(\"active\");\n    document.getElementById(tabId).classList.add(\"active\");\n\n    \/\/ Forzar actualizaci\u00f3n Swiper si existe\n    setTimeout(() => {\n      if (tabId === \"tab1\" && window.swiperNankais) window.swiperNankais.update();\n      if (tabId === \"tab2\" && window.swiperValores) window.swiperValores.update();\n      if (tabId === \"tab3\" && window.swiperTic) window.swiperTic.update();\n    }, 100);\n  }\n\n  buttons.forEach(button => {\n    button.addEventListener(\"click\", () => {\n      const tabId = button.getAttribute(\"data-tab\");\n      showTab(tabId);\n    });\n  });\n\n  \/\/ Inicializar swipers al cargar\n  window.swiperNankais = new Swiper(\".swiper-nankais\", {\n    navigation: {\n      nextEl: \".swiper-nankais-next\",\n      prevEl: \".swiper-nankais-prev\",\n    },\n    loop: true,\n  });\n\n  window.swiperValores = new Swiper(\".swiper-valores\", {\n    navigation: {\n      nextEl: \".swiper-valores-next\",\n      prevEl: \".swiper-valores-prev\",\n    },\n    loop: true,\n  });\n\n  window.swiperTic = new Swiper(\".swiper-tic\", {\n    navigation: {\n      nextEl: \".swiper-tic-next\",\n      prevEl: \".swiper-tic-prev\",\n    },\n    loop: true,\n  });\n<\/script>\n","protected":false},"excerpt":{"rendered":"<p>Bienvenido a nuestra secci\u00f3n destinada a Vinculaci\u00f3n, en este espacio encontrar\u00e1s los principales convenios y proyectos que nuestra instituci\u00f3n y la comunidad generan juntos. Aqu\u00ed encontrar\u00e1s informaci\u00f3n detallada sobre los programas de vinculaci\u00f3n, proyectos de educaci\u00f3n continua, actividades culturales y educativas, as\u00ed como oportunidades de colaboraci\u00f3n con diversas organizaciones. Nuestra misi\u00f3n es fomentar la integraci\u00f3n &hellip;<\/p>\n<p class=\"read-more\"> <a class=\"\" href=\"https:\/\/institutolosandes.edu.ec\/index.php\/vinculacion-con-la-sociedad\/\"> <span class=\"screen-reader-text\">Vinculaci\u00f3n con la Sociedad<\/span> Leer m\u00e1s &raquo;<\/a><\/p>\n","protected":false},"author":1,"featured_media":0,"parent":0,"menu_order":0,"comment_status":"closed","ping_status":"closed","template":"","meta":{"site-sidebar-layout":"default","site-content-layout":"default","ast-global-header-display":"","ast-banner-title-visibility":"","ast-main-header-display":"","ast-hfb-above-header-display":"","ast-hfb-below-header-display":"","ast-hfb-mobile-header-display":"","site-post-title":"","ast-breadcrumbs-content":"","ast-featured-img":"","footer-sml-layout":"","theme-transparent-header-meta":"","adv-header-id-meta":"","stick-header-meta":"","header-above-stick-meta":"","header-main-stick-meta":"","header-below-stick-meta":"","footnotes":""},"class_list":["post-3294","page","type-page","status-publish","hentry"],"_links":{"self":[{"href":"https:\/\/institutolosandes.edu.ec\/index.php\/wp-json\/wp\/v2\/pages\/3294","targetHints":{"allow":["GET"]}}],"collection":[{"href":"https:\/\/institutolosandes.edu.ec\/index.php\/wp-json\/wp\/v2\/pages"}],"about":[{"href":"https:\/\/institutolosandes.edu.ec\/index.php\/wp-json\/wp\/v2\/types\/page"}],"author":[{"embeddable":true,"href":"https:\/\/institutolosandes.edu.ec\/index.php\/wp-json\/wp\/v2\/users\/1"}],"replies":[{"embeddable":true,"href":"https:\/\/institutolosandes.edu.ec\/index.php\/wp-json\/wp\/v2\/comments?post=3294"}],"version-history":[{"count":14,"href":"https:\/\/institutolosandes.edu.ec\/index.php\/wp-json\/wp\/v2\/pages\/3294\/revisions"}],"predecessor-version":[{"id":3441,"href":"https:\/\/institutolosandes.edu.ec\/index.php\/wp-json\/wp\/v2\/pages\/3294\/revisions\/3441"}],"wp:attachment":[{"href":"https:\/\/institutolosandes.edu.ec\/index.php\/wp-json\/wp\/v2\/media?parent=3294"}],"curies":[{"name":"wp","href":"https:\/\/api.w.org\/{rel}","templated":true}]}}