{"id":2872,"date":"2024-02-02T00:10:08","date_gmt":"2024-02-02T05:10:08","guid":{"rendered":"https:\/\/institutolosandes.edu.ec\/?page_id=2872"},"modified":"2026-03-19T17:57:35","modified_gmt":"2026-03-19T22:57:35","slug":"manuales-de-uso","status":"publish","type":"page","link":"https:\/\/institutolosandes.edu.ec\/index.php\/manuales-de-uso\/","title":{"rendered":"Manuales de Uso &amp; Normas EVA &#8211; SGA"},"content":{"rendered":"\n<p style=\"font-size:15px\">Al explorar este apartado, descubrir\u00e1n c\u00f3mo nuestras manuales y reglamentos abordan aspectos que van desde la comunicaci\u00f3n hasta la gesti\u00f3n de plataformas. Cada l\u00ednea de estas directrices fue dise\u00f1ada para mantener un entorno donde cada individuo pueda gestionar procesos para el uso adecuado de las tecnolog\u00edas y sistemas.<\/p>\n\n\n\n<h3 class=\"wp-block-heading has-text-color has-link-color wp-elements-f9eba3f465ad57b3a942b25c1842e91f\" style=\"color:#00008c\">Documentos:<\/h3>\n\n\n\n<div class=\"wp-block-columns has-background is-layout-flex wp-container-core-columns-is-layout-8d88fe0f wp-block-columns-is-layout-flex\" style=\"background-color:#faf7ff2e;padding-top:var(--wp--preset--spacing--20);padding-bottom:var(--wp--preset--spacing--20)\">\n<div class=\"wp-block-column is-layout-flow wp-block-column-is-layout-flow\">\n<div class=\"wp-block-buttons is-layout-flex wp-block-buttons-is-layout-flex\">\n<div class=\"wp-block-button has-custom-width wp-block-button__width-100 is-style-outline is-style-outline--1\"><a class=\"wp-block-button__link has-ast-global-color-5-background-color has-text-color has-background has-small-font-size has-custom-font-size wp-element-button\" href=\"http:\/\/186.69.244.202:9000\/jspui\/bitstream\/123456789\/181\/1\/Manual%20de%20administrador%20EVA.pdf\" style=\"border-radius:0px;color:#00008c;padding-top:var(--wp--preset--spacing--40);padding-bottom:var(--wp--preset--spacing--40)\">Manual EVA Administrador<\/a><\/div>\n\n\n\n<div class=\"wp-block-button has-custom-width wp-block-button__width-100 is-style-outline is-style-outline--2\"><a class=\"wp-block-button__link has-ast-global-color-5-background-color has-text-color has-background has-small-font-size has-custom-font-size wp-element-button\" href=\"http:\/\/186.69.244.202:9000\/jspui\/bitstream\/123456789\/185\/1\/Manual%20EVA%20Docentes.pdf\" style=\"border-radius:0px;color:#00008c;padding-top:var(--wp--preset--spacing--40);padding-bottom:var(--wp--preset--spacing--40)\">Manual EVA Docentes<\/a><\/div>\n\n\n\n<div class=\"wp-block-button has-custom-width wp-block-button__width-100 is-style-outline is-style-outline--3\"><a class=\"wp-block-button__link has-ast-global-color-5-background-color has-text-color has-background has-small-font-size has-custom-font-size wp-element-button\" href=\"http:\/\/186.69.244.202:9000\/jspui\/bitstream\/123456789\/189\/1\/Manual%20EVA%20estudiantes.pdf\" style=\"border-radius:0px;color:#00008c;padding-top:var(--wp--preset--spacing--40);padding-bottom:var(--wp--preset--spacing--40)\">Manual EVA Estudiantes<\/a><\/div>\n<\/div>\n<\/div>\n\n\n\n<div class=\"wp-block-column is-layout-flow wp-block-column-is-layout-flow\">\n<div class=\"wp-block-buttons is-layout-flex wp-block-buttons-is-layout-flex\">\n<div class=\"wp-block-button has-custom-width wp-block-button__width-100 is-style-outline is-style-outline--4\"><a class=\"wp-block-button__link has-ast-global-color-5-background-color has-text-color has-background has-link-color has-small-font-size has-custom-font-size wp-element-button\" href=\"http:\/\/186.69.244.202:9000\/jspui\/bitstream\/123456789\/188\/1\/Manual%20SGA%20Administrador.pdf\" style=\"border-radius:0px;color:#00008c;padding-top:var(--wp--preset--spacing--40);padding-bottom:var(--wp--preset--spacing--40)\">Manual SGA Administrador<\/a><\/div>\n<\/div>\n\n\n\n<div class=\"wp-block-buttons is-layout-flex wp-block-buttons-is-layout-flex\">\n<div class=\"wp-block-button has-custom-width wp-block-button__width-100 is-style-outline is-style-outline--5\"><a class=\"wp-block-button__link has-ast-global-color-5-background-color has-text-color has-background has-link-color has-small-font-size has-custom-font-size wp-element-button\" href=\"http:\/\/190.96.97.141:9000\/jspui\/bitstream\/123456789\/184\/1\/Manual%20SGA%20Coordinadores.pdf\" style=\"border-radius:0px;color:#00008c;padding-top:var(--wp--preset--spacing--40);padding-bottom:var(--wp--preset--spacing--40)\">Manual SGA Coordinadores<\/a><\/div>\n<\/div>\n\n\n\n<div class=\"wp-block-buttons is-layout-flex wp-block-buttons-is-layout-flex\">\n<div class=\"wp-block-button has-custom-width wp-block-button__width-100 is-style-outline is-style-outline--6\"><a class=\"wp-block-button__link has-ast-global-color-5-background-color has-text-color has-background has-link-color has-small-font-size has-custom-font-size wp-element-button\" href=\"http:\/\/186.69.244.202:9000\/jspui\/bitstream\/123456789\/187\/1\/Manual%20SGA%20Docentes.pdf\" style=\"border-radius:0px;color:#00008c;padding-top:var(--wp--preset--spacing--40);padding-bottom:var(--wp--preset--spacing--40)\">Manual SGA Docentes<\/a><\/div>\n<\/div>\n<\/div>\n\n\n\n<div class=\"wp-block-column is-vertically-aligned-center is-layout-flow wp-block-column-is-layout-flow\">\n<div class=\"wp-block-buttons is-layout-flex wp-block-buttons-is-layout-flex\">\n<div class=\"wp-block-button has-custom-width wp-block-button__width-100 is-style-outline is-style-outline--7\"><a class=\"wp-block-button__link has-ast-global-color-5-background-color has-text-color has-background has-link-color has-small-font-size has-custom-font-size wp-element-button\" href=\"https:\/\/drive.google.com\/file\/d\/1Lw3PoPS9wKJUmqyEEuf6lOsJWsqQJ4_N\/view?usp=sharing\" style=\"border-radius:0px;color:#00008c;padding-top:var(--wp--preset--spacing--40);padding-bottom:var(--wp--preset--spacing--40)\">Reglamento SGA<\/a><\/div>\n\n\n\n<div class=\"wp-block-button has-custom-width wp-block-button__width-100 is-style-outline is-style-outline--8\"><a class=\"wp-block-button__link has-ast-global-color-5-background-color has-text-color has-background has-link-color has-small-font-size has-custom-font-size wp-element-button\" href=\"http:\/\/186.69.244.202:9000\/jspui\/bitstream\/123456789\/183\/1\/Manual%20para%20inscripciones%20SGA.pdf\" style=\"border-radius:0px;color:#00008c;padding-top:var(--wp--preset--spacing--40);padding-bottom:var(--wp--preset--spacing--40)\">Manual SGA Inscripciones<\/a><\/div>\n<\/div>\n\n\n\n<div class=\"wp-block-buttons is-layout-flex wp-block-buttons-is-layout-flex\">\n<div class=\"wp-block-button has-custom-width wp-block-button__width-100 is-style-outline is-style-outline--9\"><a class=\"wp-block-button__link has-ast-global-color-5-background-color has-text-color has-background has-link-color has-small-font-size has-custom-font-size wp-element-button\" href=\"http:\/\/190.96.97.141:9000\/jspui\/bitstream\/123456789\/186\/1\/Manual%20SGA%20Secretar%c3%ada.pdf\" style=\"border-radius:0px;color:#00008c;padding-top:var(--wp--preset--spacing--40);padding-bottom:var(--wp--preset--spacing--40)\">Manual SGA Secretar\u00eda<\/a><\/div>\n<\/div>\n<\/div>\n<\/div>\n\n\n\n<p><\/p>\n","protected":false},"excerpt":{"rendered":"<p>Al explorar este apartado, descubrir\u00e1n c\u00f3mo nuestras manuales y reglamentos abordan aspectos que van desde la comunicaci\u00f3n hasta la gesti\u00f3n de plataformas. Cada l\u00ednea de estas directrices fue dise\u00f1ada para mantener un entorno donde cada individuo pueda gestionar procesos para el uso adecuado de las tecnolog\u00edas y sistemas. Documentos:<\/p>\n","protected":false},"author":1,"featured_media":0,"parent":0,"menu_order":0,"comment_status":"closed","ping_status":"closed","template":"","meta":{"site-sidebar-layout":"no-sidebar","site-content-layout":"plain-container","ast-global-header-display":"","ast-banner-title-visibility":"disabled","ast-main-header-display":"","ast-hfb-above-header-display":"","ast-hfb-below-header-display":"","ast-hfb-mobile-header-display":"","site-post-title":"","ast-breadcrumbs-content":"","ast-featured-img":"","footer-sml-layout":"","theme-transparent-header-meta":"","adv-header-id-meta":"","stick-header-meta":"","header-above-stick-meta":"","header-main-stick-meta":"","header-below-stick-meta":"","footnotes":""},"class_list":["post-2872","page","type-page","status-publish","hentry"],"_links":{"self":[{"href":"https:\/\/institutolosandes.edu.ec\/index.php\/wp-json\/wp\/v2\/pages\/2872","targetHints":{"allow":["GET"]}}],"collection":[{"href":"https:\/\/institutolosandes.edu.ec\/index.php\/wp-json\/wp\/v2\/pages"}],"about":[{"href":"https:\/\/institutolosandes.edu.ec\/index.php\/wp-json\/wp\/v2\/types\/page"}],"author":[{"embeddable":true,"href":"https:\/\/institutolosandes.edu.ec\/index.php\/wp-json\/wp\/v2\/users\/1"}],"replies":[{"embeddable":true,"href":"https:\/\/institutolosandes.edu.ec\/index.php\/wp-json\/wp\/v2\/comments?post=2872"}],"version-history":[{"count":17,"href":"https:\/\/institutolosandes.edu.ec\/index.php\/wp-json\/wp\/v2\/pages\/2872\/revisions"}],"predecessor-version":[{"id":3513,"href":"https:\/\/institutolosandes.edu.ec\/index.php\/wp-json\/wp\/v2\/pages\/2872\/revisions\/3513"}],"wp:attachment":[{"href":"https:\/\/institutolosandes.edu.ec\/index.php\/wp-json\/wp\/v2\/media?parent=2872"}],"curies":[{"name":"wp","href":"https:\/\/api.w.org\/{rel}","templated":true}]}}