{"id":2845,"date":"2024-01-11T18:44:01","date_gmt":"2024-01-11T23:44:01","guid":{"rendered":"https:\/\/institutolosandes.edu.ec\/?page_id=2845"},"modified":"2024-07-29T11:29:58","modified_gmt":"2024-07-29T16:29:58","slug":"accion-afirmativa","status":"publish","type":"page","link":"https:\/\/institutolosandes.edu.ec\/index.php\/accion-afirmativa\/","title":{"rendered":"Acci\u00f3n Afirmativa"},"content":{"rendered":"\n<div class=\"wp-block-media-text has-media-on-the-right is-stacked-on-mobile\"><div class=\"wp-block-media-text__content\">\n<p style=\"font-size:15px\">Bienvenido a nuestra secci\u00f3n destinada a Acci\u00f3n Afirmativa<\/p>\n\n\n\n<p style=\"font-size:15px\">Nuestra misi\u00f3n es fomentar la integraci\u00f3n de la educaci\u00f3n superior con el entorno social, econ\u00f3mico y cultural, contribuyendo as\u00ed al desarrollo de nuestra comunidad y el crecimiento de nuestros estudiantes.<\/p>\n<\/div><figure class=\"wp-block-media-text__media\"><img loading=\"lazy\" decoding=\"async\" width=\"6000\" height=\"3374\" src=\"http:\/\/institutolosandes.edu.ec\/wp-content\/uploads\/2023\/10\/Vinculacion.jpg\" alt=\"\" class=\"wp-image-2616 size-full\"\/><\/figure><\/div>\n\n\n\n<div class=\"wp-block-columns has-background is-layout-flex wp-container-core-columns-is-layout-28f84493 wp-block-columns-is-layout-flex\" style=\"background-color:#faf7ff2e\">\n<div class=\"wp-block-column is-layout-flow wp-block-column-is-layout-flow\">\n<h3 class=\"wp-block-heading has-text-align-right has-text-color\" style=\"color:#00008c\">Apartado Legal:<\/h3>\n<\/div>\n\n\n\n<div class=\"wp-block-column is-layout-flow wp-block-column-is-layout-flow\">\n<div class=\"wp-block-buttons is-layout-flex wp-block-buttons-is-layout-flex\">\n<div class=\"wp-block-button has-custom-width wp-block-button__width-100 has-custom-font-size is-style-outline has-small-font-size is-style-outline--1\"><a class=\"wp-block-button__link has-ast-global-color-5-background-color has-text-color has-background wp-element-button\" href=\"https:\/\/institutolosandes.edu.ec\/wp-content\/uploads\/2024\/03\/REGLAMENTO-DE-LA-ACCION.pdf\" style=\"border-radius:0px;color:#00008c;padding-top:var(--wp--preset--spacing--40);padding-bottom:var(--wp--preset--spacing--40)\">Reglamento de la Acci\u00f3n Afirmativa<\/a><\/div>\n<\/div>\n<\/div>\n\n\n\n<div class=\"wp-block-column is-layout-flow wp-block-column-is-layout-flow\"><\/div>\n<\/div>\n\n\n\n<p><\/p>\n","protected":false},"excerpt":{"rendered":"<p>Bienvenido a nuestra secci\u00f3n destinada a Acci\u00f3n Afirmativa Nuestra misi\u00f3n es fomentar la integraci\u00f3n de la educaci\u00f3n superior con el entorno social, econ\u00f3mico y cultural, contribuyendo as\u00ed al desarrollo de nuestra comunidad y el crecimiento de nuestros estudiantes. Apartado Legal:<\/p>\n","protected":false},"author":1,"featured_media":0,"parent":0,"menu_order":0,"comment_status":"closed","ping_status":"closed","template":"","meta":{"site-sidebar-layout":"default","site-content-layout":"default","ast-global-header-display":"","ast-banner-title-visibility":"","ast-main-header-display":"","ast-hfb-above-header-display":"","ast-hfb-below-header-display":"","ast-hfb-mobile-header-display":"","site-post-title":"","ast-breadcrumbs-content":"","ast-featured-img":"","footer-sml-layout":"","theme-transparent-header-meta":"","adv-header-id-meta":"","stick-header-meta":"","header-above-stick-meta":"","header-main-stick-meta":"","header-below-stick-meta":"","footnotes":""},"class_list":["post-2845","page","type-page","status-publish","hentry"],"_links":{"self":[{"href":"https:\/\/institutolosandes.edu.ec\/index.php\/wp-json\/wp\/v2\/pages\/2845","targetHints":{"allow":["GET"]}}],"collection":[{"href":"https:\/\/institutolosandes.edu.ec\/index.php\/wp-json\/wp\/v2\/pages"}],"about":[{"href":"https:\/\/institutolosandes.edu.ec\/index.php\/wp-json\/wp\/v2\/types\/page"}],"author":[{"embeddable":true,"href":"https:\/\/institutolosandes.edu.ec\/index.php\/wp-json\/wp\/v2\/users\/1"}],"replies":[{"embeddable":true,"href":"https:\/\/institutolosandes.edu.ec\/index.php\/wp-json\/wp\/v2\/comments?post=2845"}],"version-history":[{"count":5,"href":"https:\/\/institutolosandes.edu.ec\/index.php\/wp-json\/wp\/v2\/pages\/2845\/revisions"}],"predecessor-version":[{"id":3111,"href":"https:\/\/institutolosandes.edu.ec\/index.php\/wp-json\/wp\/v2\/pages\/2845\/revisions\/3111"}],"wp:attachment":[{"href":"https:\/\/institutolosandes.edu.ec\/index.php\/wp-json\/wp\/v2\/media?parent=2845"}],"curies":[{"name":"wp","href":"https:\/\/api.w.org\/{rel}","templated":true}]}}