{"id":2594,"date":"2023-10-04T12:57:35","date_gmt":"2023-10-04T17:57:35","guid":{"rendered":"http:\/\/institutolosandes.edu.ec\/?page_id=2594"},"modified":"2024-08-02T11:16:09","modified_gmt":"2024-08-02T16:16:09","slug":"matriculas-online","status":"publish","type":"page","link":"https:\/\/institutolosandes.edu.ec\/index.php\/matriculas-online\/","title":{"rendered":"\u00a1Bienvenido a nuestras matr\u00edculas online!"},"content":{"rendered":"<h2 style=\"color:#1f39b9;\" class=\"has-link-color wp-elements-264d0090dd0d08d37fd461ccf3d6d2b5 wp-block-post-title has-text-color\">\u00a1Bienvenido a nuestras matr\u00edculas online!<\/h2>\n\n\n<p>M\u00f3dulo de matr\u00edculas en l\u00ednea, dise\u00f1ada para hacer tu proceso de inscripci\u00f3n m\u00e1s f\u00e1cil y conveniente.<br>Aqu\u00ed, inscribirte es r\u00e1pido y f\u00e1cil. Llena el formulario y completa tu matr\u00edcula en solo unos clics. Estamos aqu\u00ed para ayudarte en cada paso del camino.<\/p>\n\n\n\n<div class=\"wp-block-buttons is-layout-flex wp-block-buttons-is-layout-flex\"><\/div>\n\n\n\n<div class=\"wp-block-buttons is-content-justification-center is-layout-flex wp-container-core-buttons-is-layout-a89b3969 wp-block-buttons-is-layout-flex\">\n<div class=\"wp-block-button has-custom-font-size is-style-outline has-small-font-size is-style-outline--1\"><a class=\"wp-block-button__link has-ast-global-color-5-background-color has-text-color has-background has-text-align-center wp-element-button\" href=\"http:\/\/190.96.97.141:9091\/limesurvey\/index.php\/621333\" style=\"border-radius:0px;color:#00008c;padding-top:var(--wp--preset--spacing--40);padding-bottom:var(--wp--preset--spacing--40)\">Empieza<\/a><\/div>\n<\/div>\n\n\n\n<div style=\"height:109px\" aria-hidden=\"true\" class=\"wp-block-spacer\"><\/div>\n\n\n\n<p><\/p>\n","protected":false},"excerpt":{"rendered":"<p>M\u00f3dulo de matr\u00edculas en l\u00ednea, dise\u00f1ada para hacer tu proceso de inscripci\u00f3n m\u00e1s f\u00e1cil y conveniente.Aqu\u00ed, inscribirte es r\u00e1pido y f\u00e1cil. Llena el formulario y completa tu matr\u00edcula en solo unos clics. Estamos aqu\u00ed para ayudarte en cada paso del camino.<\/p>\n","protected":false},"author":1,"featured_media":0,"parent":0,"menu_order":0,"comment_status":"closed","ping_status":"closed","template":"","meta":{"site-sidebar-layout":"default","site-content-layout":"default","ast-global-header-display":"","ast-banner-title-visibility":"","ast-main-header-display":"","ast-hfb-above-header-display":"","ast-hfb-below-header-display":"","ast-hfb-mobile-header-display":"","site-post-title":"disabled","ast-breadcrumbs-content":"","ast-featured-img":"","footer-sml-layout":"","theme-transparent-header-meta":"","adv-header-id-meta":"","stick-header-meta":"","header-above-stick-meta":"","header-main-stick-meta":"","header-below-stick-meta":"","footnotes":""},"class_list":["post-2594","page","type-page","status-publish","hentry"],"_links":{"self":[{"href":"https:\/\/institutolosandes.edu.ec\/index.php\/wp-json\/wp\/v2\/pages\/2594","targetHints":{"allow":["GET"]}}],"collection":[{"href":"https:\/\/institutolosandes.edu.ec\/index.php\/wp-json\/wp\/v2\/pages"}],"about":[{"href":"https:\/\/institutolosandes.edu.ec\/index.php\/wp-json\/wp\/v2\/types\/page"}],"author":[{"embeddable":true,"href":"https:\/\/institutolosandes.edu.ec\/index.php\/wp-json\/wp\/v2\/users\/1"}],"replies":[{"embeddable":true,"href":"https:\/\/institutolosandes.edu.ec\/index.php\/wp-json\/wp\/v2\/comments?post=2594"}],"version-history":[{"count":9,"href":"https:\/\/institutolosandes.edu.ec\/index.php\/wp-json\/wp\/v2\/pages\/2594\/revisions"}],"predecessor-version":[{"id":3110,"href":"https:\/\/institutolosandes.edu.ec\/index.php\/wp-json\/wp\/v2\/pages\/2594\/revisions\/3110"}],"wp:attachment":[{"href":"https:\/\/institutolosandes.edu.ec\/index.php\/wp-json\/wp\/v2\/media?parent=2594"}],"curies":[{"name":"wp","href":"https:\/\/api.w.org\/{rel}","templated":true}]}}