{"id":2587,"date":"2023-10-04T11:15:05","date_gmt":"2023-10-04T16:15:05","guid":{"rendered":"http:\/\/institutolosandes.edu.ec\/?page_id=2587"},"modified":"2025-02-18T11:16:40","modified_gmt":"2025-02-18T16:16:40","slug":"investigacion","status":"publish","type":"page","link":"https:\/\/institutolosandes.edu.ec\/index.php\/investigacion\/","title":{"rendered":"Investigaci\u00f3n"},"content":{"rendered":"\n<div class=\"wp-block-columns is-layout-flex wp-container-core-columns-is-layout-28f84493 wp-block-columns-is-layout-flex\">\n<div class=\"wp-block-column is-layout-flow wp-block-column-is-layout-flow\">\n<div class=\"wp-block-media-text is-stacked-on-mobile\"><figure class=\"wp-block-media-text__media\"><img loading=\"lazy\" decoding=\"async\" width=\"1152\" height=\"768\" src=\"http:\/\/institutolosandes.edu.ec\/wp-content\/uploads\/2023\/10\/Investigacion.jpg\" alt=\"\" class=\"wp-image-2615 size-full\"\/><\/figure><div class=\"wp-block-media-text__content\">\n<p style=\"font-size:15px\">En este apartado de investigaci\u00f3n, te damos la bienvenida a este espacio dedicado a la exploraci\u00f3n del conocimiento y la innovaci\u00f3n. Dentro de esta secci\u00f3n podr\u00e1s conocer informaci\u00f3n detallada sobre los proyectos de investigaci\u00f3n, equipos cient\u00edficos y las \u00faltimas investigaciones realizadas por nuestros docentes. El ISTLA, est\u00e1 comprometido con la excelencia en la investigaci\u00f3n y este sitio es la ventada para conectar con la comunidad y ser parte activa de la b\u00fasqueda de un futuro innovador.<\/p>\n<\/div><\/div>\n<\/div>\n<\/div>\n\n\n\n<div class=\"inherit-container-width wp-block-group has-ast-global-color-0-color has-text-color is-layout-constrained wp-block-group-is-layout-constrained\" style=\"margin-top:0;margin-bottom:0;padding-top:var(--wp--preset--spacing--50);padding-bottom:var(--wp--preset--spacing--50)\">\n<div class=\"wp-block-buttons has-custom-font-size has-ast-global-color-0-background-color has-background has-small-font-size is-horizontal is-content-justification-center is-layout-flex wp-container-core-buttons-is-layout-cc213a58 wp-block-buttons-is-layout-flex\" style=\"margin-top:0;margin-bottom:0\">\n<div class=\"wp-block-button has-custom-width wp-block-button__width-100 has-custom-font-size is-style-outline is-style-outline--1\" style=\"font-size:15px\"><a class=\"wp-block-button__link has-ast-global-color-5-color has-ast-global-color-0-background-color has-text-color has-background wp-element-button\" href=\"https:\/\/institutolosandes.edu.ec\/index.php\/publicaciones\/\" style=\"border-radius:0px;padding-top:var(--wp--preset--spacing--40);padding-bottom:var(--wp--preset--spacing--40)\">PUBLICACIONES<\/a><\/div>\n<\/div>\n\n\n\n<br>\n<\/div>\n\n\n\n<div class=\"inherit-container-width wp-block-group has-ast-global-color-0-color has-ast-global-color-4-background-color has-text-color has-background is-layout-constrained wp-block-group-is-layout-constrained\" style=\"margin-top:0;margin-bottom:0;padding-top:var(--wp--preset--spacing--40);padding-bottom:var(--wp--preset--spacing--40)\">\n<div class=\"wp-block-buttons has-custom-font-size has-small-font-size is-horizontal is-content-justification-center is-layout-flex wp-container-core-buttons-is-layout-cc213a58 wp-block-buttons-is-layout-flex\" style=\"margin-top:0;margin-bottom:0\">\n<div class=\"wp-block-button has-custom-width wp-block-button__width-100 has-custom-font-size is-style-outline is-style-outline--2\" style=\"font-size:15px\"><a class=\"wp-block-button__link has-ast-global-color-5-background-color has-text-color has-background wp-element-button\" href=\"https:\/\/drive.google.com\/file\/d\/1Out4HZOVAsQDNJXxhVQwqPIeSr9njIvk\/view?usp=drive_link\" style=\"border-radius:0px;color:#00008c;padding-top:var(--wp--preset--spacing--40);padding-bottom:var(--wp--preset--spacing--40)\">Reglamento Interno de Investigaci\u00f3n y Desarrollo<\/a><\/div>\n\n\n\n<div class=\"wp-block-button has-custom-width wp-block-button__width-100 has-custom-font-size is-style-outline is-style-outline--3\" style=\"font-size:15px\"><a class=\"wp-block-button__link has-ast-global-color-5-background-color has-text-color has-background wp-element-button\" href=\"https:\/\/drive.google.com\/file\/d\/1Ff3oqrgyxRg2Q2PwRVcbWC7gaAXxEUdH\/view?usp=drive_link\" style=\"border-radius:0px;color:#00008c;padding-top:var(--wp--preset--spacing--40);padding-bottom:var(--wp--preset--spacing--40)\">Reglamento interno del Sistema de Innovaci\u00f3n <\/a><\/div>\n\n\n\n<div class=\"wp-block-button has-custom-width wp-block-button__width-100 has-custom-font-size is-style-outline is-style-outline--4\" style=\"font-size:15px\"><a class=\"wp-block-button__link has-ast-global-color-5-background-color has-text-color has-background wp-element-button\" href=\"https:\/\/drive.google.com\/file\/d\/1bfl2Fbgp_2XQXOuPHzS-EFdb21uJR7DO\/view?usp=sharing\" style=\"border-radius:0px;color:#00008c;padding-top:var(--wp--preset--spacing--40);padding-bottom:var(--wp--preset--spacing--40)\">Gu\u00eda para Plan de Investigaci\u00f3n<\/a><\/div>\n<\/div>\n<\/div>\n\n\n\n<p><\/p>\n\n\n\n<p><\/p>\n","protected":false},"excerpt":{"rendered":"<p>En este apartado de investigaci\u00f3n, te damos la bienvenida a este espacio dedicado a la exploraci\u00f3n del conocimiento y la innovaci\u00f3n. Dentro de esta secci\u00f3n podr\u00e1s conocer informaci\u00f3n detallada sobre los proyectos de investigaci\u00f3n, equipos cient\u00edficos y las \u00faltimas investigaciones realizadas por nuestros docentes. El ISTLA, est\u00e1 comprometido con la excelencia en la investigaci\u00f3n y &hellip;<\/p>\n<p class=\"read-more\"> <a class=\"\" href=\"https:\/\/institutolosandes.edu.ec\/index.php\/investigacion\/\"> <span class=\"screen-reader-text\">Investigaci\u00f3n<\/span> Leer m\u00e1s &raquo;<\/a><\/p>\n","protected":false},"author":1,"featured_media":0,"parent":0,"menu_order":0,"comment_status":"closed","ping_status":"closed","template":"","meta":{"site-sidebar-layout":"default","site-content-layout":"default","ast-global-header-display":"","ast-banner-title-visibility":"","ast-main-header-display":"","ast-hfb-above-header-display":"","ast-hfb-below-header-display":"","ast-hfb-mobile-header-display":"","site-post-title":"disabled","ast-breadcrumbs-content":"","ast-featured-img":"","footer-sml-layout":"","theme-transparent-header-meta":"","adv-header-id-meta":"","stick-header-meta":"","header-above-stick-meta":"","header-main-stick-meta":"","header-below-stick-meta":"","footnotes":""},"class_list":["post-2587","page","type-page","status-publish","hentry"],"_links":{"self":[{"href":"https:\/\/institutolosandes.edu.ec\/index.php\/wp-json\/wp\/v2\/pages\/2587","targetHints":{"allow":["GET"]}}],"collection":[{"href":"https:\/\/institutolosandes.edu.ec\/index.php\/wp-json\/wp\/v2\/pages"}],"about":[{"href":"https:\/\/institutolosandes.edu.ec\/index.php\/wp-json\/wp\/v2\/types\/page"}],"author":[{"embeddable":true,"href":"https:\/\/institutolosandes.edu.ec\/index.php\/wp-json\/wp\/v2\/users\/1"}],"replies":[{"embeddable":true,"href":"https:\/\/institutolosandes.edu.ec\/index.php\/wp-json\/wp\/v2\/comments?post=2587"}],"version-history":[{"count":21,"href":"https:\/\/institutolosandes.edu.ec\/index.php\/wp-json\/wp\/v2\/pages\/2587\/revisions"}],"predecessor-version":[{"id":3262,"href":"https:\/\/institutolosandes.edu.ec\/index.php\/wp-json\/wp\/v2\/pages\/2587\/revisions\/3262"}],"wp:attachment":[{"href":"https:\/\/institutolosandes.edu.ec\/index.php\/wp-json\/wp\/v2\/media?parent=2587"}],"curies":[{"name":"wp","href":"https:\/\/api.w.org\/{rel}","templated":true}]}}