{"id":2098,"date":"2023-09-05T11:54:02","date_gmt":"2023-09-05T16:54:02","guid":{"rendered":"http:\/\/institutolosandes.edu.ec\/?page_id=2098"},"modified":"2025-07-10T19:23:29","modified_gmt":"2025-07-11T00:23:29","slug":"certificados","status":"publish","type":"page","link":"https:\/\/institutolosandes.edu.ec\/index.php\/certificados\/","title":{"rendered":"Certificados"},"content":{"rendered":"\n<p>Valida <strong>curso <\/strong>o<strong> capacitaci\u00f3n<\/strong> en el siguiente apartado <em>(Busca por nombres, apellidos, n\u00famero de c\u00e9dula, nombre del curso o por c\u00f3digo de verificaci\u00f3n)<\/em><\/p>\n\n\n<div id=\"footable_parent_3316\"\n         class=\" footable_parent ninja_table_wrapper loading_ninja_table wp_table_data_press_parent semantic_ui \">\n                <table data-ninja_table_instance=\"ninja_table_instance_0\" data-footable_id=\"3316\" data-filter-delay=\"1000\" aria-label=\"08\/01\/2025 Depurada\"            id=\"footable_3316\"\n           data-unique_identifier=\"ninja_table_unique_id_1194360969_3316\"\n           class=\" foo-table ninja_footable foo_table_3316 ninja_table_unique_id_1194360969_3316 ui table  nt_type_ajax_table selectable striped vertical_centered  footable-paging-right\">\n                <colgroup>\n                            <col class=\"ninja_column_0 hidden\">\n                            <col class=\"ninja_column_1 \">\n                            <col class=\"ninja_column_2 \">\n                            <col class=\"ninja_column_3 \">\n                            <col class=\"ninja_column_4 \">\n                            <col class=\"ninja_column_5 xs sm md lg\">\n                            <col class=\"ninja_column_6 xs sm md lg\">\n                            <col class=\"ninja_column_7 xs sm md lg\">\n                            <col class=\"ninja_column_8 xs sm md lg\">\n                            <col class=\"ninja_column_9 xs sm md lg\">\n                    <\/colgroup>\n            <\/table>\n                    <style type=\"text\/css\" id='ninja_table_custom_css_3316'>\n                        #footable_3316  {\n    font-family: inherit;\n    font-size: 14px;\n    }\n\n    \n                <\/style>\n                \n    \n    \n<\/div>\n\n","protected":false},"excerpt":{"rendered":"<p>Valida curso o capacitaci\u00f3n en el siguiente apartado (Busca por nombres, apellidos, n\u00famero de c\u00e9dula, nombre del curso o por c\u00f3digo de verificaci\u00f3n)<\/p>\n","protected":false},"author":1,"featured_media":0,"parent":0,"menu_order":0,"comment_status":"closed","ping_status":"closed","template":"","meta":{"site-sidebar-layout":"default","site-content-layout":"default","ast-global-header-display":"","ast-banner-title-visibility":"","ast-main-header-display":"","ast-hfb-above-header-display":"","ast-hfb-below-header-display":"","ast-hfb-mobile-header-display":"","site-post-title":"","ast-breadcrumbs-content":"","ast-featured-img":"","footer-sml-layout":"","theme-transparent-header-meta":"","adv-header-id-meta":"","stick-header-meta":"","header-above-stick-meta":"","header-main-stick-meta":"","header-below-stick-meta":"","footnotes":""},"class_list":["post-2098","page","type-page","status-publish","hentry"],"_links":{"self":[{"href":"https:\/\/institutolosandes.edu.ec\/index.php\/wp-json\/wp\/v2\/pages\/2098","targetHints":{"allow":["GET"]}}],"collection":[{"href":"https:\/\/institutolosandes.edu.ec\/index.php\/wp-json\/wp\/v2\/pages"}],"about":[{"href":"https:\/\/institutolosandes.edu.ec\/index.php\/wp-json\/wp\/v2\/types\/page"}],"author":[{"embeddable":true,"href":"https:\/\/institutolosandes.edu.ec\/index.php\/wp-json\/wp\/v2\/users\/1"}],"replies":[{"embeddable":true,"href":"https:\/\/institutolosandes.edu.ec\/index.php\/wp-json\/wp\/v2\/comments?post=2098"}],"version-history":[{"count":46,"href":"https:\/\/institutolosandes.edu.ec\/index.php\/wp-json\/wp\/v2\/pages\/2098\/revisions"}],"predecessor-version":[{"id":3317,"href":"https:\/\/institutolosandes.edu.ec\/index.php\/wp-json\/wp\/v2\/pages\/2098\/revisions\/3317"}],"wp:attachment":[{"href":"https:\/\/institutolosandes.edu.ec\/index.php\/wp-json\/wp\/v2\/media?parent=2098"}],"curies":[{"name":"wp","href":"https:\/\/api.w.org\/{rel}","templated":true}]}}