{"id":1797,"date":"2023-08-24T23:07:04","date_gmt":"2023-08-25T04:07:04","guid":{"rendered":"http:\/\/institutolosandes.edu.ec\/?page_id=1797"},"modified":"2024-10-16T09:27:52","modified_gmt":"2024-10-16T14:27:52","slug":"rendicion-de-cuentas","status":"publish","type":"page","link":"https:\/\/institutolosandes.edu.ec\/index.php\/rendicion-de-cuentas\/","title":{"rendered":"Rendici\u00f3n de Cuentas"},"content":{"rendered":"\n<p style=\"font-size:15px\">Aqu\u00ed, compartimos con transparencia informaci\u00f3n relevante sobre nuestra gesti\u00f3n, logros y acciones realizadas en beneficio de nuestra comunidad educativa. Creemos que la rendici\u00f3n de cuentas es fundamental para fortalecer la confianza y el compromiso con nuestros estudiantes, colaboradores y p\u00fablico en general. A trav\u00e9s de este espacio, te invitamos a conocer m\u00e1s sobre nuestros esfuerzos continuos para brindar una educaci\u00f3n de calidad y un entorno propicio para el crecimiento.<\/p>\n\n\n\n<p style=\"font-size:15px\"><strong>El Instituto Superior Tecnol\u00f3gico cumple con las leyes establecidas en la Constituci\u00f3n. En este contexto, se presenta el Informe de Rendici\u00f3n de Cuentas 2022, donde se detallan los \u00e9xitos y progresos en la administraci\u00f3n de la instituci\u00f3n, con el objetivo de brindar una educaci\u00f3n de alta calidad.<\/strong><\/p>\n\n\n\n<div class=\"inherit-container-width wp-block-group has-background is-layout-constrained wp-block-group-is-layout-constrained\" style=\"background-color:#fef6f6;padding-top:var(--wp--preset--spacing--20);padding-bottom:var(--wp--preset--spacing--20)\">\n<p>A\u00d1O <strong>2023<\/strong><\/p>\n\n\n\n<div class=\"wp-block-columns is-layout-flex wp-container-core-columns-is-layout-28f84493 wp-block-columns-is-layout-flex\">\n<div class=\"wp-block-column has-background is-layout-flow wp-block-column-is-layout-flow\" style=\"background-color:#faf7ffba\">\n<h2 class=\"wp-block-heading has-small-font-size\">Dise\u00f1o de la propuesta del proceso de rendici\u00f3n de cuentas<\/h2>\n<\/div>\n\n\n\n<div class=\"wp-block-column has-background is-layout-flow wp-block-column-is-layout-flow\" style=\"background-color:#faf7ffba;flex-basis:25px\">\n<p class=\"has-text-color\" style=\"color:#00008c\">&gt;<\/p>\n<\/div>\n\n\n\n<div class=\"wp-block-column has-background is-layout-flow wp-block-column-is-layout-flow\" style=\"background-color:#faf7ffba\">\n<div class=\"wp-block-buttons has-custom-font-size has-small-font-size is-layout-flex wp-block-buttons-is-layout-flex\">\n<div class=\"wp-block-button has-custom-width wp-block-button__width-50 is-style-outline is-style-outline--1\"><a class=\"wp-block-button__link has-ast-global-color-5-background-color has-text-color has-background wp-element-button\" href=\"https:\/\/drive.google.com\/file\/d\/1Iby0-1LTws-GsXW9SOFkRPy9wAHjv_PJ\/view?usp=drive_link\" style=\"border-radius:0px;color:#00008c\">CRONOGRAMA DEL PROCESO<\/a><\/div>\n<\/div>\n<\/div>\n<\/div>\n\n\n\n<div class=\"wp-block-columns is-layout-flex wp-container-core-columns-is-layout-28f84493 wp-block-columns-is-layout-flex\">\n<div class=\"wp-block-column is-layout-flow wp-block-column-is-layout-flow\">\n<div class=\"wp-block-buttons is-layout-flex wp-block-buttons-is-layout-flex\"><\/div>\n<\/div>\n<\/div>\n\n\n\n<div class=\"wp-block-columns is-layout-flex wp-container-core-columns-is-layout-28f84493 wp-block-columns-is-layout-flex\">\n<div class=\"wp-block-column has-background is-layout-flow wp-block-column-is-layout-flow\" style=\"background-color:#faf7ffba\">\n<h2 class=\"wp-block-heading has-small-font-size\">Elaboraci\u00f3n del informe de rendici\u00f3n de cuentas<\/h2>\n<\/div>\n\n\n\n<div class=\"wp-block-column has-background is-layout-flow wp-block-column-is-layout-flow\" style=\"background-color:#faf7ffba;flex-basis:25px\">\n<p class=\"has-text-color\" style=\"color:#00008c\">&gt;<\/p>\n<\/div>\n\n\n\n<div class=\"wp-block-column has-background is-layout-flow wp-block-column-is-layout-flow\" style=\"background-color:#faf7ffba\">\n<div class=\"wp-block-buttons is-layout-flex wp-block-buttons-is-layout-flex\">\n<div class=\"wp-block-button has-custom-width wp-block-button__width-50 has-custom-font-size is-style-outline has-small-font-size is-style-outline--2\"><a class=\"wp-block-button__link has-text-color has-background wp-element-button\" href=\"https:\/\/drive.google.com\/file\/d\/1pwJ4RdyMbDjha226F1p_HE96xF0xoDPk\/view?usp=drive_link\" style=\"border-radius:0px;color:#00008c;background-color:#faf7ffba\">INFORME DE RENDICI\u00d3N DE CUENTAS<\/a><\/div>\n<\/div>\n<\/div>\n<\/div>\n\n\n\n<div class=\"wp-block-columns is-layout-flex wp-container-core-columns-is-layout-28f84493 wp-block-columns-is-layout-flex\">\n<div class=\"wp-block-column is-layout-flow wp-block-column-is-layout-flow\">\n<h2 class=\"wp-block-heading has-small-font-size\">Presentaci\u00f3n a la ciudadan\u00eda del informe de la rendici\u00f3n de cuentas<\/h2>\n<\/div>\n\n\n\n<div class=\"wp-block-column is-layout-flow wp-block-column-is-layout-flow\" style=\"flex-basis:25px\">\n<p class=\"has-text-color\" style=\"color:#00008c\">&gt;<\/p>\n<\/div>\n\n\n\n<div class=\"wp-block-column is-layout-flow wp-block-column-is-layout-flow\">\n<div class=\"wp-block-buttons is-layout-flex wp-block-buttons-is-layout-flex\">\n<div class=\"wp-block-button has-custom-width wp-block-button__width-50 has-custom-font-size is-style-outline has-small-font-size is-style-outline--3\"><a class=\"wp-block-button__link has-ast-global-color-5-background-color has-text-color has-background wp-element-button\" href=\"https:\/\/drive.google.com\/file\/d\/1mYe1j39zLmbV98-\" style=\"border-radius:0px;color:#00008c\">PRESENTACI\u00d3N AL P\u00daBLICO<\/a><\/div>\n<\/div>\n<\/div>\n<\/div>\n<\/div>\n\n\n\n<hr>\n\n\n\n<div class=\"inherit-container-width wp-block-group is-layout-constrained wp-block-group-is-layout-constrained\" style=\"padding-top:var(--wp--preset--spacing--20);padding-bottom:var(--wp--preset--spacing--20)\">\n<p>A\u00d1O <strong>2022<\/strong><\/p>\n\n\n\n<div class=\"wp-block-columns is-layout-flex wp-container-core-columns-is-layout-28f84493 wp-block-columns-is-layout-flex\">\n<div class=\"wp-block-column has-background is-layout-flow wp-block-column-is-layout-flow\" style=\"background-color:#faf7ffba\">\n<h2 class=\"wp-block-heading has-small-font-size\">Dise\u00f1o de la propuesta del proceso de rendici\u00f3n de cuentas<\/h2>\n<\/div>\n\n\n\n<div class=\"wp-block-column has-background is-layout-flow wp-block-column-is-layout-flow\" style=\"background-color:#faf7ffba;flex-basis:25px\">\n<p class=\"has-text-color\" style=\"color:#00008c\">&gt;<\/p>\n<\/div>\n\n\n\n<div class=\"wp-block-column has-background is-layout-flow wp-block-column-is-layout-flow\" style=\"background-color:#faf7ffba\">\n<div class=\"wp-block-buttons has-custom-font-size has-small-font-size is-layout-flex wp-block-buttons-is-layout-flex\">\n<div class=\"wp-block-button has-custom-width wp-block-button__width-50 is-style-outline is-style-outline--4\"><a class=\"wp-block-button__link has-ast-global-color-5-background-color has-text-color has-background wp-element-button\" href=\"https:\/\/drive.google.com\/file\/d\/1D8_d8CyOtVT45p8Nd9RqVaESmIhEm_CY\/view?usp=drive_link\" style=\"border-radius:0px;color:#00008c\">CRONOGRAMA DEL PROCESO<\/a><\/div>\n<\/div>\n<\/div>\n<\/div>\n\n\n\n<div class=\"wp-block-columns is-layout-flex wp-container-core-columns-is-layout-28f84493 wp-block-columns-is-layout-flex\">\n<div class=\"wp-block-column is-layout-flow wp-block-column-is-layout-flow\">\n<h2 class=\"wp-block-heading has-small-font-size\">Conformaci\u00f3n del equipo de rendici\u00f3n de cuentas<\/h2>\n<\/div>\n\n\n\n<div class=\"wp-block-column is-layout-flow wp-block-column-is-layout-flow\" style=\"flex-basis:25px\">\n<p class=\"has-text-color\" style=\"color:#00008c\">&gt;<\/p>\n<\/div>\n\n\n\n<div class=\"wp-block-column is-layout-flow wp-block-column-is-layout-flow\">\n<div class=\"wp-block-buttons is-layout-flex wp-block-buttons-is-layout-flex\">\n<div class=\"wp-block-button has-custom-width wp-block-button__width-50 has-custom-font-size is-style-outline has-small-font-size is-style-outline--5\"><a class=\"wp-block-button__link has-ast-global-color-5-background-color has-text-color has-background wp-element-button\" href=\"https:\/\/drive.google.com\/file\/d\/11aMZH1JDEV2m9rfIGhDAsZjFgVMOyScX\/view?usp=drive_link\" style=\"border-radius:0px;color:#00008c\">DESIGNACI\u00d3N DE EQUIPO<\/a><\/div>\n<\/div>\n<\/div>\n<\/div>\n\n\n\n<div class=\"wp-block-columns is-layout-flex wp-container-core-columns-is-layout-28f84493 wp-block-columns-is-layout-flex\">\n<div class=\"wp-block-column has-background is-layout-flow wp-block-column-is-layout-flow\" style=\"background-color:#faf7ffba\">\n<h2 class=\"wp-block-heading has-small-font-size\">Elaboraci\u00f3n del informe de rendici\u00f3n de cuentas<\/h2>\n<\/div>\n\n\n\n<div class=\"wp-block-column has-background is-layout-flow wp-block-column-is-layout-flow\" style=\"background-color:#faf7ffba;flex-basis:25px\">\n<p class=\"has-text-color\" style=\"color:#00008c\">&gt;<\/p>\n<\/div>\n\n\n\n<div class=\"wp-block-column has-background is-layout-flow wp-block-column-is-layout-flow\" style=\"background-color:#faf7ffba\">\n<div class=\"wp-block-buttons is-layout-flex wp-block-buttons-is-layout-flex\">\n<div class=\"wp-block-button has-custom-width wp-block-button__width-50 has-custom-font-size is-style-outline has-small-font-size is-style-outline--6\"><a class=\"wp-block-button__link has-text-color has-background wp-element-button\" href=\"https:\/\/drive.google.com\/file\/d\/1iX-UaM1LIc3WSfHoFkVYYruGSbT4ukLm\/view?usp=drive_link\" style=\"border-radius:0px;color:#00008c;background-color:#faf7ffba\">INFORME DE RENDICI\u00d3N DE CUENTAS<\/a><\/div>\n<\/div>\n<\/div>\n<\/div>\n\n\n\n<div class=\"wp-block-columns is-layout-flex wp-container-core-columns-is-layout-28f84493 wp-block-columns-is-layout-flex\">\n<div class=\"wp-block-column is-layout-flow wp-block-column-is-layout-flow\">\n<h2 class=\"wp-block-heading has-small-font-size\">Presentaci\u00f3n a la ciudadan\u00eda del informe de la rendici\u00f3n de cuentas<\/h2>\n<\/div>\n\n\n\n<div class=\"wp-block-column is-layout-flow wp-block-column-is-layout-flow\" style=\"flex-basis:25px\">\n<p class=\"has-text-color\" style=\"color:#00008c\">&gt;<\/p>\n<\/div>\n\n\n\n<div class=\"wp-block-column is-layout-flow wp-block-column-is-layout-flow\">\n<div class=\"wp-block-buttons is-layout-flex wp-block-buttons-is-layout-flex\">\n<div class=\"wp-block-button has-custom-width wp-block-button__width-50 has-custom-font-size is-style-outline has-small-font-size is-style-outline--7\"><a class=\"wp-block-button__link has-ast-global-color-5-background-color has-text-color has-background wp-element-button\" href=\"https:\/\/drive.google.com\/file\/d\/1mYe1j39zLmbV98-oF1DOw8k_3et08gGv\/view?usp=sharing\" style=\"border-radius:0px;color:#00008c\">PRESENTACI\u00d3N AL P\u00daBLICO<\/a><\/div>\n<\/div>\n<\/div>\n<\/div>\n<\/div>\n\n\n\n<hr>\n\n\n\n<div class=\"inherit-container-width wp-block-group has-background is-layout-constrained wp-block-group-is-layout-constrained\" style=\"background-color:#fafefc;padding-top:var(--wp--preset--spacing--40);padding-bottom:var(--wp--preset--spacing--40)\">\n<div class=\"wp-block-columns is-layout-flex wp-container-core-columns-is-layout-28f84493 wp-block-columns-is-layout-flex\">\n<div class=\"wp-block-column is-layout-flow wp-block-column-is-layout-flow\">\n<h2 class=\"wp-block-heading\" style=\"font-size:15px\"><strong>Presupuesto<\/strong><\/h2>\n<\/div>\n\n\n\n<div class=\"wp-block-column is-layout-flow wp-block-column-is-layout-flow\">\n<h2 class=\"wp-block-heading\" style=\"font-size:15px\"><strong>Obligaciones de cumplimiento<\/strong><\/h2>\n<\/div>\n<\/div>\n\n\n\n<div class=\"wp-block-columns is-layout-flex wp-container-core-columns-is-layout-28f84493 wp-block-columns-is-layout-flex\">\n<div class=\"wp-block-column is-layout-flow wp-block-column-is-layout-flow\" style=\"flex-basis:25px\">\n<p class=\"has-text-color\" style=\"color:#00008c\">&gt;<\/p>\n<\/div>\n\n\n\n<div class=\"wp-block-column is-layout-flow wp-block-column-is-layout-flow\" style=\"padding-top:0;padding-right:var(--wp--preset--spacing--60);padding-bottom:0;padding-left:var(--wp--preset--spacing--60)\">\n<div class=\"wp-block-buttons is-layout-flex wp-block-buttons-is-layout-flex\">\n<div class=\"wp-block-button has-custom-width wp-block-button__width-100 has-custom-font-size is-style-outline has-small-font-size is-style-outline--8\"><a class=\"wp-block-button__link has-ast-global-color-5-background-color has-text-color has-background wp-element-button\" href=\"https:\/\/institutolosandes.edu.ec\/wp-content\/uploads\/2023\/08\/PRESUPUESTO-2022.pdf\" style=\"border-radius:0px;color:#00008c\">PRESUPUESTO 2022<\/a><\/div>\n<\/div>\n<\/div>\n\n\n\n<div class=\"wp-block-column is-layout-flow wp-block-column-is-layout-flow\" style=\"flex-basis:25px\">\n<p class=\"has-text-color\" style=\"color:#00008c\">&gt;<\/p>\n\n\n\n<p class=\"has-text-color\" style=\"color:#00008c\">&gt;<\/p>\n\n\n\n<p class=\"has-text-color\" style=\"color:#00008c\">&gt;<\/p>\n<\/div>\n\n\n\n<div class=\"wp-block-column is-layout-flow wp-block-column-is-layout-flow\">\n<div class=\"wp-block-buttons has-custom-font-size has-small-font-size is-content-justification-center is-layout-flex wp-container-core-buttons-is-layout-a89b3969 wp-block-buttons-is-layout-flex\">\n<div class=\"wp-block-button has-custom-width wp-block-button__width-100 is-style-outline is-style-outline--9\"><a class=\"wp-block-button__link has-ast-global-color-5-background-color has-text-color has-background wp-element-button\" href=\"https:\/\/institutolosandes.edu.ec\/wp-content\/uploads\/2023\/08\/Obligaciones-Tributarias-y-labolares.pdf\" style=\"border-radius:0px;color:#00008c\">TRIBUTARIAS Y LABORALES<\/a><\/div>\n\n\n\n<div class=\"wp-block-button has-custom-width wp-block-button__width-100 is-style-outline is-style-outline--10\"><a class=\"wp-block-button__link has-ast-global-color-5-background-color has-text-color has-background wp-element-button\" href=\"https:\/\/institutolosandes.edu.ec\/wp-content\/uploads\/2023\/08\/CERTIFICADO-DE-CUMPLIMIENTO-DEL-SRI.pdf\" style=\"border-radius:0px;color:#00008c\">CUMPLIMIENTO CON EL SRI<\/a><\/div>\n\n\n\n<div class=\"wp-block-button has-custom-width wp-block-button__width-100 is-style-outline is-style-outline--11\"><a class=\"wp-block-button__link has-ast-global-color-5-background-color has-text-color has-background wp-element-button\" style=\"border-radius:0px;color:#00008c\">CUMPLIMIENTO CON EL IESS<\/a><\/div>\n<\/div>\n<\/div>\n<\/div>\n<\/div>\n\n\n\n<p><\/p>\n","protected":false},"excerpt":{"rendered":"<p>Aqu\u00ed, compartimos con transparencia informaci\u00f3n relevante sobre nuestra gesti\u00f3n, logros y acciones realizadas en beneficio de nuestra comunidad educativa. Creemos que la rendici\u00f3n de cuentas es fundamental para fortalecer la confianza y el compromiso con nuestros estudiantes, colaboradores y p\u00fablico en general. A trav\u00e9s de este espacio, te invitamos a conocer m\u00e1s sobre nuestros esfuerzos &hellip;<\/p>\n<p class=\"read-more\"> <a class=\"\" href=\"https:\/\/institutolosandes.edu.ec\/index.php\/rendicion-de-cuentas\/\"> <span class=\"screen-reader-text\">Rendici\u00f3n de Cuentas<\/span> Leer m\u00e1s &raquo;<\/a><\/p>\n","protected":false},"author":1,"featured_media":0,"parent":0,"menu_order":0,"comment_status":"closed","ping_status":"closed","template":"","meta":{"site-sidebar-layout":"no-sidebar","site-content-layout":"plain-container","ast-global-header-display":"","ast-banner-title-visibility":"","ast-main-header-display":"","ast-hfb-above-header-display":"","ast-hfb-below-header-display":"","ast-hfb-mobile-header-display":"","site-post-title":"","ast-breadcrumbs-content":"","ast-featured-img":"","footer-sml-layout":"","theme-transparent-header-meta":"","adv-header-id-meta":"","stick-header-meta":"","header-above-stick-meta":"","header-main-stick-meta":"","header-below-stick-meta":"","footnotes":""},"class_list":["post-1797","page","type-page","status-publish","hentry"],"_links":{"self":[{"href":"https:\/\/institutolosandes.edu.ec\/index.php\/wp-json\/wp\/v2\/pages\/1797","targetHints":{"allow":["GET"]}}],"collection":[{"href":"https:\/\/institutolosandes.edu.ec\/index.php\/wp-json\/wp\/v2\/pages"}],"about":[{"href":"https:\/\/institutolosandes.edu.ec\/index.php\/wp-json\/wp\/v2\/types\/page"}],"author":[{"embeddable":true,"href":"https:\/\/institutolosandes.edu.ec\/index.php\/wp-json\/wp\/v2\/users\/1"}],"replies":[{"embeddable":true,"href":"https:\/\/institutolosandes.edu.ec\/index.php\/wp-json\/wp\/v2\/comments?post=1797"}],"version-history":[{"count":40,"href":"https:\/\/institutolosandes.edu.ec\/index.php\/wp-json\/wp\/v2\/pages\/1797\/revisions"}],"predecessor-version":[{"id":3191,"href":"https:\/\/institutolosandes.edu.ec\/index.php\/wp-json\/wp\/v2\/pages\/1797\/revisions\/3191"}],"wp:attachment":[{"href":"https:\/\/institutolosandes.edu.ec\/index.php\/wp-json\/wp\/v2\/media?parent=1797"}],"curies":[{"name":"wp","href":"https:\/\/api.w.org\/{rel}","templated":true}]}}