{"id":1795,"date":"2023-08-24T23:03:31","date_gmt":"2023-08-25T04:03:31","guid":{"rendered":"http:\/\/institutolosandes.edu.ec\/?page_id=1795"},"modified":"2025-02-10T19:29:48","modified_gmt":"2025-02-11T00:29:48","slug":"normativas","status":"publish","type":"page","link":"https:\/\/institutolosandes.edu.ec\/index.php\/normativas\/","title":{"rendered":"Normativas"},"content":{"rendered":"\n<p style=\"font-size:15px\">En el instituto, creemos que el respeto mutuo, la \u00e9tica y la responsabilidad son esenciales para fomentar un ambiente de aprendizaje propicio para el crecimiento personal y acad\u00e9mico. Nuestras normativas definen las expectativas de conducta, promoviendo valores de integridad, tolerancia y excelencia en cada miembro de nuestra comunidad.<\/p>\n\n\n\n<p style=\"font-size:15px\">Los reglamentos, por su parte, establecen los procedimientos y protocolos que garantizan la aplicaci\u00f3n justa y consistente de nuestras normativas. Respaldan nuestra visi\u00f3n de una comunidad donde prevalezcan la igualdad de oportunidades y la seguridad de todos.<\/p>\n\n\n\n<p style=\"font-size:15px\">Al explorar este apartado, descubrir\u00e1n c\u00f3mo nuestras normativas y reglamentos abordan aspectos que van desde la comunicaci\u00f3n respetuosa hasta la integridad acad\u00e9mica. Cada l\u00ednea de estas directrices fue dise\u00f1ada para mantener un entorno donde cada individuo pueda prosperar, sentirse seguro y contribuir al enriquecimiento colectivo.<\/p>\n\n\n\n<div class=\"wp-block-columns has-background is-layout-flex wp-container-core-columns-is-layout-28f84493 wp-block-columns-is-layout-flex\" style=\"background-color:#faf7ff2e\">\n<div class=\"wp-block-column is-layout-flow wp-block-column-is-layout-flow\">\n<h3 class=\"wp-block-heading has-text-align-right has-text-color\" style=\"color:#00008c\">Apartado Legal:<\/h3>\n<\/div>\n\n\n\n<div class=\"wp-block-column is-layout-flow wp-block-column-is-layout-flow\">\n<div class=\"wp-block-buttons is-layout-flex wp-block-buttons-is-layout-flex\">\n<div class=\"wp-block-button has-custom-width wp-block-button__width-100 has-custom-font-size is-style-outline has-small-font-size is-style-outline--1\"><a class=\"wp-block-button__link has-ast-global-color-5-background-color has-text-color has-background wp-element-button\" href=\"https:\/\/drive.google.com\/file\/d\/1gBLku9RJ1XGtwqmJwCkfrsgGhYWCA5HW\/view?usp=sharing\" style=\"border-width:1px;border-radius:0px;color:#00008c;padding-top:var(--wp--preset--spacing--40);padding-bottom:var(--wp--preset--spacing--40)\" target=\"_blank\" rel=\"noreferrer noopener\">Estatuto ISTLA<\/a><\/div>\n\n\n\n<div class=\"wp-block-button has-custom-width wp-block-button__width-100 has-custom-font-size is-style-outline has-small-font-size is-style-outline--2\"><a class=\"wp-block-button__link has-ast-global-color-5-background-color has-text-color has-background wp-element-button\" href=\"https:\/\/drive.google.com\/file\/d\/1v8IrzV2BmujC_v9sSa7RdYllYqHw94t6\/view?usp=sharing\" style=\"border-radius:0px;color:#00008c;padding-top:var(--wp--preset--spacing--40);padding-bottom:var(--wp--preset--spacing--40)\">Normativa del Aseguramiento Interno de la Calidad<\/a><\/div>\n\n\n\n<div class=\"wp-block-button has-custom-width wp-block-button__width-100 has-custom-font-size is-style-outline has-small-font-size is-style-outline--3\"><a class=\"wp-block-button__link has-ast-global-color-5-background-color has-text-color has-background wp-element-button\" href=\"https:\/\/institutolosandes.edu.ec\/wp-content\/uploads\/2024\/03\/CODIGO-DE-ETICA-2021.pdf\" style=\"border-radius:0px;color:#00008c;padding-top:var(--wp--preset--spacing--40);padding-bottom:var(--wp--preset--spacing--40)\">C\u00f3digo de \u00c9tica 2021<\/a><\/div>\n\n\n\n<div class=\"wp-block-button has-custom-width wp-block-button__width-100 has-custom-font-size is-style-outline has-small-font-size is-style-outline--4\"><a class=\"wp-block-button__link has-ast-global-color-5-background-color has-text-color has-background wp-element-button\" href=\"https:\/\/institutolosandes.edu.ec\/wp-content\/uploads\/2024\/03\/CODIGO-DE-ETICA-2022.pdf\" style=\"border-radius:0px;color:#00008c;padding-top:var(--wp--preset--spacing--40);padding-bottom:var(--wp--preset--spacing--40)\">C\u00f3digo de \u00c9tica 2022<\/a><\/div>\n<\/div>\n<\/div>\n\n\n\n<div class=\"wp-block-column is-layout-flow wp-block-column-is-layout-flow\">\n<div class=\"wp-block-buttons is-layout-flex wp-block-buttons-is-layout-flex\">\n<div class=\"wp-block-button has-custom-width wp-block-button__width-100 has-custom-font-size is-style-outline has-small-font-size is-style-outline--5\"><a class=\"wp-block-button__link has-ast-global-color-5-background-color has-text-color has-background wp-element-button\" href=\"https:\/\/drive.google.com\/file\/d\/1dGV9j4TFqkHlHIxlD8q9kQ2_PA9RbSCW\/view?usp=drive_link\" style=\"border-radius:0px;color:#00008c;padding-top:var(--wp--preset--spacing--40);padding-bottom:var(--wp--preset--spacing--40)\" target=\"_blank\" rel=\"noreferrer noopener\">Reglamento de Seguimiento a Graduados<\/a><\/div>\n\n\n\n\n\n\n<\/div>\n<\/div>\n<\/div>\n","protected":false},"excerpt":{"rendered":"<p>En el instituto, creemos que el respeto mutuo, la \u00e9tica y la responsabilidad son esenciales para fomentar un ambiente de aprendizaje propicio para el crecimiento personal y acad\u00e9mico. Nuestras normativas definen las expectativas de conducta, promoviendo valores de integridad, tolerancia y excelencia en cada miembro de nuestra comunidad. Los reglamentos, por su parte, establecen los &hellip;<\/p>\n<p class=\"read-more\"> <a class=\"\" href=\"https:\/\/institutolosandes.edu.ec\/index.php\/normativas\/\"> <span class=\"screen-reader-text\">Normativas<\/span> Leer m\u00e1s &raquo;<\/a><\/p>\n","protected":false},"author":1,"featured_media":0,"parent":0,"menu_order":0,"comment_status":"closed","ping_status":"closed","template":"","meta":{"site-sidebar-layout":"no-sidebar","site-content-layout":"plain-container","ast-global-header-display":"","ast-banner-title-visibility":"disabled","ast-main-header-display":"","ast-hfb-above-header-display":"","ast-hfb-below-header-display":"","ast-hfb-mobile-header-display":"","site-post-title":"","ast-breadcrumbs-content":"","ast-featured-img":"","footer-sml-layout":"","theme-transparent-header-meta":"","adv-header-id-meta":"","stick-header-meta":"","header-above-stick-meta":"","header-main-stick-meta":"","header-below-stick-meta":"","footnotes":""},"class_list":["post-1795","page","type-page","status-publish","hentry"],"_links":{"self":[{"href":"https:\/\/institutolosandes.edu.ec\/index.php\/wp-json\/wp\/v2\/pages\/1795","targetHints":{"allow":["GET"]}}],"collection":[{"href":"https:\/\/institutolosandes.edu.ec\/index.php\/wp-json\/wp\/v2\/pages"}],"about":[{"href":"https:\/\/institutolosandes.edu.ec\/index.php\/wp-json\/wp\/v2\/types\/page"}],"author":[{"embeddable":true,"href":"https:\/\/institutolosandes.edu.ec\/index.php\/wp-json\/wp\/v2\/users\/1"}],"replies":[{"embeddable":true,"href":"https:\/\/institutolosandes.edu.ec\/index.php\/wp-json\/wp\/v2\/comments?post=1795"}],"version-history":[{"count":13,"href":"https:\/\/institutolosandes.edu.ec\/index.php\/wp-json\/wp\/v2\/pages\/1795\/revisions"}],"predecessor-version":[{"id":3255,"href":"https:\/\/institutolosandes.edu.ec\/index.php\/wp-json\/wp\/v2\/pages\/1795\/revisions\/3255"}],"wp:attachment":[{"href":"https:\/\/institutolosandes.edu.ec\/index.php\/wp-json\/wp\/v2\/media?parent=1795"}],"curies":[{"name":"wp","href":"https:\/\/api.w.org\/{rel}","templated":true}]}}