{"id":1793,"date":"2023-08-24T22:57:40","date_gmt":"2023-08-25T03:57:40","guid":{"rendered":"http:\/\/institutolosandes.edu.ec\/?page_id=1793"},"modified":"2026-04-02T11:25:03","modified_gmt":"2026-04-02T16:25:03","slug":"organigrama","status":"publish","type":"page","link":"https:\/\/institutolosandes.edu.ec\/index.php\/organigrama\/","title":{"rendered":"Organigrama"},"content":{"rendered":"\n<p style=\"font-size:15px\">Bienvenido al apartado del Organigrama en el sitio web del <strong>Instituto Superior Tecnol\u00f3gico Los Andes<\/strong>. Aqu\u00ed podr\u00e1s descubrir la estructura organizativa que respalda y gu\u00eda nuestra comunidad educativa. El organigrama es una ventana que te permite conocer a nuestros l\u00edderes, departamentos y c\u00f3mo trabajamos juntos para brindar una experiencia educativa excepcional. A medida que explores nuestro organigrama, ver\u00e1s c\u00f3mo cada parte contribuye a nuestro compromiso con la excelencia y el crecimiento.<\/p>\n\n\n\n<figure class=\"wp-block-image aligncenter size-full has-custom-border\"><img loading=\"lazy\" decoding=\"async\" width=\"2560\" height=\"1385\" src=\"https:\/\/institutolosandes.edu.ec\/wp-content\/uploads\/2026\/04\/Organigrama-ISTLA_Mesa-de-trabajo-1.jpg-scaled.jpeg\" alt=\"\" class=\"wp-image-3536\" style=\"border-style:none;border-width:0px\" srcset=\"https:\/\/institutolosandes.edu.ec\/wp-content\/uploads\/2026\/04\/Organigrama-ISTLA_Mesa-de-trabajo-1.jpg-scaled.jpeg 2560w, https:\/\/institutolosandes.edu.ec\/wp-content\/uploads\/2026\/04\/Organigrama-ISTLA_Mesa-de-trabajo-1.jpg-300x162.jpeg 300w, https:\/\/institutolosandes.edu.ec\/wp-content\/uploads\/2026\/04\/Organigrama-ISTLA_Mesa-de-trabajo-1.jpg-1024x554.jpeg 1024w, https:\/\/institutolosandes.edu.ec\/wp-content\/uploads\/2026\/04\/Organigrama-ISTLA_Mesa-de-trabajo-1.jpg-768x416.jpeg 768w, https:\/\/institutolosandes.edu.ec\/wp-content\/uploads\/2026\/04\/Organigrama-ISTLA_Mesa-de-trabajo-1.jpg-1536x831.jpeg 1536w, https:\/\/institutolosandes.edu.ec\/wp-content\/uploads\/2026\/04\/Organigrama-ISTLA_Mesa-de-trabajo-1.jpg-2048x1108.jpeg 2048w\" sizes=\"auto, (max-width: 2560px) 100vw, 2560px\" \/><\/figure>\n","protected":false},"excerpt":{"rendered":"<p>Bienvenido al apartado del Organigrama en el sitio web del Instituto Superior Tecnol\u00f3gico Los Andes. Aqu\u00ed podr\u00e1s descubrir la estructura organizativa que respalda y gu\u00eda nuestra comunidad educativa. El organigrama es una ventana que te permite conocer a nuestros l\u00edderes, departamentos y c\u00f3mo trabajamos juntos para brindar una experiencia educativa excepcional. A medida que explores &hellip;<\/p>\n<p class=\"read-more\"> <a class=\"\" href=\"https:\/\/institutolosandes.edu.ec\/index.php\/organigrama\/\"> <span class=\"screen-reader-text\">Organigrama<\/span> Leer m\u00e1s &raquo;<\/a><\/p>\n","protected":false},"author":1,"featured_media":0,"parent":0,"menu_order":0,"comment_status":"closed","ping_status":"closed","template":"","meta":{"site-sidebar-layout":"no-sidebar","site-content-layout":"plain-container","ast-global-header-display":"","ast-banner-title-visibility":"disabled","ast-main-header-display":"","ast-hfb-above-header-display":"","ast-hfb-below-header-display":"","ast-hfb-mobile-header-display":"","site-post-title":"","ast-breadcrumbs-content":"","ast-featured-img":"","footer-sml-layout":"","theme-transparent-header-meta":"","adv-header-id-meta":"","stick-header-meta":"","header-above-stick-meta":"","header-main-stick-meta":"","header-below-stick-meta":"","footnotes":""},"class_list":["post-1793","page","type-page","status-publish","hentry"],"_links":{"self":[{"href":"https:\/\/institutolosandes.edu.ec\/index.php\/wp-json\/wp\/v2\/pages\/1793","targetHints":{"allow":["GET"]}}],"collection":[{"href":"https:\/\/institutolosandes.edu.ec\/index.php\/wp-json\/wp\/v2\/pages"}],"about":[{"href":"https:\/\/institutolosandes.edu.ec\/index.php\/wp-json\/wp\/v2\/types\/page"}],"author":[{"embeddable":true,"href":"https:\/\/institutolosandes.edu.ec\/index.php\/wp-json\/wp\/v2\/users\/1"}],"replies":[{"embeddable":true,"href":"https:\/\/institutolosandes.edu.ec\/index.php\/wp-json\/wp\/v2\/comments?post=1793"}],"version-history":[{"count":7,"href":"https:\/\/institutolosandes.edu.ec\/index.php\/wp-json\/wp\/v2\/pages\/1793\/revisions"}],"predecessor-version":[{"id":3537,"href":"https:\/\/institutolosandes.edu.ec\/index.php\/wp-json\/wp\/v2\/pages\/1793\/revisions\/3537"}],"wp:attachment":[{"href":"https:\/\/institutolosandes.edu.ec\/index.php\/wp-json\/wp\/v2\/media?parent=1793"}],"curies":[{"name":"wp","href":"https:\/\/api.w.org\/{rel}","templated":true}]}}