{"id":1749,"date":"2023-08-24T14:12:32","date_gmt":"2023-08-24T19:12:32","guid":{"rendered":"http:\/\/institutolosandes.edu.ec\/?page_id=1749"},"modified":"2025-02-22T17:55:23","modified_gmt":"2025-02-22T22:55:23","slug":"publicaciones","status":"publish","type":"page","link":"https:\/\/institutolosandes.edu.ec\/index.php\/publicaciones\/","title":{"rendered":"Publicaciones"},"content":{"rendered":"\n<p style=\"font-size:15px\">En el Instituto Los Andes, nuestra dedicaci\u00f3n a la excelencia educativa va m\u00e1s all\u00e1 del aula. Estamos emocionados de presentarte nuestro espacio de publicaciones docentes, donde nuestros educadores comparten su experiencia, conocimientos y perspectivas en una amplia gama de temas educativos y profesionales.<\/p>\n\n\n\n<p style=\"font-size:15px\">Nuestro compromiso con la educaci\u00f3n de calidad no solo se refleja en nuestras aulas, sino tambi\u00e9n en nuestras publicaciones. Creemos que el aprendizaje es un viaje constante, y nuestras publicaciones docentes son una extensi\u00f3n natural de este compromiso.<\/p>\n\n\n\n<div class=\"wp-block-columns is-layout-flex wp-container-core-columns-is-layout-28f84493 wp-block-columns-is-layout-flex\">\n<div class=\"wp-block-column is-layout-flow wp-block-column-is-layout-flow\">\n<figure class=\"wp-block-image size-full is-resized\"><img loading=\"lazy\" decoding=\"async\" width=\"3654\" height=\"5481\" src=\"https:\/\/institutolosandes.edu.ec\/wp-content\/uploads\/2023\/08\/cerrar-manos-sosteniendo-diplomas-gorras.jpg\" alt=\"\" class=\"wp-image-2018\" style=\"aspect-ratio:1;object-fit:cover;width:509px;height:auto\"\/><\/figure>\n<\/div>\n\n\n\n<div class=\"wp-block-column is-vertically-aligned-center is-layout-flow wp-block-column-is-layout-flow\">\n<p><strong>Explorando Temas Relevantes y Actuales<\/strong><\/p>\n\n\n\n<p>Nuestros docentes est\u00e1n enriquecidos con a\u00f1os de experiencia y experiencia en diversos campos. A trav\u00e9s de nuestras publicaciones, podr\u00e1s acceder a informaci\u00f3n valiosa sobre metodolog\u00edas educativas innovadoras, tendencias en la industria, consejos de desarrollo profesional y reflexiones sobre la educaci\u00f3n en la era moderna.<\/p>\n<\/div>\n<\/div>\n\n\n\n<div id=\"footable_parent_3265\"\n         class=\" footable_parent ninja_table_wrapper loading_ninja_table wp_table_data_press_parent semantic_ui \">\n                <table data-ninja_table_instance=\"ninja_table_instance_0\" data-footable_id=\"3265\" data-filter-delay=\"1000\" aria-label=\"PUBLICACIONES2024.csv\"            id=\"footable_3265\"\n           data-unique_identifier=\"ninja_table_unique_id_1993403459_3265\"\n           class=\" foo-table ninja_footable foo_table_3265 ninja_table_unique_id_1993403459_3265 ui table  nt_type_ajax_table selectable striped vertical_centered  footable-paging-right\">\n                <colgroup>\n                            <col class=\"ninja_column_0 \">\n                            <col class=\"ninja_column_1 \">\n                            <col class=\"ninja_column_2 \">\n                            <col class=\"ninja_column_3 \">\n                            <col class=\"ninja_column_4 \">\n                            <col class=\"ninja_column_5 \">\n                            <col class=\"ninja_column_6 \">\n                            <col class=\"ninja_column_7 \">\n                            <col class=\"ninja_column_8 \">\n                    <\/colgroup>\n            <\/table>\n                    <style type=\"text\/css\" id='ninja_table_custom_css_3265'>\n                        #footable_3265  {\n    font-family: inherit;\n    font-size: 14px;\n    }\n\n    \n                <\/style>\n                \n    \n    \n<\/div>\n\n\n\n\n<p><\/p>\n\n\n\n<div class=\"wp-block-columns is-layout-flex wp-container-core-columns-is-layout-b5d2ac3b wp-block-columns-is-layout-flex\" style=\"margin-top:0;margin-bottom:0;padding-top:0;padding-right:var(--wp--preset--spacing--60);padding-bottom:0;padding-left:var(--wp--preset--spacing--60)\">\n<div class=\"wp-block-column is-layout-flow wp-block-column-is-layout-flow\">\n<p style=\"font-size:15px\">En Los Andes, creemos en el poder de compartir conocimiento para empoderar a educadores y estudiantes por igual. Te invitamos a sumergirte en nuestras publicaciones docentes y a unirte a la conversi\u00f3n educativa en constante evoluci\u00f3n.<\/p>\n\n\n\n<p style=\"font-size:15px\">\u00a1Esperamos que estas publicaciones te inspiren a crecer, innovar y marcar la diferencia en el mundo de la educaci\u00f3n!<\/p>\n<\/div>\n<\/div>\n\n\n\n<div class=\"wp-block-columns has-background is-layout-flex wp-container-core-columns-is-layout-28f84493 wp-block-columns-is-layout-flex\" style=\"background-color:#faf7ff2e\">\n<div class=\"wp-block-column is-layout-flow wp-block-column-is-layout-flow\"><\/div>\n\n\n\n<div class=\"wp-block-column is-vertically-aligned-center is-layout-flow wp-block-column-is-layout-flow\">\n<h3 class=\"wp-block-heading has-text-align-right has-text-color\" style=\"color:#00008c\">Apartado Legal:<\/h3>\n<\/div>\n\n\n\n<div class=\"wp-block-column is-layout-flow wp-block-column-is-layout-flow\">\n<div class=\"wp-block-buttons is-layout-flex wp-block-buttons-is-layout-flex\">\n<div class=\"wp-block-button has-custom-width wp-block-button__width-100 has-custom-font-size is-style-outline has-small-font-size is-style-outline--1\"><a class=\"wp-block-button__link has-ast-global-color-5-background-color has-text-color has-background wp-element-button\" href=\"https:\/\/institutolosandes.edu.ec\/wp-content\/uploads\/2024\/01\/NORMATIVA-INTERNO.pdf\" style=\"border-radius:0px;color:#00008c;padding-top:var(--wp--preset--spacing--40);padding-bottom:var(--wp--preset--spacing--40)\">Normativa de Investigaci\u00f3n y Desarrollo<\/a><\/div>\n\n\n\n<div class=\"wp-block-button has-custom-width wp-block-button__width-100 has-custom-font-size is-style-outline has-small-font-size is-style-outline--2\"><a class=\"wp-block-button__link has-ast-global-color-5-background-color has-text-color has-background wp-element-button\" style=\"border-radius:0px;color:#00008c;padding-top:var(--wp--preset--spacing--40);padding-bottom:var(--wp--preset--spacing--40)\">Normativa de <\/a><\/div>\n<\/div>\n<\/div>\n\n\n\n<div class=\"wp-block-column is-layout-flow wp-block-column-is-layout-flow\"><\/div>\n<\/div>\n","protected":false},"excerpt":{"rendered":"<p>En el Instituto Los Andes, nuestra dedicaci\u00f3n a la excelencia educativa va m\u00e1s all\u00e1 del aula. Estamos emocionados de presentarte nuestro espacio de publicaciones docentes, donde nuestros educadores comparten su experiencia, conocimientos y perspectivas en una amplia gama de temas educativos y profesionales. Nuestro compromiso con la educaci\u00f3n de calidad no solo se refleja en &hellip;<\/p>\n<p class=\"read-more\"> <a class=\"\" href=\"https:\/\/institutolosandes.edu.ec\/index.php\/publicaciones\/\"> <span class=\"screen-reader-text\">Publicaciones<\/span> Leer m\u00e1s &raquo;<\/a><\/p>\n","protected":false},"author":1,"featured_media":0,"parent":0,"menu_order":0,"comment_status":"closed","ping_status":"closed","template":"","meta":{"site-sidebar-layout":"no-sidebar","site-content-layout":"plain-container","ast-global-header-display":"","ast-banner-title-visibility":"disabled","ast-main-header-display":"","ast-hfb-above-header-display":"","ast-hfb-below-header-display":"","ast-hfb-mobile-header-display":"","site-post-title":"","ast-breadcrumbs-content":"","ast-featured-img":"","footer-sml-layout":"","theme-transparent-header-meta":"","adv-header-id-meta":"","stick-header-meta":"","header-above-stick-meta":"","header-main-stick-meta":"","header-below-stick-meta":"","footnotes":""},"class_list":["post-1749","page","type-page","status-publish","hentry"],"_links":{"self":[{"href":"https:\/\/institutolosandes.edu.ec\/index.php\/wp-json\/wp\/v2\/pages\/1749","targetHints":{"allow":["GET"]}}],"collection":[{"href":"https:\/\/institutolosandes.edu.ec\/index.php\/wp-json\/wp\/v2\/pages"}],"about":[{"href":"https:\/\/institutolosandes.edu.ec\/index.php\/wp-json\/wp\/v2\/types\/page"}],"author":[{"embeddable":true,"href":"https:\/\/institutolosandes.edu.ec\/index.php\/wp-json\/wp\/v2\/users\/1"}],"replies":[{"embeddable":true,"href":"https:\/\/institutolosandes.edu.ec\/index.php\/wp-json\/wp\/v2\/comments?post=1749"}],"version-history":[{"count":18,"href":"https:\/\/institutolosandes.edu.ec\/index.php\/wp-json\/wp\/v2\/pages\/1749\/revisions"}],"predecessor-version":[{"id":3266,"href":"https:\/\/institutolosandes.edu.ec\/index.php\/wp-json\/wp\/v2\/pages\/1749\/revisions\/3266"}],"wp:attachment":[{"href":"https:\/\/institutolosandes.edu.ec\/index.php\/wp-json\/wp\/v2\/media?parent=1749"}],"curies":[{"name":"wp","href":"https:\/\/api.w.org\/{rel}","templated":true}]}}