{"id":1727,"date":"2023-08-24T13:05:05","date_gmt":"2023-08-24T18:05:05","guid":{"rendered":"http:\/\/institutolosandes.edu.ec\/?page_id=1727"},"modified":"2026-03-03T16:02:17","modified_gmt":"2026-03-03T21:02:17","slug":"bolsa-de-empleo","status":"publish","type":"page","link":"https:\/\/institutolosandes.edu.ec\/index.php\/bolsa-de-empleo\/","title":{"rendered":"INGRESA AQU\u00cd TUS CREDENCIALES"},"content":{"rendered":"\n<p style=\"font-size:15px\">Bienvenido al apartado de Bolsa de Empleo en el Instituto Superior Tecnol\u00f3gico Los Andes. Aqu\u00ed en Los Andes, no solo nos esforzamos por brindarte una educaci\u00f3n de calidad, sino tambi\u00e9n por prepararte para un futuro profesional exitoso.<\/p>\n\n\n\n<p style=\"font-size:15px\">Nuestra Bolsa de Empleo es m\u00e1s que un recurso, es una plataforma dise\u00f1ada para conectar a nuestros estudiantes y graduados con oportunidades laborales en l\u00ednea con su formaci\u00f3n y pasi\u00f3n. Siempre nos hemos enorgullecido de ofrecer programas acad\u00e9micos que se alineen con las demandas del mercado laboral actual, y esta bolsa de empleo es una extensi\u00f3n natural de ese compromiso.<\/p>\n\n\n\n<div class=\"wp-block-columns has-background is-layout-flex wp-container-core-columns-is-layout-28f84493 wp-block-columns-is-layout-flex\" style=\"background-color:#f2f3f74f\">\n<div class=\"wp-block-column is-layout-flow wp-block-column-is-layout-flow\" style=\"flex-basis:66.66%\">\n<h3 class=\"wp-block-heading\">SOLICITA TUS CREDENCIALES <\/h3>\n\n\n\n<div class=\"wp-block-columns is-layout-flex wp-container-core-columns-is-layout-28f84493 wp-block-columns-is-layout-flex\">\n<div class=\"wp-block-column is-layout-flow wp-block-column-is-layout-flow\">\n<div class=\"wp-block-buttons is-layout-flex wp-block-buttons-is-layout-flex\">\n<div class=\"wp-block-button has-custom-width wp-block-button__width-100 is-style-outline is-style-outline--1\"><a class=\"wp-block-button__link has-ast-global-color-5-background-color has-text-color has-background has-small-font-size has-custom-font-size wp-element-button\" href=\"http:\/\/190.96.97.141:9091\/limesurvey\/index.php\/297628?lang=es-MX\" style=\"border-radius:0px;color:#00008c;padding-top:var(--wp--preset--spacing--40);padding-right:0;padding-bottom:var(--wp--preset--spacing--40);padding-left:0\">EMPRESAS<\/a><\/div>\n<\/div>\n<\/div>\n\n\n\n<div class=\"wp-block-column is-layout-flow wp-block-column-is-layout-flow\">\n<div class=\"wp-block-buttons is-layout-flex wp-block-buttons-is-layout-flex\">\n<div class=\"wp-block-button has-custom-width wp-block-button__width-100 is-style-outline is-style-outline--2\"><a class=\"wp-block-button__link has-ast-global-color-5-background-color has-text-color has-background has-small-font-size has-custom-font-size wp-element-button\" href=\"http:\/\/190.96.97.141:9091\/limesurvey\/index.php\/375594?lang=es-MX\" style=\"border-radius:0px;color:#00008c;padding-top:var(--wp--preset--spacing--40);padding-right:0;padding-bottom:var(--wp--preset--spacing--40);padding-left:0\">EX-ESTUDIANTES<\/a><\/div>\n<\/div>\n<\/div>\n<\/div>\n\n\n\n<h3 class=\"wp-block-heading\" style=\"margin-top:var(--wp--preset--spacing--50);margin-bottom:0\">TRABAJA CON NOSOTROS<\/h3>\n\n\n\n<div class=\"wp-block-buttons alignfull is-content-justification-center is-layout-flex wp-container-core-buttons-is-layout-a89b3969 wp-block-buttons-is-layout-flex\">\n<div class=\"wp-block-button has-custom-width wp-block-button__width-100 is-style-outline is-style-outline--3\"><a class=\"wp-block-button__link has-ast-global-color-5-background-color has-text-color has-background has-small-font-size has-custom-font-size wp-element-button\" href=\"https:\/\/bit.ly\/trab_con_nos_istla\" style=\"border-radius:0px;color:#00008c;padding-top:var(--wp--preset--spacing--40);padding-right:30%;padding-bottom:var(--wp--preset--spacing--40);padding-left:30%\">P\u00daBLICO EN GENERAL<\/a><\/div>\n<\/div>\n\n\n\n<div style=\"height:43px\" aria-hidden=\"true\" class=\"wp-block-spacer\"><\/div>\n\n\n\n<div class=\"wp-block-columns is-layout-flex wp-container-core-columns-is-layout-28f84493 wp-block-columns-is-layout-flex\">\n<div class=\"wp-block-column is-layout-flow wp-block-column-is-layout-flow\">\n<div class=\"wp-block-buttons is-content-justification-center is-layout-flex wp-container-core-buttons-is-layout-749adb30 wp-block-buttons-is-layout-flex\"><\/div>\n<\/div>\n<\/div>\n\n\n\n<div class=\"wp-block-columns is-layout-flex wp-container-core-columns-is-layout-28f84493 wp-block-columns-is-layout-flex\">\n<div class=\"wp-block-column is-layout-flow wp-block-column-is-layout-flow\"><\/div>\n<\/div>\n<\/div>\n\n\n\n<div class=\"wp-block-column is-layout-flow wp-block-column-is-layout-flow\" style=\"flex-basis:33.33%\">\n<figure class=\"wp-block-image size-full\"><img loading=\"lazy\" decoding=\"async\" width=\"1680\" height=\"1120\" src=\"http:\/\/institutolosandes.edu.ec\/wp-content\/uploads\/2023\/07\/SECRETARIA-2.jpg\" alt=\"\" class=\"wp-image-590\" style=\"aspect-ratio:3\/4;object-fit:cover\"\/><\/figure>\n<\/div>\n<\/div>\n","protected":false},"excerpt":{"rendered":"<p>Bienvenido al apartado de Bolsa de Empleo en el Instituto Superior Tecnol\u00f3gico Los Andes. Aqu\u00ed en Los Andes, no solo nos esforzamos por brindarte una educaci\u00f3n de calidad, sino tambi\u00e9n por prepararte para un futuro profesional exitoso. Nuestra Bolsa de Empleo es m\u00e1s que un recurso, es una plataforma dise\u00f1ada para conectar a nuestros estudiantes &hellip;<\/p>\n<p class=\"read-more\"> <a class=\"\" href=\"https:\/\/institutolosandes.edu.ec\/index.php\/bolsa-de-empleo\/\"> <span class=\"screen-reader-text\">INGRESA AQU\u00cd TUS CREDENCIALES<\/span> Leer m\u00e1s &raquo;<\/a><\/p>\n","protected":false},"author":1,"featured_media":0,"parent":0,"menu_order":0,"comment_status":"closed","ping_status":"closed","template":"","meta":{"site-sidebar-layout":"no-sidebar","site-content-layout":"plain-container","ast-global-header-display":"disabled","ast-banner-title-visibility":"disabled","ast-main-header-display":"","ast-hfb-above-header-display":"","ast-hfb-below-header-display":"","ast-hfb-mobile-header-display":"","site-post-title":"","ast-breadcrumbs-content":"","ast-featured-img":"","footer-sml-layout":"","theme-transparent-header-meta":"","adv-header-id-meta":"","stick-header-meta":"","header-above-stick-meta":"","header-main-stick-meta":"","header-below-stick-meta":"","footnotes":""},"class_list":["post-1727","page","type-page","status-publish","hentry"],"_links":{"self":[{"href":"https:\/\/institutolosandes.edu.ec\/index.php\/wp-json\/wp\/v2\/pages\/1727","targetHints":{"allow":["GET"]}}],"collection":[{"href":"https:\/\/institutolosandes.edu.ec\/index.php\/wp-json\/wp\/v2\/pages"}],"about":[{"href":"https:\/\/institutolosandes.edu.ec\/index.php\/wp-json\/wp\/v2\/types\/page"}],"author":[{"embeddable":true,"href":"https:\/\/institutolosandes.edu.ec\/index.php\/wp-json\/wp\/v2\/users\/1"}],"replies":[{"embeddable":true,"href":"https:\/\/institutolosandes.edu.ec\/index.php\/wp-json\/wp\/v2\/comments?post=1727"}],"version-history":[{"count":41,"href":"https:\/\/institutolosandes.edu.ec\/index.php\/wp-json\/wp\/v2\/pages\/1727\/revisions"}],"predecessor-version":[{"id":3489,"href":"https:\/\/institutolosandes.edu.ec\/index.php\/wp-json\/wp\/v2\/pages\/1727\/revisions\/3489"}],"wp:attachment":[{"href":"https:\/\/institutolosandes.edu.ec\/index.php\/wp-json\/wp\/v2\/media?parent=1727"}],"curies":[{"name":"wp","href":"https:\/\/api.w.org\/{rel}","templated":true}]}}