{"id":1515,"date":"2023-08-18T21:37:19","date_gmt":"2023-08-19T02:37:19","guid":{"rendered":"http:\/\/institutolosandes.edu.ec\/?page_id=1515"},"modified":"2026-03-17T15:21:33","modified_gmt":"2026-03-17T20:21:33","slug":"1515-2","status":"publish","type":"page","link":"https:\/\/institutolosandes.edu.ec\/index.php\/1515-2\/","title":{"rendered":"LOJA"},"content":{"rendered":"\n<div class=\"wp-block-columns is-layout-flex wp-container-core-columns-is-layout-ef350914 wp-block-columns-is-layout-flex\" style=\"border-style:none;border-width:0px;padding-top:var(--wp--preset--spacing--30);padding-bottom:var(--wp--preset--spacing--30);font-style:normal;font-weight:300\">\n<div class=\"wp-block-column is-vertically-aligned-center is-layout-flow wp-block-column-is-layout-flow\">\n<figure class=\"wp-block-image alignfull size-large has-custom-border is-style-rounded\"><img decoding=\"async\" src=\"https:\/\/www.turisec.com\/wp-content\/uploads\/2022\/08\/lojaaaaaa3.jpg\" alt=\"\" style=\"border-style:none;border-width:0px;border-radius:0px\"\/><\/figure>\n<\/div>\n\n\n\n<div class=\"wp-block-column is-vertically-aligned-bottom has-text-color is-layout-flow wp-block-column-is-layout-flow\" style=\"border-width:1px;color:#00008c;padding-top:var(--wp--preset--spacing--50);padding-right:var(--wp--preset--spacing--60);padding-bottom:var(--wp--preset--spacing--50);padding-left:var(--wp--preset--spacing--60);font-size:15px\">\n<p class=\"has-text-align-center has-text-color\" style=\"color:#00008c;margin-top:0;margin-bottom:0;padding-top:0;padding-bottom:0;font-size:16px\"><strong>INSTITUTO TECNOL\u00d3GICO INTERNACIONAL \u00abLOS ANDES\u00bb<\/strong><\/p>\n\n\n\n<p class=\"has-text-color\" style=\"color:#00008c;font-size:15px\"><strong>Ciudad: <\/strong>Loja<\/p>\n\n\n\n<p class=\"has-text-color\" style=\"color:#00008c;font-size:15px\"><strong>Direcci\u00f3n<\/strong>: Calle Zoilo Rodr\u00edguez y V\u00edctor Vivar<\/p>\n\n\n\n<p class=\"has-text-color\" style=\"color:#00008c;font-size:15px\"><strong>Tel\u00e9fonos:<\/strong> 072726047        0958627279<\/p>\n\n\n\n<p class=\"has-text-color\" style=\"color:#00008c;font-size:15px\"><strong>Responsable:<\/strong>    <em>Mgs. Mariel Minga M.<\/em><\/p>\n\n\n\n<p class=\"has-text-color\" style=\"color:#00008c;font-size:15px\"><strong>Correo:<\/strong> admisiones@institutolosandes.edu.ec<\/p>\n<\/div>\n\n\n\n<div class=\"wp-block-column is-layout-constrained wp-container-core-column-is-layout-e555385e wp-block-column-is-layout-constrained\">\n<div class=\"mapouter\"><div class=\"gmap_canvas\"><iframe src=\"https:\/\/www.google.com\/maps\/embed?pb=!4v1773778811267!6m8!1m7!1sTucF4TkpOVVO23ceQz8_Jw!2m2!1d-4.020745655147538!2d-79.20353009995469!3f279.292580608305!4f9.180860927284499!5f0.7820865974627469\" width=\"600\" height=\"450\" style=\"border:0;\" allowfullscreen=\"\" loading=\"lazy\" referrerpolicy=\"no-referrer-when-downgrade\"><\/iframe><a href=\"https:\/\/123movies-i.net\">the forever purge 123movies<\/a><br><style>.mapouter{position:relative;text-align:right;height:400px;width:300px;}<\/style><a href=\"https:\/\/www.embedgooglemap.net\"><\/a><style>.gmap_canvas {overflow:hidden;background:none!important;height:400px;width:300px;}<\/style><\/div><\/div>\n<\/div>\n<\/div>\n","protected":false},"excerpt":{"rendered":"<p>INSTITUTO TECNOL\u00d3GICO INTERNACIONAL \u00abLOS ANDES\u00bb Ciudad: Loja Direcci\u00f3n: Calle Zoilo Rodr\u00edguez y V\u00edctor Vivar Tel\u00e9fonos: 072726047 0958627279 Responsable: Mgs. Mariel Minga M. Correo: admisiones@institutolosandes.edu.ec the forever purge 123movies<\/p>\n","protected":false},"author":1,"featured_media":0,"parent":0,"menu_order":0,"comment_status":"closed","ping_status":"closed","template":"","meta":{"site-sidebar-layout":"no-sidebar","site-content-layout":"plain-container","ast-global-header-display":"","ast-banner-title-visibility":"disabled","ast-main-header-display":"","ast-hfb-above-header-display":"","ast-hfb-below-header-display":"","ast-hfb-mobile-header-display":"","site-post-title":"","ast-breadcrumbs-content":"","ast-featured-img":"","footer-sml-layout":"","theme-transparent-header-meta":"","adv-header-id-meta":"","stick-header-meta":"","header-above-stick-meta":"","header-main-stick-meta":"","header-below-stick-meta":"","footnotes":""},"class_list":["post-1515","page","type-page","status-publish","hentry"],"_links":{"self":[{"href":"https:\/\/institutolosandes.edu.ec\/index.php\/wp-json\/wp\/v2\/pages\/1515","targetHints":{"allow":["GET"]}}],"collection":[{"href":"https:\/\/institutolosandes.edu.ec\/index.php\/wp-json\/wp\/v2\/pages"}],"about":[{"href":"https:\/\/institutolosandes.edu.ec\/index.php\/wp-json\/wp\/v2\/types\/page"}],"author":[{"embeddable":true,"href":"https:\/\/institutolosandes.edu.ec\/index.php\/wp-json\/wp\/v2\/users\/1"}],"replies":[{"embeddable":true,"href":"https:\/\/institutolosandes.edu.ec\/index.php\/wp-json\/wp\/v2\/comments?post=1515"}],"version-history":[{"count":16,"href":"https:\/\/institutolosandes.edu.ec\/index.php\/wp-json\/wp\/v2\/pages\/1515\/revisions"}],"predecessor-version":[{"id":3507,"href":"https:\/\/institutolosandes.edu.ec\/index.php\/wp-json\/wp\/v2\/pages\/1515\/revisions\/3507"}],"wp:attachment":[{"href":"https:\/\/institutolosandes.edu.ec\/index.php\/wp-json\/wp\/v2\/media?parent=1515"}],"curies":[{"name":"wp","href":"https:\/\/api.w.org\/{rel}","templated":true}]}}