{"id":1513,"date":"2023-08-18T21:32:08","date_gmt":"2023-08-19T02:32:08","guid":{"rendered":"http:\/\/institutolosandes.edu.ec\/?page_id=1513"},"modified":"2023-09-11T12:28:41","modified_gmt":"2023-09-11T17:28:41","slug":"azuay","status":"publish","type":"page","link":"https:\/\/institutolosandes.edu.ec\/index.php\/azuay\/","title":{"rendered":"AZUAY"},"content":{"rendered":"\n<div class=\"wp-block-columns is-layout-flex wp-container-core-columns-is-layout-28f84493 wp-block-columns-is-layout-flex\">\n<div class=\"wp-block-column has-small-font-size is-layout-flow wp-container-core-column-is-layout-8a368f38 wp-block-column-is-layout-flow\" style=\"border-style:none;border-width:0px\">\n<figure class=\"wp-block-image size-large is-resized has-custom-border\"><img decoding=\"async\" src=\"https:\/\/eldiadigital.es\/upload\/images\/06_2023\/7094_img-20230609-wa0020.jpg\" alt=\"\" style=\"border-style:none;border-width:0px;border-radius:0px;aspect-ratio:3\/4;object-fit:cover;height:500px\" height=\"500\"\/><\/figure>\n<\/div>\n\n\n\n<div class=\"wp-block-column is-vertically-aligned-top has-text-color has-small-font-size is-layout-flow wp-container-core-column-is-layout-bb8c6b4e wp-block-column-is-layout-flow\" style=\"border-width:1px;color:#00008c;padding-top:var(--wp--preset--spacing--60);padding-right:var(--wp--preset--spacing--60);padding-bottom:var(--wp--preset--spacing--60);padding-left:var(--wp--preset--spacing--60)\">\n<p class=\"has-text-align-center has-text-color\" style=\"color:#00008c;font-size:16px\"><strong>CENTRO DE ESTUDIOS GAUSS<\/strong><\/p>\n\n\n\n<p class=\"has-text-color\" style=\"color:#00008c;font-size:14px\"><strong>Ciudad:<\/strong> Cuenca<\/p>\n\n\n\n<p class=\"has-text-color\" style=\"color:#00008c;font-size:14px\"><strong>Direcci\u00f3n:<\/strong> Avenida Loja 3118 y Remigio Tamar\u00edz<\/p>\n\n\n\n<p class=\"has-text-color\" style=\"color:#00008c;font-size:14px\"><strong>Tel\u00e9fono:<\/strong> 0980677724<\/p>\n\n\n\n<p class=\"has-text-color\" style=\"color:#00008c;font-size:14px\"><strong>Responsable:<\/strong> <em>Ing. Diego Xavier Alvarez Chocho<\/em><\/p>\n\n\n\n<p class=\"has-text-color\" style=\"color:#00008c;font-size:14px\"><strong>Correo:<\/strong> ego_231@hotmail.com<\/p>\n<\/div>\n\n\n\n<div class=\"wp-block-column is-layout-flow wp-block-column-is-layout-flow\">\n<div class=\"mapouter\"><div class=\"gmap_canvas\"><iframe loading=\"lazy\" width=\"350\" height=\"500\" id=\"gmap_canvas\" src=\"https:\/\/maps.google.com\/maps?q=Avenida%20Loja%203118%20y%20Remigio%20Tamar%C3%ADz&#038;t=&#038;z=13&#038;ie=UTF8&#038;iwloc=&#038;output=embed\" frameborder=\"0\" scrolling=\"no\" marginheight=\"0\" marginwidth=\"0\"><\/iframe><a href=\"https:\/\/embedgooglemap.net\/124\/\"><\/a><br><style>.mapouter{position:relative;text-align:right;height:500px;width:350px;}<\/style><a href=\"https:\/\/www.embedgooglemap.net\">google maps embed<\/a><style>.gmap_canvas {overflow:hidden;background:none!important;height:500px;width:350px;}<\/style><\/div><\/div>\n<\/div>\n<\/div>\n\n\n\n<hr>\n\n\n\n<div class=\"wp-block-columns alignwide are-vertically-aligned-top is-layout-flex wp-container-core-columns-is-layout-ef350914 wp-block-columns-is-layout-flex\" style=\"padding-top:var(--wp--preset--spacing--30);padding-bottom:var(--wp--preset--spacing--30)\">\n<div class=\"wp-block-column is-vertically-aligned-top is-layout-flow wp-container-core-column-is-layout-b963fc7b wp-block-column-is-layout-flow\" style=\"padding-right:var(--wp--preset--spacing--50);padding-left:var(--wp--preset--spacing--50)\">\n<div class=\"mapouter\"><div class=\"gmap_canvas\"><iframe loading=\"lazy\" width=\"350\" height=\"500\" id=\"gmap_canvas\" src=\"https:\/\/maps.google.com\/maps?q=Mariscal%20Lamar%20y%20Mariano%20Cueva&#038;t=&#038;z=13&#038;ie=UTF8&#038;iwloc=&#038;output=embed\" frameborder=\"0\" scrolling=\"no\" marginheight=\"0\" marginwidth=\"0\"><\/iframe><a href=\"https:\/\/embedgooglemap.net\/124\/\"><\/a><br><style>.mapouter{position:relative;text-align:right;height:500px;width:350px;}<\/style><a href=\"https:\/\/www.embedgooglemap.net\">google maps embed<\/a><style>.gmap_canvas {overflow:hidden;background:none!important;height:500px;width:350px;}<\/style><\/div><\/div>\n<\/div>\n\n\n\n<div class=\"wp-block-column is-vertically-aligned-top has-text-color is-layout-flow wp-container-core-column-is-layout-e957bfcc wp-block-column-is-layout-flow\" style=\"border-width:1px;color:#00008c;padding-top:var(--wp--preset--spacing--80);padding-right:var(--wp--preset--spacing--60);padding-bottom:var(--wp--preset--spacing--70);padding-left:var(--wp--preset--spacing--60)\">\n<p class=\"has-text-align-center\" style=\"font-size:16px\"><strong>CENTRO DE CAPACITACI\u00d3N INSTITUTO INTERNACIONAL DE CAPACITACI\u00d3N Y FORMACI\u00d3N INTEGRAL \u00abINCAPFI\u00bb<\/strong><\/p>\n\n\n\n<p style=\"font-size:15px\"><strong>Ciudad:<\/strong> Cuenca<\/p>\n\n\n\n<p style=\"font-size:15px\"><strong>Direcci\u00f3n:<\/strong> Mariscal Lamar y Mariano Cueva<\/p>\n\n\n\n<p style=\"font-size:15px\"><strong>Tel\u00e9fonos:<\/strong> 072844666 &#8211; 0996342667 &#8211; 0963985670<\/p>\n\n\n\n<p style=\"font-size:15px\"><strong>Responsable:<\/strong> <em>Econ. Jorge Luis S\u00e1nchez Chica<\/em><\/p>\n\n\n\n<p style=\"font-size:15px\"><strong>Correo:<\/strong> incapfi@gmail.com<\/p>\n<\/div>\n\n\n\n<div class=\"wp-block-column is-vertically-aligned-top is-layout-flow wp-block-column-is-layout-flow\" style=\"padding-top:0;padding-right:0;padding-bottom:0;padding-left:0\">\n<figure class=\"wp-block-image alignleft size-large is-resized\"><img decoding=\"async\" src=\"https:\/\/media.primicias.ec\/2022\/11\/01161305\/cuenca_iglesia_cupula.jpg\" alt=\"\" style=\"aspect-ratio:3\/4;object-fit:cover;height:500px\" height=\"500\"\/><\/figure>\n<\/div>\n<\/div>\n\n\n\n<hr>\n\n\n\n<div class=\"wp-block-columns alignwide is-layout-flex wp-container-core-columns-is-layout-ef350914 wp-block-columns-is-layout-flex\" style=\"padding-top:var(--wp--preset--spacing--30);padding-bottom:var(--wp--preset--spacing--30)\">\n<div class=\"wp-block-column is-layout-flow wp-block-column-is-layout-flow\">\n<figure class=\"wp-block-image size-large is-resized\"><img decoding=\"async\" src=\"https:\/\/upload.wikimedia.org\/wikipedia\/commons\/thumb\/b\/b5\/Plaza_C%C3%ADvica_de_Gualaceo.jpg\/1200px-Plaza_C%C3%ADvica_de_Gualaceo.jpg\" alt=\"\" style=\"aspect-ratio:3\/4;object-fit:cover;height:520px\" height=\"520\"\/><\/figure>\n<\/div>\n\n\n\n<div class=\"wp-block-column is-vertically-aligned-center has-text-color is-layout-flow wp-container-core-column-is-layout-91afded8 wp-block-column-is-layout-flow\" style=\"border-width:1px;color:#00008c;padding-top:var(--wp--preset--spacing--70);padding-right:var(--wp--preset--spacing--40);padding-bottom:var(--wp--preset--spacing--70);padding-left:var(--wp--preset--spacing--40)\">\n<p class=\"has-text-align-center has-text-color\" style=\"color:#00008c;font-size:16px\"><strong>CENTRO DE CAPACITACI\u00d3N AM\u00c9RICA<\/strong><\/p>\n\n\n\n<p class=\"has-text-color\" style=\"color:#00008c;font-size:15px\"><strong>Ciudad: <\/strong>Gualaceo<\/p>\n\n\n\n<p class=\"has-text-color\" style=\"color:#00008c;font-size:15px\"><strong>Direcci\u00f3n:<\/strong> Calle 3 de noviembre y colon frente al banco del Pichincha.<\/p>\n\n\n\n<p class=\"has-text-color\" style=\"color:#00008c;font-size:15px\"><strong>Tel\u00e9fonos:<\/strong> 0998400080 \/ 0987378452<\/p>\n\n\n\n<p class=\"has-text-color\" style=\"color:#00008c;font-size:15px\"><strong>Responsable:<\/strong> <em>Rodas Avecillas Carlos Fernando<\/em><\/p>\n\n\n\n<p class=\"has-text-color\" style=\"color:#00008c;font-size:15px\"><strong>Correo:<\/strong> futuro.rodas@yahoo.com<\/p>\n<\/div>\n\n\n\n<div class=\"wp-block-column is-layout-flow wp-block-column-is-layout-flow\" style=\"padding-top:var(--wp--preset--spacing--30);padding-bottom:var(--wp--preset--spacing--30)\">\n<div class=\"mapouter\"><div class=\"gmap_canvas\"><iframe loading=\"lazy\" width=\"350\" height=\"500\" id=\"gmap_canvas\" src=\"https:\/\/maps.google.com\/maps?q=%20Gualaceo,Avenida%203%20de%20Noviembre%20&#038;%20Colon&#038;t=&#038;z=13&#038;ie=UTF8&#038;iwloc=&#038;output=embed\" frameborder=\"0\" scrolling=\"no\" marginheight=\"0\" marginwidth=\"0\"><\/iframe><a href=\"https:\/\/embedgooglemap.net\/124\/\"><\/a><br><style>.mapouter{position:relative;text-align:right;height:500px;width:350px;}<\/style><a href=\"https:\/\/www.embedgooglemap.net\">google maps embed<\/a><style>.gmap_canvas {overflow:hidden;background:none!important;height:500px;width:350px;}<\/style><\/div><\/div>\n<\/div>\n<\/div>\n","protected":false},"excerpt":{"rendered":"<p>CENTRO DE ESTUDIOS GAUSS Ciudad: Cuenca Direcci\u00f3n: Avenida Loja 3118 y Remigio Tamar\u00edz Tel\u00e9fono: 0980677724 Responsable: Ing. Diego Xavier Alvarez Chocho Correo: ego_231@hotmail.com google maps embed google maps embed CENTRO DE CAPACITACI\u00d3N INSTITUTO INTERNACIONAL DE CAPACITACI\u00d3N Y FORMACI\u00d3N INTEGRAL \u00abINCAPFI\u00bb Ciudad: Cuenca Direcci\u00f3n: Mariscal Lamar y Mariano Cueva Tel\u00e9fonos: 072844666 &#8211; 0996342667 &#8211; 0963985670 Responsable: &hellip;<\/p>\n<p class=\"read-more\"> <a class=\"\" href=\"https:\/\/institutolosandes.edu.ec\/index.php\/azuay\/\"> <span class=\"screen-reader-text\">AZUAY<\/span> Leer m\u00e1s &raquo;<\/a><\/p>\n","protected":false},"author":1,"featured_media":0,"parent":0,"menu_order":0,"comment_status":"closed","ping_status":"closed","template":"","meta":{"site-sidebar-layout":"no-sidebar","site-content-layout":"plain-container","ast-global-header-display":"","ast-banner-title-visibility":"disabled","ast-main-header-display":"","ast-hfb-above-header-display":"","ast-hfb-below-header-display":"","ast-hfb-mobile-header-display":"","site-post-title":"","ast-breadcrumbs-content":"","ast-featured-img":"","footer-sml-layout":"","theme-transparent-header-meta":"","adv-header-id-meta":"","stick-header-meta":"","header-above-stick-meta":"","header-main-stick-meta":"","header-below-stick-meta":"","footnotes":""},"class_list":["post-1513","page","type-page","status-publish","hentry"],"_links":{"self":[{"href":"https:\/\/institutolosandes.edu.ec\/index.php\/wp-json\/wp\/v2\/pages\/1513","targetHints":{"allow":["GET"]}}],"collection":[{"href":"https:\/\/institutolosandes.edu.ec\/index.php\/wp-json\/wp\/v2\/pages"}],"about":[{"href":"https:\/\/institutolosandes.edu.ec\/index.php\/wp-json\/wp\/v2\/types\/page"}],"author":[{"embeddable":true,"href":"https:\/\/institutolosandes.edu.ec\/index.php\/wp-json\/wp\/v2\/users\/1"}],"replies":[{"embeddable":true,"href":"https:\/\/institutolosandes.edu.ec\/index.php\/wp-json\/wp\/v2\/comments?post=1513"}],"version-history":[{"count":102,"href":"https:\/\/institutolosandes.edu.ec\/index.php\/wp-json\/wp\/v2\/pages\/1513\/revisions"}],"predecessor-version":[{"id":2467,"href":"https:\/\/institutolosandes.edu.ec\/index.php\/wp-json\/wp\/v2\/pages\/1513\/revisions\/2467"}],"wp:attachment":[{"href":"https:\/\/institutolosandes.edu.ec\/index.php\/wp-json\/wp\/v2\/media?parent=1513"}],"curies":[{"name":"wp","href":"https:\/\/api.w.org\/{rel}","templated":true}]}}