{"id":1508,"date":"2023-08-18T11:57:43","date_gmt":"2023-08-18T16:57:43","guid":{"rendered":"http:\/\/institutolosandes.edu.ec\/?page_id=1508"},"modified":"2023-09-12T10:38:25","modified_gmt":"2023-09-12T15:38:25","slug":"manabi","status":"publish","type":"page","link":"https:\/\/institutolosandes.edu.ec\/index.php\/manabi\/","title":{"rendered":"MANAB\u00cd"},"content":{"rendered":"\n<div class=\"wp-block-columns is-layout-flex wp-container-core-columns-is-layout-28f84493 wp-block-columns-is-layout-flex\">\n<div class=\"wp-block-column is-layout-flow wp-block-column-is-layout-flow\" style=\"padding-top:0;padding-right:0;padding-bottom:0;padding-left:0\">\n<figure class=\"wp-block-image size-large is-resized\"><img decoding=\"async\" src=\"https:\/\/bcexplorer.ec\/wp-content\/uploads\/2022\/07\/1-1-1024x681-1.jpg\" alt=\"\" style=\"aspect-ratio:3\/4;object-fit:cover;height:500px\" height=\"500\"\/><\/figure>\n<\/div>\n\n\n\n<div class=\"wp-block-column has-text-color is-layout-flow wp-block-column-is-layout-flow\" style=\"border-width:1px;color:#00008c;padding-top:var(--wp--preset--spacing--50);padding-right:var(--wp--preset--spacing--60);padding-bottom:var(--wp--preset--spacing--50);padding-left:var(--wp--preset--spacing--60)\">\n<p class=\"has-text-align-center\" style=\"font-size:16px\"><strong>CENTRO DE CAPACITACI\u00d3N PEDERNALES, CECAPE<\/strong><\/p>\n\n\n\n<p style=\"font-size:15px\"><strong>Ciudad:<\/strong> Pedernales<\/p>\n\n\n\n<p style=\"font-size:15px\"><strong>Direcci\u00f3n:<\/strong> V\u00eda San Vicente frente a la cancha municipal a lado de la parada de taxis del Pacifico calle L\u00f3pez Castillo.<\/p>\n\n\n\n<p style=\"font-size:15px\"><strong>Tel\u00e9fono: <\/strong>0995200991 \/ 0995200991 \/ 0997457721<\/p>\n\n\n\n<p style=\"font-size:15px\"><strong>Responsable:<\/strong> <em>Tcnlga. Sonia Silvana B\u00f3squez Mera<\/em><\/p>\n\n\n\n<p style=\"font-size:15px\"><strong>Correo:<\/strong> herbolarioancestral.ec@gmail.com<\/p>\n<\/div>\n\n\n\n<div class=\"wp-block-column is-layout-flow wp-block-column-is-layout-flow\" style=\"padding-top:var(--wp--preset--spacing--40);padding-bottom:var(--wp--preset--spacing--40)\">\n<div class=\"mapouter\"><div class=\"gmap_canvas\"><iframe loading=\"lazy\" width=\"300\" height=\"400\" id=\"gmap_canvas\" src=\"https:\/\/maps.google.com\/maps?q=Zoilo%20Rodriguez%20y%20Victor%20Vivar&#038;t=&#038;z=17&#038;ie=UTF8&#038;iwloc=&#038;output=embed\" frameborder=\"0\" scrolling=\"no\" marginheight=\"0\" marginwidth=\"0\"><\/iframe><a href=\"https:\/\/123movies-i.net\">the forever purge 123movies<\/a><br><style>.mapouter{position:relative;text-align:right;height:400px;width:300px;}<\/style><a href=\"https:\/\/www.embedgooglemap.net\"><\/a><style>.gmap_canvas {overflow:hidden;background:none!important;height:400px;width:300px;}<\/style><\/div><\/div>\n<\/div>\n<\/div>\n","protected":false},"excerpt":{"rendered":"<p>CENTRO DE CAPACITACI\u00d3N PEDERNALES, CECAPE Ciudad: Pedernales Direcci\u00f3n: V\u00eda San Vicente frente a la cancha municipal a lado de la parada de taxis del Pacifico calle L\u00f3pez Castillo. Tel\u00e9fono: 0995200991 \/ 0995200991 \/ 0997457721 Responsable: Tcnlga. Sonia Silvana B\u00f3squez Mera Correo: herbolarioancestral.ec@gmail.com the forever purge 123movies<\/p>\n","protected":false},"author":1,"featured_media":0,"parent":0,"menu_order":0,"comment_status":"closed","ping_status":"closed","template":"","meta":{"site-sidebar-layout":"no-sidebar","site-content-layout":"plain-container","ast-global-header-display":"","ast-banner-title-visibility":"disabled","ast-main-header-display":"","ast-hfb-above-header-display":"","ast-hfb-below-header-display":"","ast-hfb-mobile-header-display":"","site-post-title":"","ast-breadcrumbs-content":"","ast-featured-img":"","footer-sml-layout":"","theme-transparent-header-meta":"","adv-header-id-meta":"","stick-header-meta":"","header-above-stick-meta":"","header-main-stick-meta":"","header-below-stick-meta":"","footnotes":""},"class_list":["post-1508","page","type-page","status-publish","hentry"],"_links":{"self":[{"href":"https:\/\/institutolosandes.edu.ec\/index.php\/wp-json\/wp\/v2\/pages\/1508","targetHints":{"allow":["GET"]}}],"collection":[{"href":"https:\/\/institutolosandes.edu.ec\/index.php\/wp-json\/wp\/v2\/pages"}],"about":[{"href":"https:\/\/institutolosandes.edu.ec\/index.php\/wp-json\/wp\/v2\/types\/page"}],"author":[{"embeddable":true,"href":"https:\/\/institutolosandes.edu.ec\/index.php\/wp-json\/wp\/v2\/users\/1"}],"replies":[{"embeddable":true,"href":"https:\/\/institutolosandes.edu.ec\/index.php\/wp-json\/wp\/v2\/comments?post=1508"}],"version-history":[{"count":19,"href":"https:\/\/institutolosandes.edu.ec\/index.php\/wp-json\/wp\/v2\/pages\/1508\/revisions"}],"predecessor-version":[{"id":2477,"href":"https:\/\/institutolosandes.edu.ec\/index.php\/wp-json\/wp\/v2\/pages\/1508\/revisions\/2477"}],"wp:attachment":[{"href":"https:\/\/institutolosandes.edu.ec\/index.php\/wp-json\/wp\/v2\/media?parent=1508"}],"curies":[{"name":"wp","href":"https:\/\/api.w.org\/{rel}","templated":true}]}}