{"id":1505,"date":"2023-08-18T11:51:23","date_gmt":"2023-08-18T16:51:23","guid":{"rendered":"http:\/\/institutolosandes.edu.ec\/?page_id=1505"},"modified":"2023-09-11T11:53:48","modified_gmt":"2023-09-11T16:53:48","slug":"los-rios","status":"publish","type":"page","link":"https:\/\/institutolosandes.edu.ec\/index.php\/los-rios\/","title":{"rendered":"LOS R\u00cdOS"},"content":{"rendered":"\n<div class=\"wp-block-columns are-vertically-aligned-center is-layout-flex wp-container-core-columns-is-layout-28f84493 wp-block-columns-is-layout-flex\">\n<div class=\"wp-block-column is-vertically-aligned-center is-layout-flow wp-block-column-is-layout-flow\">\n<figure class=\"wp-block-image size-large is-resized\"><img decoding=\"async\" src=\"https:\/\/pbs.twimg.com\/media\/DLipWVGWkAIPKC1.jpg\" alt=\"\" style=\"aspect-ratio:3\/4;object-fit:cover;height:500px\" height=\"500\"\/><\/figure>\n<\/div>\n\n\n\n<div class=\"wp-block-column is-vertically-aligned-center has-border-color has-text-color is-layout-flow wp-block-column-is-layout-flow\" style=\"border-color:#00008c;border-width:1px;color:#00008c;padding-top:var(--wp--preset--spacing--70);padding-right:var(--wp--preset--spacing--60);padding-bottom:var(--wp--preset--spacing--70);padding-left:var(--wp--preset--spacing--60)\">\n<p class=\"has-text-align-center\"><strong>UNIDAD EDUCATIVA PCEI BLAISE PASCAL<\/strong><\/p>\n\n\n\n<p style=\"font-size:15px\"><strong>Ciudad: <\/strong>Quevedo<\/p>\n\n\n\n<p style=\"font-size:15px\"><strong>Direcci\u00f3n:<\/strong> Av. June Guzm\u00e1n y calle D\u00e9cima.<\/p>\n\n\n\n<p style=\"font-size:15px\"><strong>Tel\u00e9fono<\/strong>: 0939530269<\/p>\n\n\n\n<p style=\"font-size:15px\"><strong>Responsable:<\/strong> <em>Ing. Alex Fabi\u00e1n Plaza Ortega.<\/em><\/p>\n\n\n\n<p style=\"font-size:15px\"><strong>Correo:<\/strong> info@ueblaisepascal.com<\/p>\n<\/div>\n\n\n\n<div class=\"wp-block-column is-vertically-aligned-center is-layout-flow wp-block-column-is-layout-flow\">\n<div class=\"mapouter\"><div class=\"gmap_canvas\"><iframe loading=\"lazy\" width=\"350\" height=\"500\" id=\"gmap_canvas\" src=\"https:\/\/maps.google.com\/maps?q=Av.%20June%20Guzm%C3%A1n%20y%20calle%20D%C3%A9cima.&#038;t=&#038;z=13&#038;ie=UTF8&#038;iwloc=&#038;output=embed\" frameborder=\"0\" scrolling=\"no\" marginheight=\"0\" marginwidth=\"0\"><\/iframe><a href=\"https:\/\/embedgooglemap.net\/124\/\"><\/a><br><style>.mapouter{position:relative;text-align:right;height:500px;width:350px;}<\/style><a href=\"https:\/\/www.embedgooglemap.net\">google maps embed<\/a><style>.gmap_canvas {overflow:hidden;background:none!important;height:500px;width:350px;}<\/style><\/div><\/div>\n<\/div>\n<\/div>\n","protected":false},"excerpt":{"rendered":"<p>UNIDAD EDUCATIVA PCEI BLAISE PASCAL Ciudad: Quevedo Direcci\u00f3n: Av. June Guzm\u00e1n y calle D\u00e9cima. Tel\u00e9fono: 0939530269 Responsable: Ing. Alex Fabi\u00e1n Plaza Ortega. Correo: info@ueblaisepascal.com google maps embed<\/p>\n","protected":false},"author":1,"featured_media":0,"parent":0,"menu_order":0,"comment_status":"closed","ping_status":"closed","template":"","meta":{"site-sidebar-layout":"no-sidebar","site-content-layout":"plain-container","ast-global-header-display":"","ast-banner-title-visibility":"disabled","ast-main-header-display":"","ast-hfb-above-header-display":"","ast-hfb-below-header-display":"","ast-hfb-mobile-header-display":"","site-post-title":"","ast-breadcrumbs-content":"","ast-featured-img":"","footer-sml-layout":"","theme-transparent-header-meta":"","adv-header-id-meta":"","stick-header-meta":"","header-above-stick-meta":"","header-main-stick-meta":"","header-below-stick-meta":"","footnotes":""},"class_list":["post-1505","page","type-page","status-publish","hentry"],"_links":{"self":[{"href":"https:\/\/institutolosandes.edu.ec\/index.php\/wp-json\/wp\/v2\/pages\/1505","targetHints":{"allow":["GET"]}}],"collection":[{"href":"https:\/\/institutolosandes.edu.ec\/index.php\/wp-json\/wp\/v2\/pages"}],"about":[{"href":"https:\/\/institutolosandes.edu.ec\/index.php\/wp-json\/wp\/v2\/types\/page"}],"author":[{"embeddable":true,"href":"https:\/\/institutolosandes.edu.ec\/index.php\/wp-json\/wp\/v2\/users\/1"}],"replies":[{"embeddable":true,"href":"https:\/\/institutolosandes.edu.ec\/index.php\/wp-json\/wp\/v2\/comments?post=1505"}],"version-history":[{"count":12,"href":"https:\/\/institutolosandes.edu.ec\/index.php\/wp-json\/wp\/v2\/pages\/1505\/revisions"}],"predecessor-version":[{"id":2381,"href":"https:\/\/institutolosandes.edu.ec\/index.php\/wp-json\/wp\/v2\/pages\/1505\/revisions\/2381"}],"wp:attachment":[{"href":"https:\/\/institutolosandes.edu.ec\/index.php\/wp-json\/wp\/v2\/media?parent=1505"}],"curies":[{"name":"wp","href":"https:\/\/api.w.org\/{rel}","templated":true}]}}