{"id":1502,"date":"2023-08-18T11:46:07","date_gmt":"2023-08-18T16:46:07","guid":{"rendered":"http:\/\/institutolosandes.edu.ec\/?page_id=1502"},"modified":"2023-09-11T11:49:13","modified_gmt":"2023-09-11T16:49:13","slug":"pichincha","status":"publish","type":"page","link":"https:\/\/institutolosandes.edu.ec\/index.php\/pichincha\/","title":{"rendered":"PICHINCHA"},"content":{"rendered":"\n<div class=\"wp-block-columns is-layout-flex wp-container-core-columns-is-layout-28f84493 wp-block-columns-is-layout-flex\">\n<div class=\"wp-block-column is-vertically-aligned-center is-layout-flow wp-block-column-is-layout-flow\">\n<figure class=\"wp-block-image aligncenter size-large is-resized has-custom-border\"><img decoding=\"async\" src=\"https:\/\/static.wixstatic.com\/media\/1e7ce1_11e000efd4cd4d2a9e0d68e70eb8b415~mv2.jpg\/v1\/fill\/w_640,h_480,al_c,q_80,usm_0.66_1.00_0.01,enc_auto\/1e7ce1_11e000efd4cd4d2a9e0d68e70eb8b415~mv2.jpg\" alt=\"\" style=\"border-style:none;border-width:0px;border-radius:0px;aspect-ratio:2\/3;object-fit:cover;height:500px\" height=\"500\"\/><\/figure>\n<\/div>\n\n\n\n<div class=\"wp-block-column has-border-color has-text-color is-layout-flow wp-block-column-is-layout-flow\" style=\"border-color:#00008c;border-width:1px;color:#00008c;padding-top:var(--wp--preset--spacing--50);padding-right:var(--wp--preset--spacing--60);padding-bottom:var(--wp--preset--spacing--50);padding-left:var(--wp--preset--spacing--60)\">\n<p class=\"has-text-align-center\" style=\"font-size:16px\"><strong>CENTRO DE CAPACITACI\u00d3N FORMACI\u00d3N EXPONENCIAL<\/strong><\/p>\n\n\n\n<p style=\"font-size:15px\"><strong>Ciudad:<\/strong> Quito<\/p>\n\n\n\n<p style=\"font-size:15px\"><strong>Direcci\u00f3n: <\/strong>Melchor Loriega N36-133 y Ma\u00f1osca<\/p>\n\n\n\n<p style=\"font-size:15px\"><strong>Tel\u00e9fonos:<\/strong> 0999753896 \/ 0960612832 \/ 0964182767<\/p>\n\n\n\n<p style=\"font-size:15px\"><strong>Responsable:<\/strong> <em>Sr. Jaime Benalc\u00e1zar P\u00e1ez<\/em><\/p>\n\n\n\n<p style=\"font-size:15px\"><strong>Correo:<\/strong> jaimealfredobenalcazar@gmail.com<\/p>\n<\/div>\n\n\n\n<div class=\"wp-block-column is-layout-flow wp-block-column-is-layout-flow\">\n<div class=\"wp-block-columns is-layout-flex wp-container-core-columns-is-layout-28f84493 wp-block-columns-is-layout-flex\">\n<div class=\"wp-block-column is-layout-flow wp-block-column-is-layout-flow\">\n<div class=\"mapouter\"><div class=\"gmap_canvas\"><iframe loading=\"lazy\" width=\"350\" height=\"500\" id=\"gmap_canvas\" src=\"https:\/\/maps.google.com\/maps?q=Melchor%20Loriega%20N36-133%20y%20Ma%C3%B1osca&#038;t=&#038;z=13&#038;ie=UTF8&#038;iwloc=&#038;output=embed\" frameborder=\"0\" scrolling=\"no\" marginheight=\"0\" marginwidth=\"0\"><\/iframe><a href=\"https:\/\/embedgooglemap.net\/124\/\"><\/a><br><style>.mapouter{position:relative;text-align:right;height:500px;width:350px;}<\/style><a href=\"https:\/\/www.embedgooglemap.net\">google maps embed<\/a><style>.gmap_canvas {overflow:hidden;background:none!important;height:500px;width:350px;}<\/style><\/div><\/div>\n<\/div>\n<\/div>\n<\/div>\n<\/div>\n","protected":false},"excerpt":{"rendered":"<p>CENTRO DE CAPACITACI\u00d3N FORMACI\u00d3N EXPONENCIAL Ciudad: Quito Direcci\u00f3n: Melchor Loriega N36-133 y Ma\u00f1osca Tel\u00e9fonos: 0999753896 \/ 0960612832 \/ 0964182767 Responsable: Sr. Jaime Benalc\u00e1zar P\u00e1ez Correo: jaimealfredobenalcazar@gmail.com google maps embed<\/p>\n","protected":false},"author":1,"featured_media":0,"parent":0,"menu_order":0,"comment_status":"closed","ping_status":"closed","template":"","meta":{"site-sidebar-layout":"no-sidebar","site-content-layout":"plain-container","ast-global-header-display":"","ast-banner-title-visibility":"disabled","ast-main-header-display":"","ast-hfb-above-header-display":"","ast-hfb-below-header-display":"","ast-hfb-mobile-header-display":"","site-post-title":"","ast-breadcrumbs-content":"","ast-featured-img":"","footer-sml-layout":"","theme-transparent-header-meta":"","adv-header-id-meta":"","stick-header-meta":"","header-above-stick-meta":"","header-main-stick-meta":"","header-below-stick-meta":"","footnotes":""},"class_list":["post-1502","page","type-page","status-publish","hentry"],"_links":{"self":[{"href":"https:\/\/institutolosandes.edu.ec\/index.php\/wp-json\/wp\/v2\/pages\/1502","targetHints":{"allow":["GET"]}}],"collection":[{"href":"https:\/\/institutolosandes.edu.ec\/index.php\/wp-json\/wp\/v2\/pages"}],"about":[{"href":"https:\/\/institutolosandes.edu.ec\/index.php\/wp-json\/wp\/v2\/types\/page"}],"author":[{"embeddable":true,"href":"https:\/\/institutolosandes.edu.ec\/index.php\/wp-json\/wp\/v2\/users\/1"}],"replies":[{"embeddable":true,"href":"https:\/\/institutolosandes.edu.ec\/index.php\/wp-json\/wp\/v2\/comments?post=1502"}],"version-history":[{"count":21,"href":"https:\/\/institutolosandes.edu.ec\/index.php\/wp-json\/wp\/v2\/pages\/1502\/revisions"}],"predecessor-version":[{"id":2376,"href":"https:\/\/institutolosandes.edu.ec\/index.php\/wp-json\/wp\/v2\/pages\/1502\/revisions\/2376"}],"wp:attachment":[{"href":"https:\/\/institutolosandes.edu.ec\/index.php\/wp-json\/wp\/v2\/media?parent=1502"}],"curies":[{"name":"wp","href":"https:\/\/api.w.org\/{rel}","templated":true}]}}