{"id":1496,"date":"2023-08-18T11:35:04","date_gmt":"2023-08-18T16:35:04","guid":{"rendered":"http:\/\/institutolosandes.edu.ec\/?page_id=1496"},"modified":"2023-09-11T11:42:00","modified_gmt":"2023-09-11T16:42:00","slug":"napo","status":"publish","type":"page","link":"https:\/\/institutolosandes.edu.ec\/index.php\/napo\/","title":{"rendered":"NAPO"},"content":{"rendered":"\n<p><\/p>\n\n\n\n<div class=\"wp-block-columns is-layout-flex wp-container-core-columns-is-layout-28f84493 wp-block-columns-is-layout-flex\">\n<div class=\"wp-block-column is-layout-flow wp-block-column-is-layout-flow\">\n<figure class=\"wp-block-image size-large has-custom-border\"><img decoding=\"async\" src=\"https:\/\/img.goraymi.com\/2019\/12\/05\/5cfd0747712e246f9305d000a641a437_xl.jpg\" alt=\"\" style=\"border-style:none;border-width:0px;border-radius:0px;aspect-ratio:2\/3;object-fit:cover\"\/><\/figure>\n<\/div>\n\n\n\n<div class=\"wp-block-column has-border-color has-text-color is-layout-flow wp-block-column-is-layout-flow\" style=\"border-color:#00008c;border-width:1px;color:#00008c;padding-top:var(--wp--preset--spacing--20);padding-right:var(--wp--preset--spacing--40);padding-bottom:var(--wp--preset--spacing--20);padding-left:var(--wp--preset--spacing--40)\">\n<p class=\"has-text-align-center\" style=\"font-size:16px\"><strong>CENTRO DE CAPACITACI\u00d3N PROFESIONAL INTERNACIONAL AMERICANO<\/strong><\/p>\n\n\n\n<p style=\"font-size:15px\"><strong>Ciudad<\/strong>: Tena<\/p>\n\n\n\n<p style=\"font-size:15px\"><strong>Direcci\u00f3n: <\/strong>Barrio Eloy Alfaro detr\u00e1s de la Iglesia Virgen del Cisne.<\/p>\n\n\n\n<p style=\"font-size:15px\"><strong>Tel\u00e9fonos:<\/strong> 0997792345 &#8211; 0989999300<\/p>\n\n\n\n<p style=\"font-size:15px\"><strong>Responsables: <\/strong><em>Sra. Samy Steffany Mestanza Maldonado y Patricio Molina Bastidas.<\/em><\/p>\n\n\n\n<p style=\"font-size:15px\"><strong>Correo:<\/strong> capacitacionamericano2021@gmail.com<\/p>\n<\/div>\n\n\n\n<div class=\"wp-block-column is-layout-flow wp-block-column-is-layout-flow\">\n<div class=\"mapouter\"><div class=\"gmap_canvas\"><iframe loading=\"lazy\" width=\"350\" height=\"500\" id=\"gmap_canvas\" src=\"https:\/\/maps.google.com\/maps?q=INFOCENTRO%20BARRIO%20ELOY%20ALFARO%20NAPO&#038;t=&#038;z=13&#038;ie=UTF8&#038;iwloc=&#038;output=embed\" frameborder=\"0\" scrolling=\"no\" marginheight=\"0\" marginwidth=\"0\"><\/iframe><a href=\"https:\/\/embedgooglemap.net\/124\/\"><\/a><br><style>.mapouter{position:relative;text-align:right;height:500px;width:350px;}<\/style><a href=\"https:\/\/www.embedgooglemap.net\">google maps embed<\/a><style>.gmap_canvas {overflow:hidden;background:none!important;height:500px;width:350px;}<\/style><\/div><\/div>\n<\/div>\n<\/div>\n","protected":false},"excerpt":{"rendered":"<p>CENTRO DE CAPACITACI\u00d3N PROFESIONAL INTERNACIONAL AMERICANO Ciudad: Tena Direcci\u00f3n: Barrio Eloy Alfaro detr\u00e1s de la Iglesia Virgen del Cisne. Tel\u00e9fonos: 0997792345 &#8211; 0989999300 Responsables: Sra. Samy Steffany Mestanza Maldonado y Patricio Molina Bastidas. Correo: capacitacionamericano2021@gmail.com google maps embed<\/p>\n","protected":false},"author":1,"featured_media":0,"parent":0,"menu_order":0,"comment_status":"closed","ping_status":"closed","template":"","meta":{"site-sidebar-layout":"no-sidebar","site-content-layout":"plain-container","ast-global-header-display":"","ast-banner-title-visibility":"disabled","ast-main-header-display":"","ast-hfb-above-header-display":"","ast-hfb-below-header-display":"","ast-hfb-mobile-header-display":"","site-post-title":"","ast-breadcrumbs-content":"","ast-featured-img":"","footer-sml-layout":"","theme-transparent-header-meta":"","adv-header-id-meta":"","stick-header-meta":"","header-above-stick-meta":"","header-main-stick-meta":"","header-below-stick-meta":"","footnotes":""},"class_list":["post-1496","page","type-page","status-publish","hentry"],"_links":{"self":[{"href":"https:\/\/institutolosandes.edu.ec\/index.php\/wp-json\/wp\/v2\/pages\/1496","targetHints":{"allow":["GET"]}}],"collection":[{"href":"https:\/\/institutolosandes.edu.ec\/index.php\/wp-json\/wp\/v2\/pages"}],"about":[{"href":"https:\/\/institutolosandes.edu.ec\/index.php\/wp-json\/wp\/v2\/types\/page"}],"author":[{"embeddable":true,"href":"https:\/\/institutolosandes.edu.ec\/index.php\/wp-json\/wp\/v2\/users\/1"}],"replies":[{"embeddable":true,"href":"https:\/\/institutolosandes.edu.ec\/index.php\/wp-json\/wp\/v2\/comments?post=1496"}],"version-history":[{"count":19,"href":"https:\/\/institutolosandes.edu.ec\/index.php\/wp-json\/wp\/v2\/pages\/1496\/revisions"}],"predecessor-version":[{"id":2368,"href":"https:\/\/institutolosandes.edu.ec\/index.php\/wp-json\/wp\/v2\/pages\/1496\/revisions\/2368"}],"wp:attachment":[{"href":"https:\/\/institutolosandes.edu.ec\/index.php\/wp-json\/wp\/v2\/media?parent=1496"}],"curies":[{"name":"wp","href":"https:\/\/api.w.org\/{rel}","templated":true}]}}