{"id":1303,"date":"2023-08-08T17:49:52","date_gmt":"2023-08-08T22:49:52","guid":{"rendered":"http:\/\/institutolosandes.edu.ec\/?page_id=1303"},"modified":"2023-10-30T11:59:50","modified_gmt":"2023-10-30T16:59:50","slug":"tv-estudiantil","status":"publish","type":"page","link":"https:\/\/institutolosandes.edu.ec\/index.php\/tv-estudiantil\/","title":{"rendered":"TV estudiantil"},"content":{"rendered":"\n<div class=\"wp-block-group is-layout-constrained wp-block-group-is-layout-constrained\" style=\"padding-top:0;padding-bottom:0\">\n<p><strong>\u00a1Mantente informado!<\/strong><\/p>\n\n\n\n<p>\u00a1Explora el Futuro con Nuestra TV Estudiantil! Sum\u00e9rgete en el emocionante mundo de la comunicaci\u00f3n visual a trav\u00e9s de nuestra plataforma televisiva. Nuestros talentosos estudiantes son los protagonistas, creando y presentando noticieros frescos y din\u00e1micos que te mantendr\u00e1n al tanto de los acontecimientos m\u00e1s relevantes dentro y fuera de nuestra instituci\u00f3n. \u00a1Prep\u00e1rate para una experiencia visual \u00fanica y enriquecedora mientras los l\u00edderes del ma\u00f1ana toman el escenario en nuestra TV Digital!<\/p>\n<\/div>\n\n\n\n<figure class=\"wp-block-embed aligncenter is-type-video is-provider-youtube wp-block-embed-youtube wp-embed-aspect-16-9 wp-has-aspect-ratio\" style=\"margin-top:var(--wp--preset--spacing--60);margin-right:0;margin-bottom:var(--wp--preset--spacing--60);margin-left:0\"><div class=\"wp-block-embed__wrapper\">\n<div class=\"ast-oembed-container\" style=\"height: 100%;\"><iframe loading=\"lazy\" title=\"Noticiero NotiAndes Edici\u00f3n 10. Lunes, 08 de noviembre de 2021\" width=\"500\" height=\"281\" src=\"https:\/\/www.youtube.com\/embed\/r7JpaunQ2do?feature=oembed\" frameborder=\"0\" allow=\"accelerometer; autoplay; clipboard-write; encrypted-media; gyroscope; picture-in-picture; web-share\" referrerpolicy=\"strict-origin-when-cross-origin\" allowfullscreen><\/iframe><\/div>\n<\/div><\/figure>\n","protected":false},"excerpt":{"rendered":"<p>\u00a1Mantente informado! \u00a1Explora el Futuro con Nuestra TV Estudiantil! Sum\u00e9rgete en el emocionante mundo de la comunicaci\u00f3n visual a trav\u00e9s de nuestra plataforma televisiva. Nuestros talentosos estudiantes son los protagonistas, creando y presentando noticieros frescos y din\u00e1micos que te mantendr\u00e1n al tanto de los acontecimientos m\u00e1s relevantes dentro y fuera de nuestra instituci\u00f3n. \u00a1Prep\u00e1rate para &hellip;<\/p>\n<p class=\"read-more\"> <a class=\"\" href=\"https:\/\/institutolosandes.edu.ec\/index.php\/tv-estudiantil\/\"> <span class=\"screen-reader-text\">TV estudiantil<\/span> Leer m\u00e1s &raquo;<\/a><\/p>\n","protected":false},"author":1,"featured_media":0,"parent":0,"menu_order":0,"comment_status":"closed","ping_status":"closed","template":"","meta":{"site-sidebar-layout":"no-sidebar","site-content-layout":"plain-container","ast-global-header-display":"disabled","ast-banner-title-visibility":"disabled","ast-main-header-display":"","ast-hfb-above-header-display":"","ast-hfb-below-header-display":"","ast-hfb-mobile-header-display":"","site-post-title":"","ast-breadcrumbs-content":"","ast-featured-img":"","footer-sml-layout":"","theme-transparent-header-meta":"","adv-header-id-meta":"","stick-header-meta":"","header-above-stick-meta":"","header-main-stick-meta":"","header-below-stick-meta":"","footnotes":""},"class_list":["post-1303","page","type-page","status-publish","hentry"],"_links":{"self":[{"href":"https:\/\/institutolosandes.edu.ec\/index.php\/wp-json\/wp\/v2\/pages\/1303","targetHints":{"allow":["GET"]}}],"collection":[{"href":"https:\/\/institutolosandes.edu.ec\/index.php\/wp-json\/wp\/v2\/pages"}],"about":[{"href":"https:\/\/institutolosandes.edu.ec\/index.php\/wp-json\/wp\/v2\/types\/page"}],"author":[{"embeddable":true,"href":"https:\/\/institutolosandes.edu.ec\/index.php\/wp-json\/wp\/v2\/users\/1"}],"replies":[{"embeddable":true,"href":"https:\/\/institutolosandes.edu.ec\/index.php\/wp-json\/wp\/v2\/comments?post=1303"}],"version-history":[{"count":14,"href":"https:\/\/institutolosandes.edu.ec\/index.php\/wp-json\/wp\/v2\/pages\/1303\/revisions"}],"predecessor-version":[{"id":2684,"href":"https:\/\/institutolosandes.edu.ec\/index.php\/wp-json\/wp\/v2\/pages\/1303\/revisions\/2684"}],"wp:attachment":[{"href":"https:\/\/institutolosandes.edu.ec\/index.php\/wp-json\/wp\/v2\/media?parent=1303"}],"curies":[{"name":"wp","href":"https:\/\/api.w.org\/{rel}","templated":true}]}}