{"id":1027,"date":"2023-08-04T16:23:36","date_gmt":"2023-08-04T21:23:36","guid":{"rendered":"http:\/\/institutolosandes.edu.ec\/?page_id=1027"},"modified":"2023-10-30T12:28:45","modified_gmt":"2023-10-30T17:28:45","slug":"homologacion","status":"publish","type":"page","link":"https:\/\/institutolosandes.edu.ec\/index.php\/homologacion\/","title":{"rendered":"Homologaci\u00f3n"},"content":{"rendered":"\n<h3 class=\"wp-block-heading alignwide has-text-align-center\"><strong>HOMOLOGACI\u00d3N DE EXPERIENCIA PROFESIONAL<\/strong><\/h3>\n\n\n\n<h3 class=\"wp-block-heading alignwide has-text-align-center\"><strong>PREGUNTAS FRECUENTES.<\/strong><\/h3>\n\n\n\n<div class=\"wp-block-media-text alignwide has-media-on-the-right is-stacked-on-mobile is-image-fill\" style=\"margin-top:var(--wp--preset--spacing--20);margin-bottom:var(--wp--preset--spacing--20);padding-top:0;padding-right:var(--wp--preset--spacing--20);padding-bottom:0;padding-left:var(--wp--preset--spacing--20);grid-template-columns:auto 47%\"><div class=\"wp-block-media-text__content\">\n<h4 class=\"wp-block-heading has-text-color\" style=\"color:#2d8e00\"><strong>\u00bfQui\u00e9nes pueden aplicar?<\/strong><\/h4>\n\n\n\n<p style=\"font-size:15px\">Todas las personas que han laborado sea en instituci\u00f3n p\u00fablica, privada o emprendimiento, que tienen un perfil af\u00edn a alguna de las carreras que oferta actualmente el Instituto.<\/p>\n\n\n\n<h4 class=\"wp-block-heading has-text-color\" style=\"color:#2d8e00\"><strong>\u00bfQu\u00e9 carreras se pueden homologar?<\/strong><\/h4>\n\n\n\n<ol class=\"wp-block-list\">\n<li style=\"font-size:15px\">Audiovisual<\/li>\n\n\n\n<li style=\"font-size:15px\">Turismo<\/li>\n\n\n\n<li style=\"font-size:15px\">Desarrollo de Software<\/li>\n\n\n\n<li style=\"font-size:15px\">Secretariado Ejecutivo<\/li>\n\n\n\n<li style=\"font-size:15px\">Administraci\u00f3n y Gesti\u00f3n de Cartera<\/li>\n\n\n\n<li style=\"font-size:15px\">Marketing y Comercio Electr\u00f3nico<\/li>\n\n\n\n<li style=\"font-size:15px\">Asistencia Pedag\u00f3gica<\/li>\n<\/ol>\n<\/div><figure class=\"wp-block-media-text__media\" style=\"background-image:url(http:\/\/institutolosandes.edu.ec\/wp-content\/uploads\/2023\/07\/ESTUDIAR-GRANDE.png);background-position:50% 50%\"><img loading=\"lazy\" decoding=\"async\" width=\"675\" height=\"520\" src=\"http:\/\/institutolosandes.edu.ec\/wp-content\/uploads\/2023\/07\/ESTUDIAR-GRANDE.png\" alt=\"\" class=\"wp-image-234 size-full\"\/><\/figure><\/div>\n\n\n\n<div class=\"wp-block-columns alignwide has-background is-layout-flex wp-container-core-columns-is-layout-6ba206b6 wp-block-columns-is-layout-flex\" style=\"background-color:#faf7ffb3;padding-top:var(--wp--preset--spacing--40);padding-bottom:var(--wp--preset--spacing--40)\">\n<div class=\"wp-block-column is-layout-flow wp-block-column-is-layout-flow\">\n<h3 class=\"wp-block-heading has-text-color\" style=\"color:#2d8e00;padding-right:0;padding-left:0\"><strong>\u00bfQu\u00e9 documentos se deben presentar?<\/strong><\/h3>\n\n\n\n<ol class=\"wp-block-list\" style=\"margin-right:0;margin-left:0\">\n<li style=\"font-size:15px\">Declaraci\u00f3n juramentada de responsabilidad por los documentos enviados (solicitar al Centro de informaci\u00f3n de su provincia);<\/li>\n\n\n\n<li style=\"font-size:15px\">Oficio dirigido a la Rectora Sra. Mgs. Mariel Minga Mendieta solicitando se recepte la documentaci\u00f3n (solicitar formato al Centro de informaci\u00f3n de su provincia);<\/li>\n\n\n\n<li style=\"font-size:15px\">Hoja de Datos Informativos (Una hoja)<br>a. Foto tama\u00f1o carnet a color<br>b. Nombres completos<br>c. Fecha de Nacimiento<br>d. Lugar de Nacimiento<br>e. Correo electr\u00f3nico<br>f. Nro. de celular<br>g. Nro. fijo<br>h. Contacto (alg\u00fan familiar cercano)<br>i. Nro. de celular<\/li>\n\n\n\n<li style=\"font-size:15px\">Documentos personales a color (c\u00e9dula y certificado de votaci\u00f3n);<\/li>\n\n\n\n<li style=\"font-size:15px\">Copia notariada de t\u00edtulo de bachiller;<\/li>\n\n\n\n<li style=\"font-size:15px\">Certificados notariados de trabajar en el \u00e1rea mayor a tres a\u00f1os;<\/li>\n\n\n\n<li style=\"font-size:15px\">Certificados notariados de aportes al IESS de la empresa o instituci\u00f3n en la que ha laborado;<\/li>\n\n\n\n<li style=\"font-size:15px\">En caso de no tener aportes al IESS, Certificado laboral y\/o RUC de la empresa en la que ha prestado los servicios durante los \u00faltimos cinco a\u00f1os (realizar declaraci\u00f3n juramentada);<\/li>\n\n\n\n<li style=\"font-size:15px\">Certificados notariados de cursos realizados en los \u00faltimos cinco a\u00f1os en el \u00e1rea (No Indispensable).<\/li>\n<\/ol>\n<\/div>\n<\/div>\n\n\n\n<div class=\"wp-block-media-text alignwide is-stacked-on-mobile is-image-fill\" style=\"padding-right:var(--wp--preset--spacing--30);padding-left:var(--wp--preset--spacing--30)\"><figure class=\"wp-block-media-text__media\" style=\"background-image:url(http:\/\/institutolosandes.edu.ec\/wp-content\/uploads\/2023\/07\/SECRETARIA-3.jpg);background-position:50% 50%\"><img loading=\"lazy\" decoding=\"async\" width=\"1382\" height=\"922\" src=\"http:\/\/institutolosandes.edu.ec\/wp-content\/uploads\/2023\/07\/SECRETARIA-3.jpg\" alt=\"\" class=\"wp-image-589 size-full\"\/><\/figure><div class=\"wp-block-media-text__content\">\n<h4 class=\"wp-block-heading has-text-color\" style=\"color:#2d8e00\"><strong>\u00bfD\u00f3nde entrego la documentaci\u00f3n?<\/strong><\/h4>\n\n\n\n<p style=\"font-size:15px\">La documentaci\u00f3n la puede entregar en el Centro de Informaci\u00f3n de su provincia.<\/p>\n\n\n\n<h4 class=\"wp-block-heading has-text-color\" style=\"color:#2d8e00\"><strong>\u00bfCu\u00e1l es la inversi\u00f3n?<\/strong><\/h4>\n\n\n\n<p style=\"font-size:15px\">La inversi\u00f3n total es de tres mil d\u00f3lares americanos (USD 3000,00),<\/p>\n\n\n\n<h4 class=\"wp-block-heading has-text-color\" style=\"color:#2d8e00\"><strong>\u00bfCu\u00e1ndo inicia el proceso de homologaci\u00f3n?<\/strong><\/h4>\n\n\n\n<p style=\"font-size:15px\">El proceso es inmediato. La respuesta se realiza en cinco d\u00edas laborables luego de la presentaci\u00f3n de los documentos.<\/p>\n<\/div><\/div>\n\n\n\n<div class=\"wp-block-columns alignwide has-background is-layout-flex wp-container-core-columns-is-layout-7abde1fe wp-block-columns-is-layout-flex\" style=\"background-color:#faf7ffa1;padding-top:var(--wp--preset--spacing--40);padding-bottom:var(--wp--preset--spacing--40)\">\n<div class=\"wp-block-column is-layout-flow wp-block-column-is-layout-flow\">\n<h3 class=\"wp-block-heading alignwide has-text-color\" style=\"color:#2d8e00\"><strong>\u00bfCu\u00e1l es el proceso?<\/strong><\/h3>\n\n\n\n<ol class=\"wp-block-list\">\n<li style=\"font-size:15px\">Se revisa y verifica la documentaci\u00f3n enviada por el alumno y se le indica los ciclos que deber\u00e1 cursar y aprobar;<\/li>\n\n\n\n<li style=\"font-size:15px\">El estudiante realiza el pago respectivo;<\/li>\n\n\n\n<li style=\"font-size:15px\">Se le env\u00eda al estudiante ficha socioecon\u00f3mica y psicol\u00f3gica para ser llenadas;<\/li>\n\n\n\n<li style=\"font-size:15px\">Se procede a legalizar la matr\u00edcula y se le remite un mensaje de correo indicando credenciales, fechas de capacitaci\u00f3n y horarios de clases;<\/li>\n\n\n\n<li style=\"font-size:15px\">Se habilita la plataforma con los contenidos y actividades a realizar;<\/li>\n\n\n\n<li style=\"font-size:15px\">Una vez concluido el ciclo o ciclos asignados, el estudiante deber\u00e1 presentar adem\u00e1s las certificaciones de aprobaci\u00f3n del nivel de ingl\u00e9s, de egresado y de pr\u00e1cticas preprofesionales.<\/li>\n<\/ol>\n<\/div>\n<\/div>\n\n\n\n<div class=\"wp-block-columns alignwide is-layout-flex wp-container-core-columns-is-layout-8d88fe0f wp-block-columns-is-layout-flex\" style=\"padding-top:var(--wp--preset--spacing--20);padding-bottom:var(--wp--preset--spacing--20)\">\n<div class=\"wp-block-column is-layout-flow wp-block-column-is-layout-flow\">\n<h3 class=\"wp-block-heading has-text-color\" style=\"color:#2d8e00\"><strong>\u00bfQu\u00e9 opciones hay para graduarse?<\/strong><\/h3>\n\n\n\n<p style=\"font-size:15px\">El trabajo de grado se elige en el \u00faltimo ciclo y puede ser:<\/p>\n\n\n\n<ol class=\"has-background wp-block-list\" style=\"background-color:#faf7ffdb\">\n<li style=\"font-size:15px\">Examen complexivo, en este caso se dispone fecha y hora.<\/li>\n\n\n\n<li style=\"font-size:15px\">Trabajo de titulaci\u00f3n, en este caso se procede a la asignaci\u00f3n de tribunal;<\/li>\n<\/ol>\n<\/div>\n\n\n\n<div class=\"wp-block-column is-layout-flow wp-block-column-is-layout-flow\">\n<h3 class=\"wp-block-heading has-text-color\" style=\"color:#2d8e00\"><strong>\u00bfD\u00f3nde se lleva adelante la graduaci\u00f3n?<\/strong><\/h3>\n\n\n\n<p style=\"font-size:15px\">El acto de graduaci\u00f3n es opcional y se puede llevar acabo cinco d\u00edas despu\u00e9s de cumplir con la aptitud legal en nuestras instalaciones o en el Centro de informaci\u00f3n de su provincia (o el m\u00e1s cercano).<\/p>\n<\/div>\n<\/div>\n\n\n\n<h3 class=\"wp-block-heading has-text-color\" style=\"color:#2d8e00\"><strong>Informaci\u00f3n &amp; Malla Curricular de acuerdo a cada carrera. <\/strong><\/h3>\n\n\n\n<div class=\"inherit-container-width wp-block-group is-layout-constrained wp-block-group-is-layout-constrained\" style=\"margin-top:var(--wp--preset--spacing--20);margin-bottom:var(--wp--preset--spacing--20);padding-top:var(--wp--preset--spacing--20);padding-bottom:var(--wp--preset--spacing--20)\">\n<!-- UberMenu [Configuration:homologacion] [Theme Loc:] [Integration:api] -->\n<button class=\"ubermenu-responsive-toggle ubermenu-responsive-toggle-homologacion ubermenu-skin-blue-silver ubermenu-loc- ubermenu-responsive-toggle-content-align-left ubermenu-responsive-toggle-align-full \" tabindex=\"0\" data-ubermenu-target=\"ubermenu-homologacion-18\"><i class=\"fas fa-bars\" ><\/i>Menu<\/button><nav id=\"ubermenu-homologacion-18\" class=\"ubermenu ubermenu-nojs ubermenu-homologacion ubermenu-menu-18 ubermenu-responsive ubermenu-responsive-default ubermenu-responsive-collapse ubermenu-vertical ubermenu-transition-shift ubermenu-trigger-hover_intent ubermenu-skin-blue-silver ubermenu-has-border ubermenu-bar-align-full ubermenu-items-align-auto ubermenu-bound ubermenu-disable-submenu-scroll ubermenu-sub-indicators ubermenu-retractors-responsive ubermenu-submenu-indicator-closes\"><ul id=\"ubermenu-nav-homologacion-18\" class=\"ubermenu-nav\" data-title=\"Homologacion\"><li id=\"menu-item-1132\" class=\"ubermenu-item ubermenu-item-type-custom ubermenu-item-object-custom ubermenu-item-1132 ubermenu-item-level-0 ubermenu-column ubermenu-column-auto\" ><a class=\"ubermenu-target menu-link ubermenu-item-layout-default ubermenu-item-layout-text_only\" href=\"http:\/\/institutolosandes.edu.ec\/wp-content\/uploads\/2023\/08\/TURISMO-copia.pdf\" tabindex=\"0\"><span class=\"ubermenu-target-title ubermenu-target-text\">Turismo<\/span><\/a><\/li><li id=\"menu-item-1133\" class=\"ubermenu-item ubermenu-item-type-custom ubermenu-item-object-custom ubermenu-item-1133 ubermenu-item-level-0 ubermenu-column ubermenu-column-auto\" ><a class=\"ubermenu-target menu-link ubermenu-item-layout-default ubermenu-item-layout-text_only\" href=\"http:\/\/institutolosandes.edu.ec\/wp-content\/uploads\/2023\/08\/SECRETARIADO-copia.pdf\" tabindex=\"0\"><span class=\"ubermenu-target-title ubermenu-target-text\">Secretariado Ejecutivo<\/span><\/a><\/li><li id=\"menu-item-1134\" class=\"ubermenu-item ubermenu-item-type-custom ubermenu-item-object-custom ubermenu-item-1134 ubermenu-item-level-0 ubermenu-column ubermenu-column-auto\" ><a class=\"ubermenu-target menu-link ubermenu-item-layout-default ubermenu-item-layout-text_only\" href=\"http:\/\/institutolosandes.edu.ec\/wp-content\/uploads\/2023\/08\/MARKETING-Y-COMERCIO-ELECTRONICO-copia.pdf\" tabindex=\"0\"><span class=\"ubermenu-target-title ubermenu-target-text\">Marketing Digital y Comercio Electr\u00f3nico<\/span><\/a><\/li><li id=\"menu-item-1135\" class=\"ubermenu-item ubermenu-item-type-custom ubermenu-item-object-custom ubermenu-item-1135 ubermenu-item-level-0 ubermenu-column ubermenu-column-auto\" ><a class=\"ubermenu-target menu-link ubermenu-item-layout-default ubermenu-item-layout-text_only\" href=\"http:\/\/institutolosandes.edu.ec\/wp-content\/uploads\/2023\/08\/Desarrollo-de-software-copia.pdf\" tabindex=\"0\"><span class=\"ubermenu-target-title ubermenu-target-text\">Desarrollo de Software<\/span><\/a><\/li><li id=\"menu-item-1136\" class=\"ubermenu-item ubermenu-item-type-custom ubermenu-item-object-custom ubermenu-item-1136 ubermenu-item-level-0 ubermenu-column ubermenu-column-auto\" ><a class=\"ubermenu-target menu-link ubermenu-item-layout-default ubermenu-item-layout-text_only\" href=\"http:\/\/institutolosandes.edu.ec\/wp-content\/uploads\/2023\/08\/AUDIOVISUAL-copia.pdf\" tabindex=\"0\"><span class=\"ubermenu-target-title ubermenu-target-text\">Audiovisual<\/span><\/a><\/li><li id=\"menu-item-1137\" class=\"ubermenu-item ubermenu-item-type-custom ubermenu-item-object-custom ubermenu-item-1137 ubermenu-item-level-0 ubermenu-column ubermenu-column-auto\" ><a class=\"ubermenu-target menu-link ubermenu-item-layout-default ubermenu-item-layout-text_only\" href=\"http:\/\/institutolosandes.edu.ec\/wp-content\/uploads\/2023\/08\/Asistencia-Pedagogica-copia.pdf\" tabindex=\"0\"><span class=\"ubermenu-target-title ubermenu-target-text\">Asistencia Pedag\u00f3gica<\/span><\/a><\/li><li id=\"menu-item-1138\" class=\"ubermenu-item ubermenu-item-type-custom ubermenu-item-object-custom ubermenu-item-1138 ubermenu-item-level-0 ubermenu-column ubermenu-column-auto\" ><a class=\"ubermenu-target menu-link ubermenu-item-layout-default ubermenu-item-layout-text_only\" href=\"http:\/\/institutolosandes.edu.ec\/wp-content\/uploads\/2023\/08\/ADMINISTRACION-Y-GESTION-DE-CARTERA-copia.pdf\" tabindex=\"0\"><span class=\"ubermenu-target-title ubermenu-target-text\">Administraci\u00f3n y Gesti\u00f3n de Cartera<\/span><\/a><\/li><\/ul><\/nav>\n<!-- End UberMenu -->\n\n<\/div>\n","protected":false},"excerpt":{"rendered":"<p>HOMOLOGACI\u00d3N DE EXPERIENCIA PROFESIONAL PREGUNTAS FRECUENTES. \u00bfQu\u00e9 documentos se deben presentar? \u00bfD\u00f3nde entrego la documentaci\u00f3n? La documentaci\u00f3n la puede entregar en el Centro de Informaci\u00f3n de su provincia. \u00bfCu\u00e1l es la inversi\u00f3n? La inversi\u00f3n total es de tres mil d\u00f3lares americanos (USD 3000,00), \u00bfCu\u00e1ndo inicia el proceso de homologaci\u00f3n? El proceso es inmediato. La respuesta &hellip;<\/p>\n<p class=\"read-more\"> <a class=\"\" href=\"https:\/\/institutolosandes.edu.ec\/index.php\/homologacion\/\"> <span class=\"screen-reader-text\">Homologaci\u00f3n<\/span> Leer m\u00e1s &raquo;<\/a><\/p>\n","protected":false},"author":1,"featured_media":0,"parent":0,"menu_order":0,"comment_status":"closed","ping_status":"closed","template":"","meta":{"site-sidebar-layout":"no-sidebar","site-content-layout":"plain-container","ast-global-header-display":"disabled","ast-banner-title-visibility":"","ast-main-header-display":"","ast-hfb-above-header-display":"","ast-hfb-below-header-display":"","ast-hfb-mobile-header-display":"","site-post-title":"disabled","ast-breadcrumbs-content":"","ast-featured-img":"","footer-sml-layout":"","theme-transparent-header-meta":"","adv-header-id-meta":"","stick-header-meta":"","header-above-stick-meta":"","header-main-stick-meta":"","header-below-stick-meta":"","footnotes":""},"class_list":["post-1027","page","type-page","status-publish","hentry"],"_links":{"self":[{"href":"https:\/\/institutolosandes.edu.ec\/index.php\/wp-json\/wp\/v2\/pages\/1027","targetHints":{"allow":["GET"]}}],"collection":[{"href":"https:\/\/institutolosandes.edu.ec\/index.php\/wp-json\/wp\/v2\/pages"}],"about":[{"href":"https:\/\/institutolosandes.edu.ec\/index.php\/wp-json\/wp\/v2\/types\/page"}],"author":[{"embeddable":true,"href":"https:\/\/institutolosandes.edu.ec\/index.php\/wp-json\/wp\/v2\/users\/1"}],"replies":[{"embeddable":true,"href":"https:\/\/institutolosandes.edu.ec\/index.php\/wp-json\/wp\/v2\/comments?post=1027"}],"version-history":[{"count":38,"href":"https:\/\/institutolosandes.edu.ec\/index.php\/wp-json\/wp\/v2\/pages\/1027\/revisions"}],"predecessor-version":[{"id":2718,"href":"https:\/\/institutolosandes.edu.ec\/index.php\/wp-json\/wp\/v2\/pages\/1027\/revisions\/2718"}],"wp:attachment":[{"href":"https:\/\/institutolosandes.edu.ec\/index.php\/wp-json\/wp\/v2\/media?parent=1027"}],"curies":[{"name":"wp","href":"https:\/\/api.w.org\/{rel}","templated":true}]}}